{"id":1693,"date":"2024-05-21T19:13:12","date_gmt":"2024-05-21T16:13:12","guid":{"rendered":"https:\/\/tammetorubbq.ee\/?post_type=product&#038;p=1693"},"modified":"2026-04-19T16:00:03","modified_gmt":"2026-04-19T13:00:03","slug":"kosmos-q-op-x1-bbq-pasta-439g","status":"publish","type":"product","link":"https:\/\/tammetorubbq.ee\/lv\/product-2\/kosmos-q-op-x1-bbq-pasta-439g\/","title":{"rendered":"Kosmo's Q OP X1 BBQ m\u0113rce 439g"},"content":{"rendered":"<p>Sast\u0101vs: cukurniedru cukurs, \u0101bolu sidra eti\u0137is, tom\u0101tu pasta, destil\u0113ts eti\u0137is, \u016bdens, melase, citronu sulas koncentr\u0101ts, vani\u013cas ekstrakts, gar\u0161vielu mais\u012bjums (s\u0101ls, paprika, an\u010do \u010dilli pulveris, kalt\u0113ti s\u012bpoli, sinepju s\u0113klas, kalt\u0113ti \u0137iploki, ingvera pulveris, dab\u012bga d\u016bmu gar\u0161a).<\/p>","protected":false},"excerpt":{"rendered":"<p>\"Nevar pieskarties citu BBQ m\u0113rci v\u0113lreiz!!!! Tas \u0146em lietas ce\u013cu uz aug\u0161u! Paldies Kosmos!\"<\/p>\n<p>OP X1 ir Kosmo's Q jaun\u0101k\u0101 BBQ m\u0113rce. T\u0101 ir saldo un pikanto gar\u0161augu un pikantu \u0161\u0137idro sast\u0101vda\u013cu mais\u012bjums, kas kop\u0101 veido drosm\u012bgu, neatk\u0101rtojamu gar\u0161u!<\/p>\n<p>OP X1 ir vispatriotisk\u0101k\u0101 m\u0113rce Kosmo Q kl\u0101st\u0101!<\/p>\n<p>Neatkar\u012bgi no t\u0101, vai mekl\u0113jat m\u0113rci sacens\u012bb\u0101m vai b\u0101rbekj\u016b, \u0161\u012b m\u0113rce ir rad\u012bta, lai uzvar\u0113tu.<\/p>\n<p>&nbsp;<\/p>\n<p><img loading=\"lazy\" decoding=\"async\" class=\"wp-image-1698\" src=\"http:\/\/tammetorubbq.ee\/wp-content\/uploads\/2024\/05\/Kosmos-Q-logo.avif\" alt=\"Kosmo Q \" width=\"144\" height=\"108\" srcset=\"https:\/\/tammetorubbq.ee\/wp-content\/uploads\/2024\/05\/Kosmos-Q-logo.avif 258w, https:\/\/tammetorubbq.ee\/wp-content\/uploads\/2024\/05\/Kosmos-Q-logo-16x12.avif 16w, https:\/\/tammetorubbq.ee\/wp-content\/uploads\/2024\/05\/Kosmos-Q-logo-64x48.avif 64w\" sizes=\"auto, (max-width: 144px) 100vw, 144px\" \/><\/p>","protected":false},"featured_media":1695,"comment_status":"open","ping_status":"closed","template":"","meta":{"_uf_show_specific_survey":0,"_uf_disable_surveys":false},"pwb-brand":[81],"product_brand":[],"product_cat":[22],"product_tag":[],"class_list":{"0":"post-1693","1":"product","2":"type-product","3":"status-publish","4":"has-post-thumbnail","6":"pwb-brand-kosmos-q","7":"product_cat-kastmed-ja-marinaadid","9":"first","10":"instock","11":"taxable","12":"shipping-taxable","13":"purchasable","14":"product-type-simple"},"brands":[{"id":81,"name":"Kosmo Q","slug":"kosmos-q"}],"_links":{"self":[{"href":"https:\/\/tammetorubbq.ee\/lv\/wp-json\/wp\/v2\/product\/1693","targetHints":{"allow":["GET"]}}],"collection":[{"href":"https:\/\/tammetorubbq.ee\/lv\/wp-json\/wp\/v2\/product"}],"about":[{"href":"https:\/\/tammetorubbq.ee\/lv\/wp-json\/wp\/v2\/types\/product"}],"replies":[{"embeddable":true,"href":"https:\/\/tammetorubbq.ee\/lv\/wp-json\/wp\/v2\/comments?post=1693"}],"wp:featuredmedia":[{"embeddable":true,"href":"https:\/\/tammetorubbq.ee\/lv\/wp-json\/wp\/v2\/media\/1695"}],"wp:attachment":[{"href":"https:\/\/tammetorubbq.ee\/lv\/wp-json\/wp\/v2\/media?parent=1693"}],"wp:term":[{"taxonomy":"pwb-brand","embeddable":true,"href":"https:\/\/tammetorubbq.ee\/lv\/wp-json\/wp\/v2\/pwb-brand?post=1693"},{"taxonomy":"product_brand","embeddable":true,"href":"https:\/\/tammetorubbq.ee\/lv\/wp-json\/wp\/v2\/product_brand?post=1693"},{"taxonomy":"product_cat","embeddable":true,"href":"https:\/\/tammetorubbq.ee\/lv\/wp-json\/wp\/v2\/product_cat?post=1693"},{"taxonomy":"product_tag","embeddable":true,"href":"https:\/\/tammetorubbq.ee\/lv\/wp-json\/wp\/v2\/product_tag?post=1693"}],"curies":[{"name":"wp","href":"https:\/\/api.w.org\/{rel}","templated":true}]}}