{"id":1699,"date":"2024-05-21T19:29:04","date_gmt":"2024-05-21T16:29:04","guid":{"rendered":"https:\/\/tammetorubbq.ee\/?post_type=product&#038;p=1699"},"modified":"2026-04-19T16:00:50","modified_gmt":"2026-04-19T13:00:50","slug":"slaps-slap-bbq-merce-468g","status":"publish","type":"product","link":"https:\/\/tammetorubbq.ee\/lv\/product-2\/slaps-slap-bbq-merce-468g\/","title":{"rendered":"Slap's Slap BBQ m\u0113rce 468g"},"content":{"rendered":"<p>Sast\u0101vs: cukurniedru cukurs, \u016bdens, melase, fruktozes-glikozes s\u012brups, glikozes s\u012brups, medus, \u0101bolu eti\u0137is, tom\u0101tu biezenis, eti\u0137is, s\u0101ls, gar\u0161vielas, \u010dilli, s\u012bpoli, \u0137iploki, karame\u013cu kr\u0101sviela.<\/p>","protected":false},"excerpt":{"rendered":"<p>Aiz visa \u0161\u012b labuma sl\u0113pjas D\u017eo P\u012brss, kur\u0161 ir ap\u0146\u0113mies dar\u012bt divas lietas un dar\u012bt t\u0101s labi - vienu triepienu un vienu m\u0113rci.<\/p>\n<p>\u012asta Kanzassitijas stila gar\u0161a - uz tom\u0101tu b\u0101zes, ar vieglu eti\u0137i un gar\u0161augu ekstraktiem.<\/p>\n<p>T\u0101 ir m\u0113rce, kas der gandr\u012bz ar jebko.<\/p>\n<p>&nbsp;<\/p>\n<p><img loading=\"lazy\" decoding=\"async\" class=\"wp-image-1700\" src=\"http:\/\/tammetorubbq.ee\/wp-content\/uploads\/2024\/05\/Logo-300x186.png\" alt=\"Slap&#039;s BBQ logotips\" width=\"168\" height=\"104\" srcset=\"https:\/\/tammetorubbq.ee\/wp-content\/uploads\/2024\/05\/Logo-300x186.png 300w, https:\/\/tammetorubbq.ee\/wp-content\/uploads\/2024\/05\/Logo-18x12.png 18w, https:\/\/tammetorubbq.ee\/wp-content\/uploads\/2024\/05\/Logo-64x40.png 64w, https:\/\/tammetorubbq.ee\/wp-content\/uploads\/2024\/05\/Logo.png 512w\" sizes=\"auto, (max-width: 168px) 100vw, 168px\" \/><\/p>","protected":false},"featured_media":1701,"comment_status":"open","ping_status":"closed","template":"","meta":{"_uf_show_specific_survey":0,"_uf_disable_surveys":false},"pwb-brand":[94],"product_brand":[],"product_cat":[22],"product_tag":[],"class_list":{"0":"post-1699","1":"product","2":"type-product","3":"status-publish","4":"has-post-thumbnail","6":"pwb-brand-slaps-bbq","7":"product_cat-kastmed-ja-marinaadid","9":"first","10":"outofstock","11":"taxable","12":"shipping-taxable","13":"purchasable","14":"product-type-simple"},"brands":[{"id":94,"name":"Slap's BBQ","slug":"slaps-bbq"}],"_links":{"self":[{"href":"https:\/\/tammetorubbq.ee\/lv\/wp-json\/wp\/v2\/product\/1699","targetHints":{"allow":["GET"]}}],"collection":[{"href":"https:\/\/tammetorubbq.ee\/lv\/wp-json\/wp\/v2\/product"}],"about":[{"href":"https:\/\/tammetorubbq.ee\/lv\/wp-json\/wp\/v2\/types\/product"}],"replies":[{"embeddable":true,"href":"https:\/\/tammetorubbq.ee\/lv\/wp-json\/wp\/v2\/comments?post=1699"}],"wp:featuredmedia":[{"embeddable":true,"href":"https:\/\/tammetorubbq.ee\/lv\/wp-json\/wp\/v2\/media\/1701"}],"wp:attachment":[{"href":"https:\/\/tammetorubbq.ee\/lv\/wp-json\/wp\/v2\/media?parent=1699"}],"wp:term":[{"taxonomy":"pwb-brand","embeddable":true,"href":"https:\/\/tammetorubbq.ee\/lv\/wp-json\/wp\/v2\/pwb-brand?post=1699"},{"taxonomy":"product_brand","embeddable":true,"href":"https:\/\/tammetorubbq.ee\/lv\/wp-json\/wp\/v2\/product_brand?post=1699"},{"taxonomy":"product_cat","embeddable":true,"href":"https:\/\/tammetorubbq.ee\/lv\/wp-json\/wp\/v2\/product_cat?post=1699"},{"taxonomy":"product_tag","embeddable":true,"href":"https:\/\/tammetorubbq.ee\/lv\/wp-json\/wp\/v2\/product_tag?post=1699"}],"curies":[{"name":"wp","href":"https:\/\/api.w.org\/{rel}","templated":true}]}}