{"id":1713,"date":"2024-05-29T16:01:49","date_gmt":"2024-05-29T13:01:49","guid":{"rendered":"https:\/\/tammetorubbq.ee\/?post_type=product&#038;p=1713"},"modified":"2026-04-15T04:00:14","modified_gmt":"2026-04-15T01:00:14","slug":"chargriller-akron-kamado-soegrill","status":"publish","type":"product","link":"https:\/\/tammetorubbq.ee\/lv\/product-2\/chargriller-akron-kamado-soegrill\/","title":{"rendered":"Char-Griller Akorn Kamado 20\u201d s\u00f6egrill"},"content":{"rendered":"<ul>\n<li>Grila re\u017e\u0123a diametrs 20\" (50,8 cm).<\/li>\n<li>CharGriller, Middleby Outdoors piedero\u0161s \u017eaketu z\u012bmols, grup\u0101 ietilpst ar\u012b Kamado Joe un Masterbuilt.<\/li>\n<li>CharGriller AKORN\u00ae Kamado og\u013cu grils ir Kamado tipa grils ar \u013coti labu cenas un kvalit\u0101tes attiec\u012bbu.<\/li>\n<li>Piem\u0113rots gan augstas, gan zemas temperat\u016bras gril\u0113\u0161anai.<\/li>\n<li>Iztur\u012bga t\u0113rauda konstrukcija ar degvielu taupo\u0161u tr\u012bsk\u0101r\u0161u izol\u0101ciju.<\/li>\n<li>Viegli, viegli manevr\u0113jami, iztur\u012bgi un ilgi kalpojo\u0161i!<\/li>\n<li>Autentiski \u010duguna grili un Easy Dump\u2122 pelnu tvertne (\u013coti viegli iz\u0146emama).<\/li>\n<li>No\u0146emams sild\u012b\u0161anas plaukts un salok\u0101mi s\u0101nu plaukti.<\/li>\n<li>Regul\u0113jami amortizatori un lieli 8\" (20 cm) blo\u0137\u0113jami rite\u0146i.<\/li>\n<li>Kop\u0113j\u0101 gatavo\u0161anas virsma: 447 kvadr\u0101tcollas (2884 cm2), galven\u0101 gatavo\u0161anas virsma: 314 kvadr\u0101tcollas (2026 cm2) + 133 kvadr\u0101tcollas (337,8 cm2).<\/li>\n<li>Pieejams meln\u0101 kr\u0101s\u0101.<\/li>\n<li>Svars: 49 kg<\/li>\n<\/ul>\n<p><iframe loading=\"lazy\" title=\"Char-Griller AKORN Kamado Grill Spotlight | Char-Griller\" width=\"500\" height=\"281\" src=\"https:\/\/www.youtube.com\/embed\/GP5uqr9B384?feature=oembed\" frameborder=\"0\" allow=\"accelerometer; autoplay; clipboard-write; encrypted-media; gyroscope; picture-in-picture; web-share\" referrerpolicy=\"strict-origin-when-cross-origin\" allowfullscreen><\/iframe><\/p>\n<p>&nbsp;<\/p>","protected":false},"excerpt":{"rendered":"<p data-start=\"160\" data-end=\"202\"><strong data-start=\"160\" data-end=\"202\">Augst\u0101k\u0101s klases kamado tipa kokog\u013cu grils par pie\u0146emamu cenu!<\/strong><\/p>\n<p data-start=\"204\" data-end=\"526\">Char-Griller Akorn Kamado ir daudzpus\u012bgs un efekt\u012bvs kamado tipa kokog\u013cu grils, kas pied\u0101v\u0101 keramikas kamado grila priek\u0161roc\u012bbas bez augstas cenas. Pateicoties tr\u012bssl\u0101\u0146u t\u0113rauda konstrukcijai, tas saglab\u0101 lielisku karstumu un nodro\u0161ina ekonomisku kokog\u013cu pat\u0113ri\u0146u - ide\u0101li piem\u0113rots gril\u0113\u0161anai, k\u016bpin\u0101\u0161anai, cep\u0161anai un grauzd\u0113\u0161anai.<\/p>\n<ul>\n<li><strong data-start=\"1336\" data-end=\"1358\">Labv\u0113l\u012bga alternat\u012bva<\/strong>: Kamado stila gril\u0113\u0161ana par da\u013cu no keramikas mode\u013cu cenas.<\/li>\n<li><strong data-start=\"1439\" data-end=\"1454\">Da\u017e\u0101di<\/strong>: Gril\u0113jiet, k\u016bpiniet, k\u016bpiniet, cepiet vai cepiet - to visu ar vienu ier\u012bci.<\/li>\n<li><strong data-start=\"1517\" data-end=\"1540\">Viegls un iztur\u012bgs<\/strong>: T\u0113rauda konstrukcija ir viegl\u0101ka un iztur\u012bg\u0101ka nek\u0101 keramikas alternat\u012bvas.<\/li>\n<li><strong data-start=\"1626\" data-end=\"1646\">Lietot\u0101jam draudz\u012bgs<\/strong>: Piem\u0113rots gan ies\u0101c\u0113jiem, gan pieredz\u0113ju\u0161iem grila meistariem.<\/li>\n<\/ul>\n<p><strong data-start=\"2237\" data-end=\"2266\">Char-Griller Akorn Kamado<\/strong> ir ide\u0101la izv\u0113le, ja v\u0113laties izbaud\u012bt grila gatavo\u0161anu, net\u0113r\u0113jot p\u0101r\u0101k daudz. Ide\u0101la izv\u0113le jebkuram m\u0101jas pav\u0101ram, kur\u0161 nov\u0113rt\u0113 gar\u0161u, efektivit\u0101ti un iztur\u012bbu.<\/p>\n<p>Kindlasti soovitame ka juurde osta <strong><a href=\"https:\/\/tammetorubbq.ee\/lv\/product-2\/char-griller-akorn-20-kamado-soegrillile-ilmastikukindel-grillikate\/\">ilmastikukindla grillikatte<\/a><\/strong> mis pakub usaldusv\u00e4\u00e4rset kaitset vihma, lume, p\u00e4ikese ja mustuse eest, pikendades grilli eluiga ning hoides selle puhtana j\u00e4rgmiseks kasutuskorraks.<\/p>\n<p><img loading=\"lazy\" decoding=\"async\" class=\"size-full wp-image-1726\" src=\"http:\/\/tammetorubbq.ee\/wp-content\/uploads\/2024\/05\/char-griller_brandmark_1x.png\" alt=\"og\u013cu grilleris\" width=\"195\" height=\"195\" srcset=\"https:\/\/tammetorubbq.ee\/wp-content\/uploads\/2024\/05\/char-griller_brandmark_1x.png 195w, https:\/\/tammetorubbq.ee\/wp-content\/uploads\/2024\/05\/char-griller_brandmark_1x-150x150.png 150w, https:\/\/tammetorubbq.ee\/wp-content\/uploads\/2024\/05\/char-griller_brandmark_1x-12x12.png 12w, https:\/\/tammetorubbq.ee\/wp-content\/uploads\/2024\/05\/char-griller_brandmark_1x-64x64.png 64w\" sizes=\"auto, (max-width: 195px) 100vw, 195px\" \/><\/p>\n<p><a href=\"https:\/\/tammetorubbq.ee\/lv\/maksajiet-velak\/\"><strong>P\u0112RCIET TAGAD, MAKS\u0100JIET V\u0112L\u0100K<\/strong><\/a>\u00a0- bez procentiem!<\/p>\n<p><img loading=\"lazy\" decoding=\"async\" class=\"alignnone wp-image-2646\" src=\"http:\/\/tammetorubbq.ee\/wp-content\/uploads\/2023\/12\/inbank-wordmark.png\" alt=\"Inbank\" width=\"164\" height=\"74\" srcset=\"https:\/\/tammetorubbq.ee\/wp-content\/uploads\/2023\/12\/inbank-wordmark.png 300w, https:\/\/tammetorubbq.ee\/wp-content\/uploads\/2023\/12\/inbank-wordmark-18x8.png 18w, https:\/\/tammetorubbq.ee\/wp-content\/uploads\/2023\/12\/inbank-wordmark-64x29.png 64w\" sizes=\"auto, (max-width: 164px) 100vw, 164px\" \/><\/p>\n<p>M\u0113s pied\u0101v\u0101jam ar\u012b iesp\u0113ju maks\u0101t v\u0113l\u0101k - vien\u0101, div\u0101s vai trij\u0101s vien\u0101d\u0101s da\u013c\u0101s bez procentiem vai papildu maksas.<\/p>\n<p>M\u016bsu iepirkumu groz\u0101 varat atrast da\u017e\u0101das maks\u0101jumu iesp\u0113jas.<\/p>","protected":false},"featured_media":1725,"comment_status":"open","ping_status":"closed","template":"","meta":{"_uf_show_specific_survey":0,"_uf_disable_surveys":false},"pwb-brand":[95],"product_brand":[],"product_cat":[169,20],"product_tag":[140,78],"class_list":{"0":"post-1713","1":"product","2":"type-product","3":"status-publish","4":"has-post-thumbnail","6":"pwb-brand-chargriller","7":"product_cat-soegrillid","8":"product_cat-kampaania","9":"product_tag-chargriller","10":"product_tag-soegrill","12":"first","13":"instock","14":"sale","15":"taxable","16":"shipping-taxable","17":"purchasable","18":"product-type-simple"},"brands":[{"id":95,"name":"CharGriller","slug":"oglskrejejs"}],"_links":{"self":[{"href":"https:\/\/tammetorubbq.ee\/lv\/wp-json\/wp\/v2\/product\/1713","targetHints":{"allow":["GET"]}}],"collection":[{"href":"https:\/\/tammetorubbq.ee\/lv\/wp-json\/wp\/v2\/product"}],"about":[{"href":"https:\/\/tammetorubbq.ee\/lv\/wp-json\/wp\/v2\/types\/product"}],"replies":[{"embeddable":true,"href":"https:\/\/tammetorubbq.ee\/lv\/wp-json\/wp\/v2\/comments?post=1713"}],"wp:featuredmedia":[{"embeddable":true,"href":"https:\/\/tammetorubbq.ee\/lv\/wp-json\/wp\/v2\/media\/1725"}],"wp:attachment":[{"href":"https:\/\/tammetorubbq.ee\/lv\/wp-json\/wp\/v2\/media?parent=1713"}],"wp:term":[{"taxonomy":"pwb-brand","embeddable":true,"href":"https:\/\/tammetorubbq.ee\/lv\/wp-json\/wp\/v2\/pwb-brand?post=1713"},{"taxonomy":"product_brand","embeddable":true,"href":"https:\/\/tammetorubbq.ee\/lv\/wp-json\/wp\/v2\/product_brand?post=1713"},{"taxonomy":"product_cat","embeddable":true,"href":"https:\/\/tammetorubbq.ee\/lv\/wp-json\/wp\/v2\/product_cat?post=1713"},{"taxonomy":"product_tag","embeddable":true,"href":"https:\/\/tammetorubbq.ee\/lv\/wp-json\/wp\/v2\/product_tag?post=1713"}],"curies":[{"name":"wp","href":"https:\/\/api.w.org\/{rel}","templated":true}]}}