{"id":1728,"date":"2024-05-29T16:41:12","date_gmt":"2024-05-29T13:41:12","guid":{"rendered":"https:\/\/tammetorubbq.ee\/?post_type=product&#038;p=1728"},"modified":"2026-04-19T19:00:16","modified_gmt":"2026-04-19T16:00:16","slug":"chargriller-smekesanas-cempions-soegrill-viraka-deglis","status":"publish","type":"product","link":"https:\/\/tammetorubbq.ee\/lv\/product-2\/chargriller-smekesanas-cempions-soegrill-viraka-deglis\/","title":{"rendered":"Char-Griller sm\u0113\u0137\u0113\u0161anas \u010dempions"},"content":{"rendered":"<ul>\n<li>CharGriller, Middleby Outdoors piedero\u0161s \u017eaketu z\u012bmols, grup\u0101 ietilpst ar\u012b Kamado Joe un Masterbuilt.<\/li>\n<li>Kop\u0113jais cep\u0161anas laukums: 1235 kvadr\u0101tcollas jeb 7967 cm2 (ieskaitot aug\u0161\u0113jo virsmu).<\/li>\n<li>Piem\u0113rots gan augstas, gan zemas temperat\u016bras gril\u0113\u0161anai.<\/li>\n<li>\u010cuguna grila stat\u012bvi + t\u0113rauda grila stat\u012bvs ar augst\u0101ku l\u012bmeni.<\/li>\n<li>Dubultie \u0101\u0137i re\u017e\u0123u pacel\u0161anai.<\/li>\n<li>20 cm gumijas iztur\u012bgi rite\u0146i, iztur\u012bga kr\u0101sns konstrukcija.<\/li>\n<li>Easy Dump\u2122 pelnu tvertne, regul\u0113jama og\u013cu tvertne.<\/li>\n<li>Instrumentu \u0101\u0137i, iztur\u012bgs apak\u0161\u0113jais plaukts.<\/li>\n<li>Pieejams meln\u0101 kr\u0101s\u0101.<\/li>\n<\/ul>","protected":false},"excerpt":{"rendered":"<p>Char-Griller Smokin Champ \"ofseta\" cepe\u0161kr\u0101sns ir vislab\u0101k\u0101 iesp\u0113jam\u0101 tipa cepe\u0161kr\u0101sns, lai pagatavotu gardus un sul\u012bgus BBQ \u0113dienus vai k\u016bpin\u0101tu jebko, kas jums pat\u012bk.<\/p>\n<p><span style=\"color: #0000ff;\"><strong>Izbaudiet autentiskas BBQ gar\u0161as.\u00a0<\/strong><\/span><\/p>\n<p>Kindlasti soovitame ka juurde osta\u00a0<a href=\"https:\/\/tammetorubbq.ee\/lv\/product-2\/char-griller-smokin-champ-ilmastikukindel-grillikate\/\"><strong>ilmastikukindla grillikatte<\/strong><\/a>\u00a0mis pakub usaldusv\u00e4\u00e4rset kaitset vihma, lume, p\u00e4ikese ja mustuse eest, pikendades grilli eluiga ning hoides selle puhtana j\u00e4rgmiseks kasutuskorraks.<\/p>\n<p><img loading=\"lazy\" decoding=\"async\" class=\"size-full wp-image-1726\" src=\"http:\/\/tammetorubbq.ee\/wp-content\/uploads\/2024\/05\/char-griller_brandmark_1x.png\" alt=\"og\u013cu grilleris\" width=\"195\" height=\"195\" srcset=\"https:\/\/tammetorubbq.ee\/wp-content\/uploads\/2024\/05\/char-griller_brandmark_1x.png 195w, https:\/\/tammetorubbq.ee\/wp-content\/uploads\/2024\/05\/char-griller_brandmark_1x-150x150.png 150w, https:\/\/tammetorubbq.ee\/wp-content\/uploads\/2024\/05\/char-griller_brandmark_1x-12x12.png 12w, https:\/\/tammetorubbq.ee\/wp-content\/uploads\/2024\/05\/char-griller_brandmark_1x-64x64.png 64w\" sizes=\"auto, (max-width: 195px) 100vw, 195px\" \/><\/p>\n<p><a href=\"https:\/\/tammetorubbq.ee\/lv\/maksajiet-velak\/\"><strong>P\u0112RCIET TAGAD, MAKS\u0100JIET V\u0112L\u0100K<\/strong><\/a>\u00a0- bez procentiem!<\/p>\n<p><img loading=\"lazy\" decoding=\"async\" class=\"alignnone wp-image-2646\" src=\"http:\/\/tammetorubbq.ee\/wp-content\/uploads\/2023\/12\/inbank-wordmark.png\" alt=\"\" width=\"167\" height=\"75\" srcset=\"https:\/\/tammetorubbq.ee\/wp-content\/uploads\/2023\/12\/inbank-wordmark.png 300w, https:\/\/tammetorubbq.ee\/wp-content\/uploads\/2023\/12\/inbank-wordmark-18x8.png 18w, https:\/\/tammetorubbq.ee\/wp-content\/uploads\/2023\/12\/inbank-wordmark-64x29.png 64w\" sizes=\"auto, (max-width: 167px) 100vw, 167px\" \/><\/p>\n<p>M\u0113s pied\u0101v\u0101jam ar\u012b iesp\u0113ju maks\u0101t v\u0113l\u0101k - vien\u0101, div\u0101s vai trij\u0101s vien\u0101d\u0101s da\u013c\u0101s bez procentiem vai papildu maksas.<\/p>\n<p>M\u016bsu iepirkumu groz\u0101 varat atrast da\u017e\u0101das maks\u0101jumu iesp\u0113jas.<\/p>","protected":false},"featured_media":1729,"comment_status":"open","ping_status":"closed","template":"","meta":{"_uf_show_specific_survey":0,"_uf_disable_surveys":false},"pwb-brand":[95],"product_brand":[],"product_cat":[57,169],"product_tag":[140,78,76],"class_list":{"0":"post-1728","1":"product","2":"type-product","3":"status-publish","4":"has-post-thumbnail","6":"pwb-brand-chargriller","7":"product_cat-bbq-suitsuahjud","8":"product_cat-soegrillid","9":"product_tag-chargriller","10":"product_tag-soegrill","11":"product_tag-suitsuahi","13":"first","14":"instock","15":"taxable","16":"shipping-taxable","17":"purchasable","18":"product-type-simple"},"brands":[{"id":95,"name":"CharGriller","slug":"oglskrejejs"}],"_links":{"self":[{"href":"https:\/\/tammetorubbq.ee\/lv\/wp-json\/wp\/v2\/product\/1728","targetHints":{"allow":["GET"]}}],"collection":[{"href":"https:\/\/tammetorubbq.ee\/lv\/wp-json\/wp\/v2\/product"}],"about":[{"href":"https:\/\/tammetorubbq.ee\/lv\/wp-json\/wp\/v2\/types\/product"}],"replies":[{"embeddable":true,"href":"https:\/\/tammetorubbq.ee\/lv\/wp-json\/wp\/v2\/comments?post=1728"}],"wp:featuredmedia":[{"embeddable":true,"href":"https:\/\/tammetorubbq.ee\/lv\/wp-json\/wp\/v2\/media\/1729"}],"wp:attachment":[{"href":"https:\/\/tammetorubbq.ee\/lv\/wp-json\/wp\/v2\/media?parent=1728"}],"wp:term":[{"taxonomy":"pwb-brand","embeddable":true,"href":"https:\/\/tammetorubbq.ee\/lv\/wp-json\/wp\/v2\/pwb-brand?post=1728"},{"taxonomy":"product_brand","embeddable":true,"href":"https:\/\/tammetorubbq.ee\/lv\/wp-json\/wp\/v2\/product_brand?post=1728"},{"taxonomy":"product_cat","embeddable":true,"href":"https:\/\/tammetorubbq.ee\/lv\/wp-json\/wp\/v2\/product_cat?post=1728"},{"taxonomy":"product_tag","embeddable":true,"href":"https:\/\/tammetorubbq.ee\/lv\/wp-json\/wp\/v2\/product_tag?post=1728"}],"curies":[{"name":"wp","href":"https:\/\/api.w.org\/{rel}","templated":true}]}}