{"id":1759,"date":"2024-06-01T14:12:50","date_gmt":"2024-06-01T11:12:50","guid":{"rendered":"https:\/\/tammetorubbq.ee\/?post_type=product&#038;p=1759"},"modified":"2026-04-26T18:00:09","modified_gmt":"2026-04-26T15:00:09","slug":"ahja-smekesanas-grils-uz-riteniem","status":"publish","type":"product","link":"https:\/\/tammetorubbq.ee\/lv\/product-2\/ahja-smekesanas-grils-uz-riteniem\/","title":{"rendered":"Ahja Smoker grils uz rite\u0146iem"},"content":{"rendered":"<p>Augstums: 1320 mm<\/p>\n<p>Garums: 1000 mm<\/p>\n<p>Platums: 680 mm<\/p>\n<p>Materi\u0101ls: 2 mm<\/p>\n<p>&nbsp;<\/p>","protected":false},"excerpt":{"rendered":"<p><strong>\ud83d\udca5 Lab\u0101k\u0101 cena tirg\u016b + bezmaksas transports! Nemaks\u0101jiet vair\u0101k - pas\u016btiet tagad un ietaupiet dubult\u0101!<\/strong><\/p>\n<p><em><strong>Augstas kvalit\u0101tes kokog\u013cu grils uz rite\u0146iem.\u00a0<\/strong><\/em><\/p>\n<p>&nbsp;<\/p>\n<p><img loading=\"lazy\" decoding=\"async\" class=\"alignnone wp-image-1752\" src=\"http:\/\/tammetorubbq.ee\/wp-content\/uploads\/2024\/06\/Ahja-Smoker-logo.svg\" alt=\"Ahja Sm\u0113\u0137\u0113t\u0101ja logotips\" width=\"162\" height=\"74\" \/><\/p>\n<p>&nbsp;<\/p>\n<p><a href=\"https:\/\/tammetorubbq.ee\/lv\/maksajiet-velak\/\"><strong>P\u0112RCIET TAGAD, MAKS\u0100JIET V\u0112L\u0100K<\/strong><\/a>\u00a0- bez procentiem!<\/p>\n<p><img loading=\"lazy\" decoding=\"async\" class=\"alignnone wp-image-2646\" src=\"http:\/\/tammetorubbq.ee\/wp-content\/uploads\/2023\/12\/inbank-wordmark.png\" alt=\"Inbank\" width=\"167\" height=\"75\" srcset=\"https:\/\/tammetorubbq.ee\/wp-content\/uploads\/2023\/12\/inbank-wordmark.png 300w, https:\/\/tammetorubbq.ee\/wp-content\/uploads\/2023\/12\/inbank-wordmark-18x8.png 18w, https:\/\/tammetorubbq.ee\/wp-content\/uploads\/2023\/12\/inbank-wordmark-64x29.png 64w\" sizes=\"auto, (max-width: 167px) 100vw, 167px\" \/><\/p>\n<p>M\u0113s pied\u0101v\u0101jam ar\u012b iesp\u0113ju maks\u0101t v\u0113l\u0101k - vien\u0101, div\u0101s vai trij\u0101s vien\u0101d\u0101s da\u013c\u0101s bez procentiem vai papildu maksas.<\/p>\n<p>M\u016bsu iepirkumu groz\u0101 varat atrast da\u017e\u0101das maks\u0101jumu iesp\u0113jas.<\/p>","protected":false},"featured_media":1760,"comment_status":"open","ping_status":"closed","template":"","meta":{"_uf_show_specific_survey":0,"_uf_disable_surveys":false},"pwb-brand":[144],"product_brand":[],"product_cat":[57,20],"product_tag":[145,78,76],"class_list":{"0":"post-1759","1":"product","2":"type-product","3":"status-publish","4":"has-post-thumbnail","6":"pwb-brand-ahja-smoker","7":"product_cat-bbq-suitsuahjud","8":"product_cat-kampaania","9":"product_tag-ahja-smoker","10":"product_tag-soegrill","11":"product_tag-suitsuahi","13":"first","14":"instock","15":"sale","16":"taxable","17":"shipping-taxable","18":"purchasable","19":"product-type-simple"},"brands":[{"id":144,"name":"Ahja Sm\u0113\u0137\u0113t\u0101js","slug":"ahja-smeketajs"}],"_links":{"self":[{"href":"https:\/\/tammetorubbq.ee\/lv\/wp-json\/wp\/v2\/product\/1759","targetHints":{"allow":["GET"]}}],"collection":[{"href":"https:\/\/tammetorubbq.ee\/lv\/wp-json\/wp\/v2\/product"}],"about":[{"href":"https:\/\/tammetorubbq.ee\/lv\/wp-json\/wp\/v2\/types\/product"}],"replies":[{"embeddable":true,"href":"https:\/\/tammetorubbq.ee\/lv\/wp-json\/wp\/v2\/comments?post=1759"}],"wp:featuredmedia":[{"embeddable":true,"href":"https:\/\/tammetorubbq.ee\/lv\/wp-json\/wp\/v2\/media\/1760"}],"wp:attachment":[{"href":"https:\/\/tammetorubbq.ee\/lv\/wp-json\/wp\/v2\/media?parent=1759"}],"wp:term":[{"taxonomy":"pwb-brand","embeddable":true,"href":"https:\/\/tammetorubbq.ee\/lv\/wp-json\/wp\/v2\/pwb-brand?post=1759"},{"taxonomy":"product_brand","embeddable":true,"href":"https:\/\/tammetorubbq.ee\/lv\/wp-json\/wp\/v2\/product_brand?post=1759"},{"taxonomy":"product_cat","embeddable":true,"href":"https:\/\/tammetorubbq.ee\/lv\/wp-json\/wp\/v2\/product_cat?post=1759"},{"taxonomy":"product_tag","embeddable":true,"href":"https:\/\/tammetorubbq.ee\/lv\/wp-json\/wp\/v2\/product_tag?post=1759"}],"curies":[{"name":"wp","href":"https:\/\/api.w.org\/{rel}","templated":true}]}}