{"id":1785,"date":"2024-06-07T16:50:40","date_gmt":"2024-06-07T13:50:40","guid":{"rendered":"https:\/\/tammetorubbq.ee\/?post_type=product&#038;p=1785"},"modified":"2026-04-14T18:01:39","modified_gmt":"2026-04-14T15:01:39","slug":"kosmos-q-spg-rub-340g","status":"publish","type":"product","link":"https:\/\/tammetorubbq.ee\/lv\/product-2\/kosmos-q-spg-rub-340g\/","title":{"rendered":"Kosmo's Q SPG Rub 340g"},"content":{"rendered":"<p><strong>Sast\u0101vda\u013cas:<\/strong> meresool, must pipar, k\u00fc\u00fcslauk, orgaaniline roosuhkur ja v\u00fcrtsid.<\/p>","protected":false},"excerpt":{"rendered":"<h5 data-pm-slice=\"1 1 []\"><strong>Kosmo's Q SPG Rub (vai s\u0101ls, pipari, \u0137iploki un daudz ma\u0123ijas).<\/strong><\/h5>\n<p>Rub ir daudzpus\u012bgs un godalgots sausais gar\u0161vielu mais\u012bjums, kas gatavots no vienk\u0101r\u0161\u0101m, bet efekt\u012bv\u0101m sast\u0101vda\u013c\u0101m: j\u016bras s\u0101ls, melnie pipari, \u0137iploki un biolo\u0123iskais niedru cukurs.<\/p>\n<p>\u0160is klasiskais \"SPG\" (s\u0101ls, pipari, \u0137iploki) mais\u012bjums ir slavens ar to, ka izce\u013c ga\u013cas dabisk\u0101s gar\u0161as, un to augstu nov\u0113rt\u0113 gril\u0113\u0161anas entuziasti.<\/p>\n<ul>\n<li>Gar\u0161as profils: l\u012bdzsvarots s\u0101\u013co, nedaudz saldo un arom\u0101tisko gar\u0161u mais\u012bjums.<\/li>\n<li>Ide\u0101li piem\u0113rots liellopu ga\u013cai, c\u016bkga\u013cai, vistas ga\u013cai, ziv\u012bm, ribi\u0146\u0101m, sasmalcin\u0101tai ga\u013cai, sp\u0101rniem un pat d\u0101rze\u0146iem.<\/li>\n<li>Lieto\u0161ana: lieliski piem\u0113rots gril\u0113\u0161anai, gril\u0113\u0161anai, k\u016bpin\u0101\u0161anai vai cep\u0161anai - pirms gatavo\u0161anas vienk\u0101r\u0161i p\u0101rkaisiet ga\u013cu.<\/li>\n<\/ul>\n<p><strong>K\u0101p\u0113c izv\u0113l\u0113ties Kosmo Q SPG Rub?<\/strong><\/p>\n<ul>\n<li>Sacens\u012bbu kvalit\u0101te: izstr\u0101d\u0101ts, lai atbilstu augstajiem BBQ sacens\u012bbu standartiem.<\/li>\n<li>100% dab\u012bgas sast\u0101vda\u013cas: nesatur m\u0101ksl\u012bgas piedevas vai konservantus.<\/li>\n<li>Daudzpus\u012bgs pielietojums: pie\u0161\u0137ir lielisku gar\u0161u ne tikai ga\u013cas \u0113dieniem.<\/li>\n<\/ul>\n<p><strong>Kosmo's Q ir izveidojis SPG gar\u0161vielu mais\u012bjumu ar super labu attiec\u012bbu.<\/strong><\/p>\n<p>&nbsp;<\/p>\n<p><img loading=\"lazy\" decoding=\"async\" class=\"wp-image-1698\" src=\"http:\/\/tammetorubbq.ee\/wp-content\/uploads\/2024\/05\/Kosmos-Q-logo.avif\" alt=\"Kosmo Q\" width=\"146\" height=\"110\" srcset=\"https:\/\/tammetorubbq.ee\/wp-content\/uploads\/2024\/05\/Kosmos-Q-logo.avif 258w, https:\/\/tammetorubbq.ee\/wp-content\/uploads\/2024\/05\/Kosmos-Q-logo-16x12.avif 16w, https:\/\/tammetorubbq.ee\/wp-content\/uploads\/2024\/05\/Kosmos-Q-logo-64x48.avif 64w\" sizes=\"auto, (max-width: 146px) 100vw, 146px\" \/><\/p>","protected":false},"featured_media":6623,"comment_status":"open","ping_status":"closed","template":"","meta":{"_uf_show_specific_survey":0,"_uf_disable_surveys":false},"pwb-brand":[81],"product_brand":[],"product_cat":[21,20],"product_tag":[163,118,159,121,120,319,114,122,123,119,165],"class_list":{"0":"post-1785","1":"product","2":"type-product","3":"status-publish","4":"has-post-thumbnail","6":"pwb-brand-kosmos-q","7":"product_cat-maitseainesegud","8":"product_cat-kampaania","9":"product_tag-kala","10":"product_tag-kanaliha","11":"product_tag-kanatiivad","12":"product_tag-koogiviljad","13":"product_tag-mereannid","14":"product_tag-pardi-rinnafilee","15":"product_tag-sealiha","16":"product_tag-searibi","17":"product_tag-steik","18":"product_tag-veiseliha","19":"product_tag-veiseribi","21":"first","22":"instock","23":"sale","24":"taxable","25":"shipping-taxable","26":"purchasable","27":"product-type-simple"},"brands":[{"id":81,"name":"Kosmo Q","slug":"kosmos-q"}],"_links":{"self":[{"href":"https:\/\/tammetorubbq.ee\/lv\/wp-json\/wp\/v2\/product\/1785","targetHints":{"allow":["GET"]}}],"collection":[{"href":"https:\/\/tammetorubbq.ee\/lv\/wp-json\/wp\/v2\/product"}],"about":[{"href":"https:\/\/tammetorubbq.ee\/lv\/wp-json\/wp\/v2\/types\/product"}],"replies":[{"embeddable":true,"href":"https:\/\/tammetorubbq.ee\/lv\/wp-json\/wp\/v2\/comments?post=1785"}],"wp:featuredmedia":[{"embeddable":true,"href":"https:\/\/tammetorubbq.ee\/lv\/wp-json\/wp\/v2\/media\/6623"}],"wp:attachment":[{"href":"https:\/\/tammetorubbq.ee\/lv\/wp-json\/wp\/v2\/media?parent=1785"}],"wp:term":[{"taxonomy":"pwb-brand","embeddable":true,"href":"https:\/\/tammetorubbq.ee\/lv\/wp-json\/wp\/v2\/pwb-brand?post=1785"},{"taxonomy":"product_brand","embeddable":true,"href":"https:\/\/tammetorubbq.ee\/lv\/wp-json\/wp\/v2\/product_brand?post=1785"},{"taxonomy":"product_cat","embeddable":true,"href":"https:\/\/tammetorubbq.ee\/lv\/wp-json\/wp\/v2\/product_cat?post=1785"},{"taxonomy":"product_tag","embeddable":true,"href":"https:\/\/tammetorubbq.ee\/lv\/wp-json\/wp\/v2\/product_tag?post=1785"}],"curies":[{"name":"wp","href":"https:\/\/api.w.org\/{rel}","templated":true}]}}