{"id":1800,"date":"2024-06-11T18:09:36","date_gmt":"2024-06-11T15:09:36","guid":{"rendered":"https:\/\/tammetorubbq.ee\/?post_type=product&#038;p=1800"},"modified":"2026-04-15T00:00:05","modified_gmt":"2026-04-14T21:00:05","slug":"galas-baznica-texas-sugar-rub","status":"publish","type":"product","link":"https:\/\/tammetorubbq.ee\/lv\/product-2\/galas-baznica-texas-sugar-rub\/","title":{"rendered":"Ga\u013cas bazn\u012bca Teksasas cukura berz\u0113jums"},"content":{"rendered":"<p>Sast\u0101vs: cukurs, medus pulveris (rafin\u0113ts s\u012brups, medus), s\u0101ls, gar\u0161vielas, paprika, kalt\u0113ti \u0137iploki un kalt\u0113ti s\u012bpoli.<\/p>","protected":false},"excerpt":{"rendered":"<p><span style=\"color: #0000ff;\"><strong>N\u0112, t\u0101 nav liellopu ga\u013ca!<\/strong><\/span><\/p>\n<p>Texas Sugar ir salds, bet ne p\u0101r\u0101k salds, paties\u012bb\u0101 tam ir tie\u0161i tik daudz salduma, lai saglab\u0101tu pat\u012bkamu l\u012bdzsvaru.<\/p>\n<p>Texas Sugar ir vienk\u0101r\u0161i \u0101\u0137\u012bgs nosaukums, ko Matti vienm\u0113r ir v\u0113l\u0113jies izmantot!<\/p>\n<p>Daudzi ga\u013cas cien\u012bt\u0101ji ir tiku\u0161i apbalvoti BBQ sacens\u012bb\u0101s, jo KCBS un IBCA sacens\u012bb\u0101s ir izmantoju\u0161i \u0161o \u012bpa\u0161o Meat Church Texas Sugar berz\u0113jumu uz ribi\u0146\u0101m, c\u016bkga\u013cas un vistas ga\u013cas.<\/p>\n<p>Lieliski sader ar ribi\u0146\u0101m, c\u016bkga\u013cu, c\u0101\u013ca ga\u013cu, vistas ga\u013cu, t\u012btaru, j\u016bras velt\u0113m, k\u016bpin\u0101tu kr\u0113juma sieru un popkornu.<\/p>\n<p><img loading=\"lazy\" decoding=\"async\" class=\"wp-image-1702\" src=\"http:\/\/tammetorubbq.ee\/wp-content\/uploads\/2024\/02\/Meat-Church-logo-300x300.webp\" alt=\"Ga\u013cas bazn\u012bcas logotips\" width=\"164\" height=\"164\" \/><\/p>","protected":false},"featured_media":1801,"comment_status":"open","ping_status":"closed","template":"","meta":{"_uf_show_specific_survey":0,"_uf_disable_surveys":false},"pwb-brand":[96],"product_brand":[],"product_cat":[21],"product_tag":[],"class_list":{"0":"post-1800","1":"product","2":"type-product","3":"status-publish","4":"has-post-thumbnail","6":"pwb-brand-meat-church","7":"product_cat-maitseainesegud","9":"first","10":"outofstock","11":"taxable","12":"shipping-taxable","13":"purchasable","14":"product-type-simple"},"brands":[{"id":96,"name":"Ga\u013cas bazn\u012bca","slug":"meat-church"}],"_links":{"self":[{"href":"https:\/\/tammetorubbq.ee\/lv\/wp-json\/wp\/v2\/product\/1800","targetHints":{"allow":["GET"]}}],"collection":[{"href":"https:\/\/tammetorubbq.ee\/lv\/wp-json\/wp\/v2\/product"}],"about":[{"href":"https:\/\/tammetorubbq.ee\/lv\/wp-json\/wp\/v2\/types\/product"}],"replies":[{"embeddable":true,"href":"https:\/\/tammetorubbq.ee\/lv\/wp-json\/wp\/v2\/comments?post=1800"}],"wp:featuredmedia":[{"embeddable":true,"href":"https:\/\/tammetorubbq.ee\/lv\/wp-json\/wp\/v2\/media\/1801"}],"wp:attachment":[{"href":"https:\/\/tammetorubbq.ee\/lv\/wp-json\/wp\/v2\/media?parent=1800"}],"wp:term":[{"taxonomy":"pwb-brand","embeddable":true,"href":"https:\/\/tammetorubbq.ee\/lv\/wp-json\/wp\/v2\/pwb-brand?post=1800"},{"taxonomy":"product_brand","embeddable":true,"href":"https:\/\/tammetorubbq.ee\/lv\/wp-json\/wp\/v2\/product_brand?post=1800"},{"taxonomy":"product_cat","embeddable":true,"href":"https:\/\/tammetorubbq.ee\/lv\/wp-json\/wp\/v2\/product_cat?post=1800"},{"taxonomy":"product_tag","embeddable":true,"href":"https:\/\/tammetorubbq.ee\/lv\/wp-json\/wp\/v2\/product_tag?post=1800"}],"curies":[{"name":"wp","href":"https:\/\/api.w.org\/{rel}","templated":true}]}}