{"id":1825,"date":"2024-07-03T14:54:06","date_gmt":"2024-07-03T11:54:06","guid":{"rendered":"https:\/\/tammetorubbq.ee\/?post_type=product&#038;p=1825"},"modified":"2026-04-19T17:01:02","modified_gmt":"2026-04-19T14:01:02","slug":"kosmos-q-kiploku-un-jalapeno-berzejums-429g","status":"publish","type":"product","link":"https:\/\/tammetorubbq.ee\/lv\/product-2\/kosmos-q-kiploku-un-jalapeno-berzejums-429g\/","title":{"rendered":"Kosmo's Q \u0137iploku un jalapeno berz\u0113jums 429g"},"content":{"rendered":"<p>Sast\u0101vs: s\u0101ls, cukurs, gar\u0161vielas, n\u0101trija glutam\u0101ts, dehidr\u0113ti \u0137iploki, rafin\u0113ta sojas e\u013c\u013ca, dab\u012bgas gar\u0161vielas un maz\u0101k nek\u0101 2% sil\u012bcija dioks\u012bda, kas pievienots, lai nov\u0113rstu sa\u0137ep\u0161anu.<\/p>","protected":false},"excerpt":{"rendered":"<p><span style=\"color: #0000ff;\"><strong>LAB\u0100KAIS \u0136IPLOKU UN JALAPENO BERZ\u0112T<\/strong><\/span><\/p>\n<p>Kosmo's Q Garlic Jalapeno ir unik\u0101ls \u0137iploku un jalapeno berz\u0113jums, kas \u0101tri k\u013c\u016bs par j\u016bsu iecien\u012bt\u0101ko, ja v\u0113laties drosm\u012bgu gar\u0161u ar pat\u012bkamu pikantumu.<\/p>\n<p class=\"\" data-start=\"290\" data-end=\"514\">Tas lieliski sader ar vistas, c\u016bkga\u013cas un liellopu ga\u013cas \u0113dieniem, ta\u010du pie\u0161\u0137ir aizraujo\u0161u gar\u0161u ar\u012b d\u0101rze\u0146iem, frit\u0101t\u0113m un pat brokast\u012bm. Rub\u012bnu var izmantot k\u0101 sausu marin\u0101di, m\u0113rc\u0113s vai k\u0101 saut\u0113jumu sast\u0101vda\u013cu.<\/p>\n<p class=\"\" data-start=\"516\" data-end=\"647\">Pateicoties t\u0101s daudzpus\u012bbai, \u0161\u012b berz\u0113 ir lielisks papildin\u0101jums ikvienam grila meistaram, kur\u0161 nov\u0113rt\u0113 gan paz\u012bstamas, gan p\u0101rsteidzo\u0161as gar\u0161as.<\/p>\n<p>&nbsp;<\/p>\n<p><img loading=\"lazy\" decoding=\"async\" class=\"wp-image-1698\" src=\"http:\/\/tammetorubbq.ee\/wp-content\/uploads\/2024\/05\/Kosmos-Q-logo.avif\" alt=\"Kosmo Q\" width=\"142\" height=\"107\" srcset=\"https:\/\/tammetorubbq.ee\/wp-content\/uploads\/2024\/05\/Kosmos-Q-logo.avif 258w, https:\/\/tammetorubbq.ee\/wp-content\/uploads\/2024\/05\/Kosmos-Q-logo-16x12.avif 16w, https:\/\/tammetorubbq.ee\/wp-content\/uploads\/2024\/05\/Kosmos-Q-logo-64x48.avif 64w\" sizes=\"auto, (max-width: 142px) 100vw, 142px\" \/><\/p>","protected":false},"featured_media":1826,"comment_status":"open","ping_status":"closed","template":"","meta":{"_uf_show_specific_survey":0,"_uf_disable_surveys":false},"pwb-brand":[81],"product_brand":[],"product_cat":[21],"product_tag":[118,159,121,114,122,119,165],"class_list":{"0":"post-1825","1":"product","2":"type-product","3":"status-publish","4":"has-post-thumbnail","6":"pwb-brand-kosmos-q","7":"product_cat-maitseainesegud","8":"product_tag-kanaliha","9":"product_tag-kanatiivad","10":"product_tag-koogiviljad","11":"product_tag-sealiha","12":"product_tag-searibi","13":"product_tag-veiseliha","14":"product_tag-veiseribi","16":"first","17":"instock","18":"taxable","19":"shipping-taxable","20":"purchasable","21":"product-type-simple"},"brands":[{"id":81,"name":"Kosmo Q","slug":"kosmos-q"}],"_links":{"self":[{"href":"https:\/\/tammetorubbq.ee\/lv\/wp-json\/wp\/v2\/product\/1825","targetHints":{"allow":["GET"]}}],"collection":[{"href":"https:\/\/tammetorubbq.ee\/lv\/wp-json\/wp\/v2\/product"}],"about":[{"href":"https:\/\/tammetorubbq.ee\/lv\/wp-json\/wp\/v2\/types\/product"}],"replies":[{"embeddable":true,"href":"https:\/\/tammetorubbq.ee\/lv\/wp-json\/wp\/v2\/comments?post=1825"}],"wp:featuredmedia":[{"embeddable":true,"href":"https:\/\/tammetorubbq.ee\/lv\/wp-json\/wp\/v2\/media\/1826"}],"wp:attachment":[{"href":"https:\/\/tammetorubbq.ee\/lv\/wp-json\/wp\/v2\/media?parent=1825"}],"wp:term":[{"taxonomy":"pwb-brand","embeddable":true,"href":"https:\/\/tammetorubbq.ee\/lv\/wp-json\/wp\/v2\/pwb-brand?post=1825"},{"taxonomy":"product_brand","embeddable":true,"href":"https:\/\/tammetorubbq.ee\/lv\/wp-json\/wp\/v2\/product_brand?post=1825"},{"taxonomy":"product_cat","embeddable":true,"href":"https:\/\/tammetorubbq.ee\/lv\/wp-json\/wp\/v2\/product_cat?post=1825"},{"taxonomy":"product_tag","embeddable":true,"href":"https:\/\/tammetorubbq.ee\/lv\/wp-json\/wp\/v2\/product_tag?post=1825"}],"curies":[{"name":"wp","href":"https:\/\/api.w.org\/{rel}","templated":true}]}}