{"id":1838,"date":"2024-07-08T14:22:23","date_gmt":"2024-07-08T11:22:23","guid":{"rendered":"https:\/\/tammetorubbq.ee\/?post_type=product&#038;p=1838"},"modified":"2026-04-15T03:00:05","modified_gmt":"2026-04-15T00:00:05","slug":"franklin-barbekju-garsvielu-berzesana-170g","status":"publish","type":"product","link":"https:\/\/tammetorubbq.ee\/lv\/product-2\/franklin-barbekju-garsvielu-berzesana-170g\/","title":{"rendered":"Franklin Barbekj\u016b gar\u0161vielu berz\u0113 170g"},"content":{"rendered":"<p>Sast\u0101vda\u013cas: s\u0101ls; \u0137iploki; s\u012bpoli; cukurs; paprika; gar\u0161vielas; \u0161itake s\u0113\u0146u pulveris un tom\u0101tu pulveris (tom\u0101ti un sil\u012bcija dioks\u012bds).<\/p>","protected":false},"excerpt":{"rendered":"<p>Pasaulslavenais Franklin Barbeque vieglais BBQ berz\u0113jums.<\/p>\n<p>Klasisks BBQ gar\u0161vielu mais\u012bjums visvienk\u0101r\u0161\u0101kaj\u0101 form\u0101.<\/p>\n<p>&nbsp;<\/p>\n<p><img loading=\"lazy\" decoding=\"async\" class=\"alignnone  wp-image-1842\" src=\"http:\/\/tammetorubbq.ee\/wp-content\/uploads\/2024\/07\/Franklin-BBQ-logo.svg\" alt=\"Franklin BBQ logotips\" width=\"202\" height=\"114\" \/><\/p>","protected":false},"featured_media":1841,"comment_status":"open","ping_status":"closed","template":"","meta":{"_uf_show_specific_survey":0,"_uf_disable_surveys":false},"pwb-brand":[83],"product_brand":[],"product_cat":[21],"product_tag":[],"class_list":{"0":"post-1838","1":"product","2":"type-product","3":"status-publish","4":"has-post-thumbnail","6":"pwb-brand-franklin-barbecue","7":"product_cat-maitseainesegud","9":"first","10":"outofstock","11":"taxable","12":"shipping-taxable","13":"purchasable","14":"product-type-simple"},"brands":[{"id":83,"name":"Franklinas b\u0101rbekj\u016b","slug":"franklin-barbecue"}],"_links":{"self":[{"href":"https:\/\/tammetorubbq.ee\/lv\/wp-json\/wp\/v2\/product\/1838","targetHints":{"allow":["GET"]}}],"collection":[{"href":"https:\/\/tammetorubbq.ee\/lv\/wp-json\/wp\/v2\/product"}],"about":[{"href":"https:\/\/tammetorubbq.ee\/lv\/wp-json\/wp\/v2\/types\/product"}],"replies":[{"embeddable":true,"href":"https:\/\/tammetorubbq.ee\/lv\/wp-json\/wp\/v2\/comments?post=1838"}],"wp:featuredmedia":[{"embeddable":true,"href":"https:\/\/tammetorubbq.ee\/lv\/wp-json\/wp\/v2\/media\/1841"}],"wp:attachment":[{"href":"https:\/\/tammetorubbq.ee\/lv\/wp-json\/wp\/v2\/media?parent=1838"}],"wp:term":[{"taxonomy":"pwb-brand","embeddable":true,"href":"https:\/\/tammetorubbq.ee\/lv\/wp-json\/wp\/v2\/pwb-brand?post=1838"},{"taxonomy":"product_brand","embeddable":true,"href":"https:\/\/tammetorubbq.ee\/lv\/wp-json\/wp\/v2\/product_brand?post=1838"},{"taxonomy":"product_cat","embeddable":true,"href":"https:\/\/tammetorubbq.ee\/lv\/wp-json\/wp\/v2\/product_cat?post=1838"},{"taxonomy":"product_tag","embeddable":true,"href":"https:\/\/tammetorubbq.ee\/lv\/wp-json\/wp\/v2\/product_tag?post=1838"}],"curies":[{"name":"wp","href":"https:\/\/api.w.org\/{rel}","templated":true}]}}