{"id":1854,"date":"2024-07-29T18:09:35","date_gmt":"2024-07-29T15:09:35","guid":{"rendered":"https:\/\/tammetorubbq.ee\/?post_type=product&#038;p=1854"},"modified":"2026-04-15T03:00:02","modified_gmt":"2026-04-15T00:00:02","slug":"slaps-ideals-maisijums-berzet-164g","status":"publish","type":"product","link":"https:\/\/tammetorubbq.ee\/lv\/product-2\/slaps-ideals-maisijums-berzet-164g\/","title":{"rendered":"Slap`s Perfect Blend Rub 164g"},"content":{"rendered":"<p>Sast\u0101vs: s\u0101ls, cukurs, cukurs, br\u016bnais cukurs, \u010dilli, paprika, Vor\u010dester\u0161\u012bras m\u0113rce, s\u012bpoli, \u0137iploki, paprika, seleriju s\u0113klas, gar\u0161vielas.<\/p>","protected":false},"excerpt":{"rendered":"<p>Slaps BBQ dibin\u0101t\u0101js D\u017eo P\u012brss (Joe Pearce), kur\u0161 jau agr\u0101 jaun\u012bb\u0101 s\u0101ka piedal\u012bties BBQ sacens\u012bb\u0101s, un, pateicoties vi\u0146a lielajai pieredzei, \u0161odien neviens nav ieinteres\u0113ts ar vi\u0146u sacensties, jo \u012bpa\u0161i sasmalcin\u0101t\u0101s ga\u013cas kategorij\u0101. Tie\u0161i \u0161aj\u0101 kategorij\u0101 D\u017eo P\u012brss ir ieguvis neskait\u0101mus izcilus rezult\u0101tus un ir izveidojis \"Perfect Blend\" gar\u0161vielu mais\u012bjumu, ko vi\u0146\u0161 izmanto sav\u0101s sacens\u012bb\u0101s.<\/p>\n<p>\"Perfect Blend\" ir s\u0101\u013c\u0161, salds un pikants mais\u012bjums, kas der visam.<\/p>\n<p>Lieliski sader ar liellopu ga\u013cu, c\u016bkga\u013cu, m\u0101jputnu ga\u013cu un j\u016bras velt\u0113m.<\/p>\n<p>&nbsp;<\/p>\n<p><img loading=\"lazy\" decoding=\"async\" class=\"wp-image-1700\" src=\"http:\/\/tammetorubbq.ee\/wp-content\/uploads\/2024\/05\/Logo-300x186.png\" alt=\"Slap&#039;s BBQ logotips\" width=\"166\" height=\"103\" srcset=\"https:\/\/tammetorubbq.ee\/wp-content\/uploads\/2024\/05\/Logo-300x186.png 300w, https:\/\/tammetorubbq.ee\/wp-content\/uploads\/2024\/05\/Logo-18x12.png 18w, https:\/\/tammetorubbq.ee\/wp-content\/uploads\/2024\/05\/Logo-64x40.png 64w, https:\/\/tammetorubbq.ee\/wp-content\/uploads\/2024\/05\/Logo.png 512w\" sizes=\"auto, (max-width: 166px) 100vw, 166px\" \/><\/p>","protected":false},"featured_media":1855,"comment_status":"open","ping_status":"closed","template":"","meta":{"_uf_show_specific_survey":0,"_uf_disable_surveys":false},"pwb-brand":[94],"product_brand":[],"product_cat":[21],"product_tag":[],"class_list":{"0":"post-1854","1":"product","2":"type-product","3":"status-publish","4":"has-post-thumbnail","6":"pwb-brand-slaps-bbq","7":"product_cat-maitseainesegud","9":"first","10":"outofstock","11":"taxable","12":"shipping-taxable","13":"purchasable","14":"product-type-simple"},"brands":[{"id":94,"name":"Slap's BBQ","slug":"slaps-bbq"}],"_links":{"self":[{"href":"https:\/\/tammetorubbq.ee\/lv\/wp-json\/wp\/v2\/product\/1854","targetHints":{"allow":["GET"]}}],"collection":[{"href":"https:\/\/tammetorubbq.ee\/lv\/wp-json\/wp\/v2\/product"}],"about":[{"href":"https:\/\/tammetorubbq.ee\/lv\/wp-json\/wp\/v2\/types\/product"}],"replies":[{"embeddable":true,"href":"https:\/\/tammetorubbq.ee\/lv\/wp-json\/wp\/v2\/comments?post=1854"}],"wp:featuredmedia":[{"embeddable":true,"href":"https:\/\/tammetorubbq.ee\/lv\/wp-json\/wp\/v2\/media\/1855"}],"wp:attachment":[{"href":"https:\/\/tammetorubbq.ee\/lv\/wp-json\/wp\/v2\/media?parent=1854"}],"wp:term":[{"taxonomy":"pwb-brand","embeddable":true,"href":"https:\/\/tammetorubbq.ee\/lv\/wp-json\/wp\/v2\/pwb-brand?post=1854"},{"taxonomy":"product_brand","embeddable":true,"href":"https:\/\/tammetorubbq.ee\/lv\/wp-json\/wp\/v2\/product_brand?post=1854"},{"taxonomy":"product_cat","embeddable":true,"href":"https:\/\/tammetorubbq.ee\/lv\/wp-json\/wp\/v2\/product_cat?post=1854"},{"taxonomy":"product_tag","embeddable":true,"href":"https:\/\/tammetorubbq.ee\/lv\/wp-json\/wp\/v2\/product_tag?post=1854"}],"curies":[{"name":"wp","href":"https:\/\/api.w.org\/{rel}","templated":true}]}}