{"id":1874,"date":"2024-07-29T20:01:25","date_gmt":"2024-07-29T17:01:25","guid":{"rendered":"https:\/\/tammetorubbq.ee\/?post_type=product&#038;p=1874"},"modified":"2026-04-19T13:00:53","modified_gmt":"2026-04-19T10:00:53","slug":"franklin-bbq-original-texas-bbq-paste-510g","status":"publish","type":"product","link":"https:\/\/tammetorubbq.ee\/lv\/product-2\/franklin-bbq-original-texas-bbq-paste-510g\/","title":{"rendered":"Franklin BBQ Original Texas BBQ m\u0113rce 510g"},"content":{"rendered":"<p>Sast\u0101vda\u013cas: Tom\u0101tu pasta (filtr\u0113ts \u016bdens, tom\u0101ti), \u0101bolu sidra eti\u0137is, cukurs, br\u016bnais cukurs, Vor\u010dester\u0161\u012bras m\u0113rce, cukurniedru cukurs, \u0137iploki.<\/p>","protected":false},"excerpt":{"rendered":"<p>Franklin BBQ rad\u012bt\u0101ja \u0100rona Franklina pasaulslaven\u0101 m\u0113rce ar sp\u0113c\u012bgu tom\u0101tu gar\u0161u.<\/p>\n<p>Ja esat m\u0113\u0123in\u0101ju\u0161i Franklina BBQ, j\u016bs zin\u0101t, ka tas ir lab\u0101kais no lab\u0101kajiem.<\/p>\n<p><img loading=\"lazy\" decoding=\"async\" class=\"alignnone  wp-image-1842\" src=\"http:\/\/tammetorubbq.ee\/wp-content\/uploads\/2024\/07\/Franklin-BBQ-logo.svg\" alt=\"Franklin BBQ logotips\" width=\"137\" height=\"77\" \/><\/p>","protected":false},"featured_media":1875,"comment_status":"open","ping_status":"closed","template":"","meta":{"_uf_show_specific_survey":0,"_uf_disable_surveys":false},"pwb-brand":[83],"product_brand":[],"product_cat":[22],"product_tag":[],"class_list":{"0":"post-1874","1":"product","2":"type-product","3":"status-publish","4":"has-post-thumbnail","6":"pwb-brand-franklin-barbecue","7":"product_cat-kastmed-ja-marinaadid","9":"first","10":"outofstock","11":"taxable","12":"shipping-taxable","13":"purchasable","14":"product-type-simple"},"brands":[{"id":83,"name":"Franklinas b\u0101rbekj\u016b","slug":"franklin-barbecue"}],"_links":{"self":[{"href":"https:\/\/tammetorubbq.ee\/lv\/wp-json\/wp\/v2\/product\/1874","targetHints":{"allow":["GET"]}}],"collection":[{"href":"https:\/\/tammetorubbq.ee\/lv\/wp-json\/wp\/v2\/product"}],"about":[{"href":"https:\/\/tammetorubbq.ee\/lv\/wp-json\/wp\/v2\/types\/product"}],"replies":[{"embeddable":true,"href":"https:\/\/tammetorubbq.ee\/lv\/wp-json\/wp\/v2\/comments?post=1874"}],"wp:featuredmedia":[{"embeddable":true,"href":"https:\/\/tammetorubbq.ee\/lv\/wp-json\/wp\/v2\/media\/1875"}],"wp:attachment":[{"href":"https:\/\/tammetorubbq.ee\/lv\/wp-json\/wp\/v2\/media?parent=1874"}],"wp:term":[{"taxonomy":"pwb-brand","embeddable":true,"href":"https:\/\/tammetorubbq.ee\/lv\/wp-json\/wp\/v2\/pwb-brand?post=1874"},{"taxonomy":"product_brand","embeddable":true,"href":"https:\/\/tammetorubbq.ee\/lv\/wp-json\/wp\/v2\/product_brand?post=1874"},{"taxonomy":"product_cat","embeddable":true,"href":"https:\/\/tammetorubbq.ee\/lv\/wp-json\/wp\/v2\/product_cat?post=1874"},{"taxonomy":"product_tag","embeddable":true,"href":"https:\/\/tammetorubbq.ee\/lv\/wp-json\/wp\/v2\/product_tag?post=1874"}],"curies":[{"name":"wp","href":"https:\/\/api.w.org\/{rel}","templated":true}]}}