{"id":1878,"date":"2024-07-29T20:19:01","date_gmt":"2024-07-29T17:19:01","guid":{"rendered":"https:\/\/tammetorubbq.ee\/?post_type=product&#038;p=1878"},"modified":"2026-04-20T12:00:03","modified_gmt":"2026-04-20T09:00:03","slug":"lootn-booty-abolu-kirsu-bbq-pasta-567g","status":"publish","type":"product","link":"https:\/\/tammetorubbq.ee\/lv\/product-2\/lootn-booty-abolu-kirsu-bbq-pasta-567g\/","title":{"rendered":"Loot'n Booty Apple Cherry BBQ m\u0113rce 567g"},"content":{"rendered":"<p><strong>Sast\u0101vda\u013cas:<\/strong>\u00a0Cukurs, tom\u0101tu biezenis (\u016bdens, tom\u0101tu pasta), eti\u0137is, \u0101bolu sulas koncentr\u0101ts, s\u0101ls, Vor\u010dester\u0161\u012bras m\u0113rce (destil\u0113ts eti\u0137is, melase, kukur\u016bzas s\u012brups, \u016bdens, s\u0101ls, karame\u013cu kr\u0101sa, \u0137iploku pulveris, cukurs, gar\u0161vielas, selerijas s\u0113klas, tamarinda ekstrakts, dab\u012bgs aromatiz\u0113t\u0101js), dab\u012bga k\u016bpin\u0101\u0161anas aromatiz\u0113t\u0101ja, \u0137ir\u0161u sulas koncentr\u0101ts, sinepju milti, gar\u0161vielas, tostarp \u010dilli pipari, s\u012bpoli, dab\u012bgas gar\u0161vielas.<\/p>","protected":false},"excerpt":{"rendered":"<p><strong>Salds, d\u016bmakains un lieliski sabalans\u0113ts!<\/strong><\/p>\n<p><strong data-start=\"259\" data-end=\"298\">Loot'n Booty \u0100bolu \u0137ir\u0161u BBQ m\u0113rce<\/strong> ir \u012bsta Amerikas BBQ pasaules zvaigzne -... <strong data-start=\"339\" data-end=\"378\">saldie \u0101boli un sul\u012bgie \u0137ir\u0161i<\/strong> harmonisks mais\u012bjums ar maigu d\u016bmu gar\u0161u un gar\u0161as dzi\u013cumu.<\/p>\n<p>\ud83c\udf52 <strong data-start=\"454\" data-end=\"476\">Aug\u013cu saldums<\/strong> - dabisk\u0101s \u0101bolu un \u0137ir\u0161u gar\u0161as veido bag\u0101t\u012bgu, bet ne p\u0101r\u0101k saldu gar\u0161u.<br data-start=\"558\" data-end=\"561\" \/>\ud83d\udd25 <strong data-start=\"564\" data-end=\"584\">D\u016bmains alatoon<\/strong> - maiga d\u016bmu nianse l\u012bdzsvaro saldumu un lieliski sader ar ga\u013cas \u0113dieniem.<br data-start=\"672\" data-end=\"675\" \/>\ud83e\udd69 <strong data-start=\"678\" data-end=\"701\">Daudzpus\u012bga izmanto\u0161ana<\/strong> - Piem\u0113rota ribi\u0146\u0101m, c\u016bkga\u013cas kotlet\u0113m, vistas sp\u0101rni\u0146iem, burgeriem vai vienk\u0101r\u0161i k\u0101 m\u0113rce kartupe\u013cu kartupe\u013ciem.<br data-start=\"811\" data-end=\"814\" \/>\ud83c\udfc6 <strong data-start=\"817\" data-end=\"838\">Konkurences kvalit\u0101te<\/strong> - ko rad\u012bju\u0161i lab\u0101kie BBQ \u0161efpav\u0101ri, p\u0101rbaud\u012bti un iecien\u012bti vis\u0101 pasaul\u0113.<\/p>\n<p><strong>K\u0101ds ir nosl\u0113pums, RIBI ir \u0161\u012bs m\u0113rces vieta.<\/strong><\/p>\n<p><strong data-start=\"1160\" data-end=\"1199\">Loot'n Booty Apple Cherry BBQ m\u0113rce<\/strong> ir lieliska izv\u0113le tiem, kas mekl\u0113 ide\u0101lu l\u012bdzsvaru starp saldo un d\u016bmu arom\u0101tu. Pievienojiet to savam BBQ arsen\u0101lam un paceliet katru k\u0101rumu jaun\u0101 l\u012bmen\u012b!<\/p>\n<p>\ud83d\udca1 <strong data-start=\"928\" data-end=\"940\">Profesion\u0101\u013cu padoms:<\/strong> Sajauciet \u0101bolu \u0137ir\u0161u BBQ m\u0113rci ar kaus\u0113tu sviestu un cep\u0161anas beig\u0101s ar oti\u0146u apsm\u0113r\u0113jiet ribi\u0146as vai vistas sp\u0101rni\u0146us - ieg\u016bsiet. <strong data-start=\"1048\" data-end=\"1068\">sul\u012bga glaz\u016bra<\/strong>, kas lieliski karameliz\u0113jas un pie\u0161\u0137ir ikriem restor\u0101na izskatu un gar\u0161u.<\/p>\n<p><img loading=\"lazy\" decoding=\"async\" class=\"wp-image-1862\" src=\"http:\/\/tammetorubbq.ee\/wp-content\/uploads\/2024\/07\/Loot-n-Booty-logo.png\" alt=\"Loot-n-Booty logotips\" width=\"166\" height=\"166\" srcset=\"https:\/\/tammetorubbq.ee\/wp-content\/uploads\/2024\/07\/Loot-n-Booty-logo.png 300w, https:\/\/tammetorubbq.ee\/wp-content\/uploads\/2024\/07\/Loot-n-Booty-logo-150x150.png 150w, https:\/\/tammetorubbq.ee\/wp-content\/uploads\/2024\/07\/Loot-n-Booty-logo-12x12.png 12w, https:\/\/tammetorubbq.ee\/wp-content\/uploads\/2024\/07\/Loot-n-Booty-logo-64x64.png 64w\" sizes=\"auto, (max-width: 166px) 100vw, 166px\" \/><\/p>","protected":false},"featured_media":1880,"comment_status":"open","ping_status":"closed","template":"","meta":{"_uf_show_specific_survey":0,"_uf_disable_surveys":false},"pwb-brand":[98],"product_brand":[],"product_cat":[22],"product_tag":[138,118,159,114,122],"class_list":{"0":"post-1878","1":"product","2":"type-product","3":"status-publish","4":"has-post-thumbnail","6":"pwb-brand-loot-n-booty-bbq","7":"product_cat-kastmed-ja-marinaadid","8":"product_tag-burger","9":"product_tag-kanaliha","10":"product_tag-kanatiivad","11":"product_tag-sealiha","12":"product_tag-searibi","14":"first","15":"instock","16":"taxable","17":"shipping-taxable","18":"purchasable","19":"product-type-simple"},"brands":[{"id":98,"name":"Loot N' Booty BBQ","slug":"loot-n-booty-bbq"}],"_links":{"self":[{"href":"https:\/\/tammetorubbq.ee\/lv\/wp-json\/wp\/v2\/product\/1878","targetHints":{"allow":["GET"]}}],"collection":[{"href":"https:\/\/tammetorubbq.ee\/lv\/wp-json\/wp\/v2\/product"}],"about":[{"href":"https:\/\/tammetorubbq.ee\/lv\/wp-json\/wp\/v2\/types\/product"}],"replies":[{"embeddable":true,"href":"https:\/\/tammetorubbq.ee\/lv\/wp-json\/wp\/v2\/comments?post=1878"}],"wp:featuredmedia":[{"embeddable":true,"href":"https:\/\/tammetorubbq.ee\/lv\/wp-json\/wp\/v2\/media\/1880"}],"wp:attachment":[{"href":"https:\/\/tammetorubbq.ee\/lv\/wp-json\/wp\/v2\/media?parent=1878"}],"wp:term":[{"taxonomy":"pwb-brand","embeddable":true,"href":"https:\/\/tammetorubbq.ee\/lv\/wp-json\/wp\/v2\/pwb-brand?post=1878"},{"taxonomy":"product_brand","embeddable":true,"href":"https:\/\/tammetorubbq.ee\/lv\/wp-json\/wp\/v2\/product_brand?post=1878"},{"taxonomy":"product_cat","embeddable":true,"href":"https:\/\/tammetorubbq.ee\/lv\/wp-json\/wp\/v2\/product_cat?post=1878"},{"taxonomy":"product_tag","embeddable":true,"href":"https:\/\/tammetorubbq.ee\/lv\/wp-json\/wp\/v2\/product_tag?post=1878"}],"curies":[{"name":"wp","href":"https:\/\/api.w.org\/{rel}","templated":true}]}}