{"id":1881,"date":"2024-07-29T20:28:44","date_gmt":"2024-07-29T17:28:44","guid":{"rendered":"https:\/\/tammetorubbq.ee\/?post_type=product&#038;p=1881"},"modified":"2026-04-19T21:00:50","modified_gmt":"2026-04-19T18:00:50","slug":"lootn-booty-medus-zelta-bbq-pasta-553g","status":"publish","type":"product","link":"https:\/\/tammetorubbq.ee\/lv\/product-2\/lootn-booty-medus-zelta-bbq-pasta-553g\/","title":{"rendered":"Loot'n Booty Honey Gold BBQ m\u0113rce 553g"},"content":{"rendered":"<p>Sast\u0101vda\u013cas: Cukura, sinepju (destil\u0113ts eti\u0137is, \u016bdens, sinepju s\u0113klas, s\u0101ls, kurkuma, paprika, gar\u0161vielu un \u0137iploku pulveris), \u016bdens, \u0101bolu sidra eti\u0137is, tom\u0101tu pasta, melase, eti\u0137is, s\u0101ls, medus, Vor\u010dester\u0161\u012bras m\u0113rce (destil\u0113ts eti\u0137is, melase, kukur\u016bzas s\u012brups, \u016bdens, s\u0101ls, karame\u013cu kr\u0101sviela, \u0137iploku pulveris, cukurs, gar\u0161vielas, selerijas s\u0113klas, tamarinda ekstrakts, dab\u012bg\u0101 aromatiz\u0113t\u0101ja), gar\u0161vielas, \u0137iploki, s\u012bpoli, dab\u012bg\u0101 aromatiz\u0113t\u0101ja.<\/p>","protected":false},"excerpt":{"rendered":"<p>K\u0101 liecina nosaukums, t\u0101 ir sinepju m\u0113rce uz saldas b\u0101zes.<\/p>\n<p>Iesp\u0113jams, amerik\u0101\u0146u uztver\u0113 m\u0113rce ir saldsk\u0101ba un sk\u0101ba.<\/p>\n<p><img loading=\"lazy\" decoding=\"async\" class=\"wp-image-1862\" src=\"http:\/\/tammetorubbq.ee\/wp-content\/uploads\/2024\/07\/Loot-n-Booty-logo.png\" alt=\"Loot-n-Booty logotips\" width=\"167\" height=\"167\" srcset=\"https:\/\/tammetorubbq.ee\/wp-content\/uploads\/2024\/07\/Loot-n-Booty-logo.png 300w, https:\/\/tammetorubbq.ee\/wp-content\/uploads\/2024\/07\/Loot-n-Booty-logo-150x150.png 150w, https:\/\/tammetorubbq.ee\/wp-content\/uploads\/2024\/07\/Loot-n-Booty-logo-12x12.png 12w, https:\/\/tammetorubbq.ee\/wp-content\/uploads\/2024\/07\/Loot-n-Booty-logo-64x64.png 64w\" sizes=\"auto, (max-width: 167px) 100vw, 167px\" \/><\/p>","protected":false},"featured_media":1882,"comment_status":"open","ping_status":"closed","template":"","meta":{"_uf_show_specific_survey":0,"_uf_disable_surveys":false},"pwb-brand":[98],"product_brand":[],"product_cat":[22],"product_tag":[],"class_list":{"0":"post-1881","1":"product","2":"type-product","3":"status-publish","4":"has-post-thumbnail","6":"pwb-brand-loot-n-booty-bbq","7":"product_cat-kastmed-ja-marinaadid","9":"first","10":"instock","11":"taxable","12":"shipping-taxable","13":"purchasable","14":"product-type-simple"},"brands":[{"id":98,"name":"Loot N' Booty BBQ","slug":"loot-n-booty-bbq"}],"_links":{"self":[{"href":"https:\/\/tammetorubbq.ee\/lv\/wp-json\/wp\/v2\/product\/1881","targetHints":{"allow":["GET"]}}],"collection":[{"href":"https:\/\/tammetorubbq.ee\/lv\/wp-json\/wp\/v2\/product"}],"about":[{"href":"https:\/\/tammetorubbq.ee\/lv\/wp-json\/wp\/v2\/types\/product"}],"replies":[{"embeddable":true,"href":"https:\/\/tammetorubbq.ee\/lv\/wp-json\/wp\/v2\/comments?post=1881"}],"wp:featuredmedia":[{"embeddable":true,"href":"https:\/\/tammetorubbq.ee\/lv\/wp-json\/wp\/v2\/media\/1882"}],"wp:attachment":[{"href":"https:\/\/tammetorubbq.ee\/lv\/wp-json\/wp\/v2\/media?parent=1881"}],"wp:term":[{"taxonomy":"pwb-brand","embeddable":true,"href":"https:\/\/tammetorubbq.ee\/lv\/wp-json\/wp\/v2\/pwb-brand?post=1881"},{"taxonomy":"product_brand","embeddable":true,"href":"https:\/\/tammetorubbq.ee\/lv\/wp-json\/wp\/v2\/product_brand?post=1881"},{"taxonomy":"product_cat","embeddable":true,"href":"https:\/\/tammetorubbq.ee\/lv\/wp-json\/wp\/v2\/product_cat?post=1881"},{"taxonomy":"product_tag","embeddable":true,"href":"https:\/\/tammetorubbq.ee\/lv\/wp-json\/wp\/v2\/product_tag?post=1881"}],"curies":[{"name":"wp","href":"https:\/\/api.w.org\/{rel}","templated":true}]}}