{"id":1888,"date":"2024-07-29T20:42:11","date_gmt":"2024-07-29T17:42:11","guid":{"rendered":"https:\/\/tammetorubbq.ee\/?post_type=product&#038;p=1888"},"modified":"2026-04-30T03:00:15","modified_gmt":"2026-04-30T00:00:15","slug":"lootn-booty-cherry-chipotle-bbq-merce-545g","status":"publish","type":"product","link":"https:\/\/tammetorubbq.ee\/lv\/toode\/lootn-booty-cherry-chipotle-bbq-kaste-545g\/","title":{"rendered":"Loot'n Booty Cherry Chipotle BBQ m\u0113rce 545g"},"content":{"rendered":"<p>Sast\u0101vda\u013cas: Sast\u0101vda\u013cas: tom\u0101tu biezenis (\u016bdens, tom\u0101tu pasta), cukurs, eti\u0137is, \u010dipotle biezenis (\u010dipotle pipari, s\u0101ls, eti\u0137is), s\u0101ls, Vor\u010dester\u0161\u012bras m\u0113rce ((destil\u0113ts eti\u0137is, melase, kukur\u016bzas s\u012brups, \u016bdens, s\u0101ls, karame\u013cu kr\u0101sa, \u0137iploku pulveris, cukurs, gar\u0161vielas, selerijas s\u0113klas, tamarinda ekstrakts, dab\u012bgs aromatiz\u0113t\u0101js), dab\u012bga k\u016bpin\u0101\u0161anas aromatiz\u0113t\u0101ja, \u0137iploki, \u0137ir\u0161u sulas koncentr\u0101ts, dab\u012bgi aromatiz\u0113t\u0101ji, sinepju milti, gar\u0161vielas, tostarp \u010dipotles pipari, s\u012bpoli.<\/p>","protected":false},"excerpt":{"rendered":"<p>K\u0101 liecina nosaukums, t\u0101 ir aug\u013cu un vid\u0113ji pikanta m\u0113rce. Tai ir pat\u012bkama \u0137ir\u0161u un dab\u012bga gar\u0161a, un beig\u0101s par\u0101d\u0101s \u010dipotles piparu pikantums.<\/p>\n<p><strong>\u0136ir\u0161i un c\u016bka ir 100%. Ribas, sapl\u0113sta ga\u013ca utt.\u00a0<\/strong><\/p>\n<p><img loading=\"lazy\" decoding=\"async\" class=\"wp-image-1862\" src=\"http:\/\/tammetorubbq.ee\/wp-content\/uploads\/2024\/07\/Loot-n-Booty-logo.png\" alt=\"Loot-n-Booty logotips\" width=\"170\" height=\"170\" srcset=\"https:\/\/tammetorubbq.ee\/wp-content\/uploads\/2024\/07\/Loot-n-Booty-logo.png 300w, https:\/\/tammetorubbq.ee\/wp-content\/uploads\/2024\/07\/Loot-n-Booty-logo-150x150.png 150w, https:\/\/tammetorubbq.ee\/wp-content\/uploads\/2024\/07\/Loot-n-Booty-logo-12x12.png 12w, https:\/\/tammetorubbq.ee\/wp-content\/uploads\/2024\/07\/Loot-n-Booty-logo-64x64.png 64w\" sizes=\"auto, (max-width: 170px) 100vw, 170px\" \/><\/p>","protected":false},"featured_media":1889,"comment_status":"open","ping_status":"closed","template":"","meta":{"_uf_show_specific_survey":0,"_uf_disable_surveys":false},"pwb-brand":[98],"product_brand":[],"product_cat":[22],"product_tag":[],"class_list":{"0":"post-1888","1":"product","2":"type-product","3":"status-publish","4":"has-post-thumbnail","6":"pwb-brand-loot-n-booty-bbq","7":"product_cat-kastmed-ja-marinaadid","9":"first","10":"instock","11":"taxable","12":"shipping-taxable","13":"purchasable","14":"product-type-simple"},"brands":[{"id":98,"name":"Loot N' Booty BBQ","slug":"loot-n-booty-bbq"}],"_links":{"self":[{"href":"https:\/\/tammetorubbq.ee\/lv\/wp-json\/wp\/v2\/product\/1888","targetHints":{"allow":["GET"]}}],"collection":[{"href":"https:\/\/tammetorubbq.ee\/lv\/wp-json\/wp\/v2\/product"}],"about":[{"href":"https:\/\/tammetorubbq.ee\/lv\/wp-json\/wp\/v2\/types\/product"}],"replies":[{"embeddable":true,"href":"https:\/\/tammetorubbq.ee\/lv\/wp-json\/wp\/v2\/comments?post=1888"}],"wp:featuredmedia":[{"embeddable":true,"href":"https:\/\/tammetorubbq.ee\/lv\/wp-json\/wp\/v2\/media\/1889"}],"wp:attachment":[{"href":"https:\/\/tammetorubbq.ee\/lv\/wp-json\/wp\/v2\/media?parent=1888"}],"wp:term":[{"taxonomy":"pwb-brand","embeddable":true,"href":"https:\/\/tammetorubbq.ee\/lv\/wp-json\/wp\/v2\/pwb-brand?post=1888"},{"taxonomy":"product_brand","embeddable":true,"href":"https:\/\/tammetorubbq.ee\/lv\/wp-json\/wp\/v2\/product_brand?post=1888"},{"taxonomy":"product_cat","embeddable":true,"href":"https:\/\/tammetorubbq.ee\/lv\/wp-json\/wp\/v2\/product_cat?post=1888"},{"taxonomy":"product_tag","embeddable":true,"href":"https:\/\/tammetorubbq.ee\/lv\/wp-json\/wp\/v2\/product_tag?post=1888"}],"curies":[{"name":"wp","href":"https:\/\/api.w.org\/{rel}","templated":true}]}}