{"id":1902,"date":"2024-08-13T14:19:44","date_gmt":"2024-08-13T11:19:44","guid":{"rendered":"https:\/\/tammetorubbq.ee\/?post_type=product&#038;p=1902"},"modified":"2026-04-15T06:00:11","modified_gmt":"2026-04-15T03:00:11","slug":"kosmos-q-avenu-chipotle-bbq-merce-468g","status":"publish","type":"product","link":"https:\/\/tammetorubbq.ee\/lv\/product-2\/kosmos-q-avenu-chipotle-bbq-merce-468g\/","title":{"rendered":"Kosmo's Q Raspberry Chipotle BBQ m\u0113rce 468g"},"content":{"rendered":"<p><strong>Sast\u0101vda\u013cas:<\/strong> cukurniedru cukurs, \u016bdens, tom\u0101tu pasta, avenes, destil\u0113ts baltais eti\u0137is, s\u0101ls, paprika, melase, tamarinda koncentr\u0101ts, karame\u013cu kr\u0101sviela, \u0137iploku pulveris, s\u012bpolu pulveris, gar\u0161vielas, dabisk\u0101 ave\u0146u gar\u0161a.<\/p>","protected":false},"excerpt":{"rendered":"<p>Raspberry Chipotle ir Kosmo's Q jaun\u0101k\u0101 BBQ m\u0113rce.<\/p>\n<p><span style=\"color: #0000ff;\"><strong>Tas noteikti k\u013c\u016bs par j\u016bsu jauno favor\u012btu - salds un pikants!<\/strong><\/span><\/p>\n<p>Tr\u012bs da\u017e\u0101di ave\u0146u mais\u012bjumi un pareizais daudzums \u010dipotles piparu - t\u0101 patie\u0161\u0101m ir lieliska kombin\u0101cija jebkuram ga\u013cas cien\u012bt\u0101jam.<\/p>\n<p><img loading=\"lazy\" decoding=\"async\" class=\"wp-image-1698\" src=\"http:\/\/tammetorubbq.ee\/wp-content\/uploads\/2024\/05\/Kosmos-Q-logo.avif\" alt=\"Kosmo Q\" width=\"144\" height=\"108\" srcset=\"https:\/\/tammetorubbq.ee\/wp-content\/uploads\/2024\/05\/Kosmos-Q-logo.avif 258w, https:\/\/tammetorubbq.ee\/wp-content\/uploads\/2024\/05\/Kosmos-Q-logo-16x12.avif 16w, https:\/\/tammetorubbq.ee\/wp-content\/uploads\/2024\/05\/Kosmos-Q-logo-64x48.avif 64w\" sizes=\"auto, (max-width: 144px) 100vw, 144px\" \/><\/p>","protected":false},"featured_media":1903,"comment_status":"open","ping_status":"closed","template":"","meta":{"_uf_show_specific_survey":0,"_uf_disable_surveys":false},"pwb-brand":[81],"product_brand":[],"product_cat":[22],"product_tag":[],"class_list":{"0":"post-1902","1":"product","2":"type-product","3":"status-publish","4":"has-post-thumbnail","6":"pwb-brand-kosmos-q","7":"product_cat-kastmed-ja-marinaadid","9":"first","10":"instock","11":"taxable","12":"shipping-taxable","13":"purchasable","14":"product-type-simple"},"brands":[{"id":81,"name":"Kosmo Q","slug":"kosmos-q"}],"_links":{"self":[{"href":"https:\/\/tammetorubbq.ee\/lv\/wp-json\/wp\/v2\/product\/1902","targetHints":{"allow":["GET"]}}],"collection":[{"href":"https:\/\/tammetorubbq.ee\/lv\/wp-json\/wp\/v2\/product"}],"about":[{"href":"https:\/\/tammetorubbq.ee\/lv\/wp-json\/wp\/v2\/types\/product"}],"replies":[{"embeddable":true,"href":"https:\/\/tammetorubbq.ee\/lv\/wp-json\/wp\/v2\/comments?post=1902"}],"wp:featuredmedia":[{"embeddable":true,"href":"https:\/\/tammetorubbq.ee\/lv\/wp-json\/wp\/v2\/media\/1903"}],"wp:attachment":[{"href":"https:\/\/tammetorubbq.ee\/lv\/wp-json\/wp\/v2\/media?parent=1902"}],"wp:term":[{"taxonomy":"pwb-brand","embeddable":true,"href":"https:\/\/tammetorubbq.ee\/lv\/wp-json\/wp\/v2\/pwb-brand?post=1902"},{"taxonomy":"product_brand","embeddable":true,"href":"https:\/\/tammetorubbq.ee\/lv\/wp-json\/wp\/v2\/product_brand?post=1902"},{"taxonomy":"product_cat","embeddable":true,"href":"https:\/\/tammetorubbq.ee\/lv\/wp-json\/wp\/v2\/product_cat?post=1902"},{"taxonomy":"product_tag","embeddable":true,"href":"https:\/\/tammetorubbq.ee\/lv\/wp-json\/wp\/v2\/product_tag?post=1902"}],"curies":[{"name":"wp","href":"https:\/\/api.w.org\/{rel}","templated":true}]}}