{"id":1921,"date":"2024-09-03T14:26:48","date_gmt":"2024-09-03T11:26:48","guid":{"rendered":"https:\/\/tammetorubbq.ee\/?post_type=product&#038;p=1921"},"modified":"2026-04-15T02:00:01","modified_gmt":"2026-04-14T23:00:01","slug":"richard-fergola-bbq-medus-habanero-berze-312g","status":"publish","type":"product","link":"https:\/\/tammetorubbq.ee\/lv\/product-2\/richard-fergola-bbq-medus-habanero-berze-312g\/","title":{"rendered":"Richard Fergola BBQ Honey Habanero Rub 312g"},"content":{"rendered":"<p><strong>Sast\u0101vda\u013cas<\/strong>: cukurs, s\u0101ls, gar\u0161vielas, tostarp habanero \u010dilli pipari, kalt\u0113ti \u0137iploki un s\u012bpoli, paprika, cukura un medus pulveris (cukurniedru cukurs, medus), paprikas ekstrakti (kr\u0101sviela), din\u0101trija inosin\u0101ts un din\u0101trija guanil\u0101ts, dab\u012bga d\u016bmu gar\u0161a un ne vair\u0101k k\u0101 2% trikalcija fosf\u0101ta, kas pievienots, lai nov\u0113rstu sa\u0137ep\u0161anu.<\/p>\n<p>Bez lipek\u013ca un MSG-VABA.<\/p>","protected":false},"excerpt":{"rendered":"<p><strong>Ri\u010dards Fergola - cilv\u0113ks, kur\u0161 ir k\u013cuvis par \u012bstu kvalit\u0101tes un zin\u0101\u0161anu simbolu BBQ sabiedr\u012bb\u0101.<\/strong><\/p>\n<p data-start=\"88\" data-end=\"266\">Salds, pikants un neticami arom\u0101tisks - t\u0101ds ir pasaules \u010dempiona Ri\u010darda Fergola rad\u012btais \u0113diens. <strong data-start=\"243\" data-end=\"265\">Medus Habanero berz\u0113<\/strong>.<\/p>\n<p data-start=\"268\" data-end=\"457\">\u0160aj\u0101 berz\u0113 lieliski apvienojas dab\u012bg\u0101 medus saldums un habanero \u010dilli pikantums, nodro\u0161inot l\u012bdzsvarotu baud\u012bjumu, kas lieliski piem\u0113rots vistas ga\u013cai, c\u016bkga\u013cai, ribi\u0146\u0101m un pat d\u0101rze\u0146iem.<\/p>\n<p data-start=\"459\" data-end=\"614\">Rezult\u0101ts ir zeltaini br\u016bna un viegli karameliz\u0113ta garozi\u0146a, kas katram cepetim pie\u0161\u0137ir \u012bstam BBQ karalim cien\u012bgu izskatu un gar\u0161u.<\/p>\n<p data-start=\"616\" data-end=\"738\">\u2714\ufe0fMagus &amp; pikanti<br data-start=\"635\" data-end=\"638\" \/>\u2714\ufe0fLoodud - Richard Fergola, BBQ sacens\u012bbu \u010dempions<br data-start=\"688\" data-end=\"691\" \/>\u2714\ufe0fT\u00e4iuslik vistas un c\u016bkga\u013cas berz\u0113\u0161ana<br data-start=\"721\" data-end=\"724\" \/>\u2714\ufe0fGluteenivaba<\/p>\n<p data-start=\"740\" data-end=\"827\"><strong data-start=\"740\" data-end=\"752\">\ud83d\udca1Pro padoms:<\/strong> Izm\u0113\u0123iniet to uz popkorna vai grauzd\u0113tiem riekstiem - p\u0101rsteidzo\u0161i atkar\u012bbu izraiso\u0161s!<\/p>\n<p><strong><span style=\"color: #000000;\">\ud83d\udc4c 10\/10 c\u016bkga\u013cas ribi\u0146\u0101m, ribi\u0146u cepetim un vistas ga\u013cai.\u00a0<\/span><\/strong><\/p>\n<p>&nbsp;<\/p>\n<p><img loading=\"lazy\" decoding=\"async\" class=\"wp-image-2007\" src=\"http:\/\/tammetorubbq.ee\/wp-content\/uploads\/2024\/11\/Richardfergolabbq-298x300.jpg\" alt=\"Richardfergolabbq\" width=\"193\" height=\"194\" srcset=\"https:\/\/tammetorubbq.ee\/wp-content\/uploads\/2024\/11\/Richardfergolabbq-298x300.jpg 298w, https:\/\/tammetorubbq.ee\/wp-content\/uploads\/2024\/11\/Richardfergolabbq-150x150.jpg 150w, https:\/\/tammetorubbq.ee\/wp-content\/uploads\/2024\/11\/Richardfergolabbq-768x774.jpg 768w, https:\/\/tammetorubbq.ee\/wp-content\/uploads\/2024\/11\/Richardfergolabbq-12x12.jpg 12w, https:\/\/tammetorubbq.ee\/wp-content\/uploads\/2024\/11\/Richardfergolabbq-300x300.jpg 300w, https:\/\/tammetorubbq.ee\/wp-content\/uploads\/2024\/11\/Richardfergolabbq-600x605.jpg 600w, https:\/\/tammetorubbq.ee\/wp-content\/uploads\/2024\/11\/Richardfergolabbq-64x65.jpg 64w, https:\/\/tammetorubbq.ee\/wp-content\/uploads\/2024\/11\/Richardfergolabbq.jpg 952w\" sizes=\"auto, (max-width: 193px) 100vw, 193px\" \/><\/p>","protected":false},"featured_media":2001,"comment_status":"open","ping_status":"closed","template":"","meta":{"_uf_show_specific_survey":0,"_uf_disable_surveys":false},"pwb-brand":[82],"product_brand":[],"product_cat":[21],"product_tag":[],"class_list":{"0":"post-1921","1":"product","2":"type-product","3":"status-publish","4":"has-post-thumbnail","6":"pwb-brand-fergolicious","7":"product_cat-maitseainesegud","9":"first","10":"outofstock","11":"taxable","12":"shipping-taxable","13":"purchasable","14":"product-type-simple"},"brands":[{"id":82,"name":"Fergolicious","slug":"fergolicious"}],"_links":{"self":[{"href":"https:\/\/tammetorubbq.ee\/lv\/wp-json\/wp\/v2\/product\/1921","targetHints":{"allow":["GET"]}}],"collection":[{"href":"https:\/\/tammetorubbq.ee\/lv\/wp-json\/wp\/v2\/product"}],"about":[{"href":"https:\/\/tammetorubbq.ee\/lv\/wp-json\/wp\/v2\/types\/product"}],"replies":[{"embeddable":true,"href":"https:\/\/tammetorubbq.ee\/lv\/wp-json\/wp\/v2\/comments?post=1921"}],"wp:featuredmedia":[{"embeddable":true,"href":"https:\/\/tammetorubbq.ee\/lv\/wp-json\/wp\/v2\/media\/2001"}],"wp:attachment":[{"href":"https:\/\/tammetorubbq.ee\/lv\/wp-json\/wp\/v2\/media?parent=1921"}],"wp:term":[{"taxonomy":"pwb-brand","embeddable":true,"href":"https:\/\/tammetorubbq.ee\/lv\/wp-json\/wp\/v2\/pwb-brand?post=1921"},{"taxonomy":"product_brand","embeddable":true,"href":"https:\/\/tammetorubbq.ee\/lv\/wp-json\/wp\/v2\/product_brand?post=1921"},{"taxonomy":"product_cat","embeddable":true,"href":"https:\/\/tammetorubbq.ee\/lv\/wp-json\/wp\/v2\/product_cat?post=1921"},{"taxonomy":"product_tag","embeddable":true,"href":"https:\/\/tammetorubbq.ee\/lv\/wp-json\/wp\/v2\/product_tag?post=1921"}],"curies":[{"name":"wp","href":"https:\/\/api.w.org\/{rel}","templated":true}]}}