{"id":1924,"date":"2024-09-04T17:38:54","date_gmt":"2024-09-04T14:38:54","guid":{"rendered":"https:\/\/tammetorubbq.ee\/?post_type=product&#038;p=1924"},"modified":"2026-04-26T17:00:10","modified_gmt":"2026-04-26T14:00:10","slug":"poppamies-naga-jolokia-koriandra-merce-150ml","status":"publish","type":"product","link":"https:\/\/tammetorubbq.ee\/lv\/product-2\/poppamies-naga-jolokia-koriandra-merce-150ml\/","title":{"rendered":"Poppamies Naga In Jolokia \u010dilli m\u0113rce 150ml"},"content":{"rendered":"<p><strong>Sast\u0101vda\u013cas:<\/strong> \u016bdens, naga jolokia (28,8%), habanero, s\u0101ls, cukura eti\u0137is, biezin\u0101t\u0101js (ksant\u0101na sve\u0137i), sk\u0101buma regulators (eti\u0137sk\u0101be), \u0137iploki.<\/p>\n<p>Izm\u0113rs: 150 ml<br \/>\nPikantums: 8\/10<\/p>\n<p>Bez lipek\u013ca, bez laktozes, veg\u0101niem.<\/p>","protected":false},"excerpt":{"rendered":"<p>Naga Jolokia ir paz\u012bstama k\u0101 viena no pasaul\u0113 ugun\u012bg\u0101kaj\u0101m \u010dilli versij\u0101m.<\/p>\n<p>Tom\u0113r m\u0113rce ir apzin\u0101ti sajaukta p\u0113c iesp\u0113jas maig\u0101ka, lai t\u0101s gar\u0161u var\u0113tu izbaud\u012bt ar\u012b tie, kam nepat\u012bk ekstr\u0113ms \u010dilli arom\u0101ts.<\/p>\n<p>Tom\u0113r m\u0113rce ir 20 rei\u017eu as\u0101ka par tradicion\u0101lo Tabasko, t\u0101p\u0113c pikantums tai piem\u012bt.<\/p>\n<p>Viena no Naga Jolokia rakstur\u012bgaj\u0101m iez\u012bm\u0113m ir l\u0113ni pieaugo\u0161ais pikantums, kas var ilgt pat vair\u0101kas min\u016btes.<\/p>\n<p><span style=\"color: #0000ff;\"><strong>Tas ir \u012bstais veids, k\u0101 izbaud\u012bt lielisko un unik\u0101lo jolokijas gar\u0161u!<\/strong><\/span><\/p>\n<p><img loading=\"lazy\" decoding=\"async\" class=\"alignnone wp-image-281\" src=\"http:\/\/tammetorubbq.ee\/wp-content\/uploads\/2023\/11\/Kauppakarnevaali-logo-poppamies-transparent-300x153.webp\" alt=\"\" width=\"165\" height=\"84\" srcset=\"https:\/\/tammetorubbq.ee\/wp-content\/uploads\/2023\/11\/Kauppakarnevaali-logo-poppamies-transparent-300x153.webp 300w, https:\/\/tammetorubbq.ee\/wp-content\/uploads\/2023\/11\/Kauppakarnevaali-logo-poppamies-transparent-768x393.webp 768w, https:\/\/tammetorubbq.ee\/wp-content\/uploads\/2023\/11\/Kauppakarnevaali-logo-poppamies-transparent-18x9.webp 18w, https:\/\/tammetorubbq.ee\/wp-content\/uploads\/2023\/11\/Kauppakarnevaali-logo-poppamies-transparent-600x307.webp 600w, https:\/\/tammetorubbq.ee\/wp-content\/uploads\/2023\/11\/Kauppakarnevaali-logo-poppamies-transparent-64x33.webp 64w, https:\/\/tammetorubbq.ee\/wp-content\/uploads\/2023\/11\/Kauppakarnevaali-logo-poppamies-transparent.webp 900w\" sizes=\"auto, (max-width: 165px) 100vw, 165px\" \/><\/p>","protected":false},"featured_media":1926,"comment_status":"open","ping_status":"closed","template":"","meta":{"_uf_show_specific_survey":0,"_uf_disable_surveys":false},"pwb-brand":[],"product_brand":[],"product_cat":[22],"product_tag":[],"class_list":{"0":"post-1924","1":"product","2":"type-product","3":"status-publish","4":"has-post-thumbnail","6":"product_cat-kastmed-ja-marinaadid","8":"first","9":"outofstock","10":"taxable","11":"shipping-taxable","12":"purchasable","13":"product-type-simple"},"brands":[],"_links":{"self":[{"href":"https:\/\/tammetorubbq.ee\/lv\/wp-json\/wp\/v2\/product\/1924","targetHints":{"allow":["GET"]}}],"collection":[{"href":"https:\/\/tammetorubbq.ee\/lv\/wp-json\/wp\/v2\/product"}],"about":[{"href":"https:\/\/tammetorubbq.ee\/lv\/wp-json\/wp\/v2\/types\/product"}],"replies":[{"embeddable":true,"href":"https:\/\/tammetorubbq.ee\/lv\/wp-json\/wp\/v2\/comments?post=1924"}],"wp:featuredmedia":[{"embeddable":true,"href":"https:\/\/tammetorubbq.ee\/lv\/wp-json\/wp\/v2\/media\/1926"}],"wp:attachment":[{"href":"https:\/\/tammetorubbq.ee\/lv\/wp-json\/wp\/v2\/media?parent=1924"}],"wp:term":[{"taxonomy":"pwb-brand","embeddable":true,"href":"https:\/\/tammetorubbq.ee\/lv\/wp-json\/wp\/v2\/pwb-brand?post=1924"},{"taxonomy":"product_brand","embeddable":true,"href":"https:\/\/tammetorubbq.ee\/lv\/wp-json\/wp\/v2\/product_brand?post=1924"},{"taxonomy":"product_cat","embeddable":true,"href":"https:\/\/tammetorubbq.ee\/lv\/wp-json\/wp\/v2\/product_cat?post=1924"},{"taxonomy":"product_tag","embeddable":true,"href":"https:\/\/tammetorubbq.ee\/lv\/wp-json\/wp\/v2\/product_tag?post=1924"}],"curies":[{"name":"wp","href":"https:\/\/api.w.org\/{rel}","templated":true}]}}