{"id":1928,"date":"2024-09-04T17:44:19","date_gmt":"2024-09-04T14:44:19","guid":{"rendered":"https:\/\/tammetorubbq.ee\/?post_type=product&#038;p=1928"},"modified":"2026-04-19T16:00:58","modified_gmt":"2026-04-19T13:00:58","slug":"popamies-habanero-koriandra-merce-150ml","status":"publish","type":"product","link":"https:\/\/tammetorubbq.ee\/lv\/product-2\/popamies-habanero-koriandra-merce-150ml\/","title":{"rendered":"Poppamies Habanero \u010dilli m\u0113rce 150ml"},"content":{"rendered":"<p><strong>Sast\u0101vda\u013cas:<\/strong> \u016bdens, habanero (35%), Naga Jolokia, s\u0101ls, cukura eti\u0137is, s\u012bpoli, sk\u0101buma regul\u0113t\u0101js (eti\u0137sk\u0101be), biezin\u0101t\u0101js (ksant\u0101na sve\u0137i), \u0137iploki.<\/p>\n<p>Izm\u0113rs: 150 ml<br \/>\nSiltums: 5\/10<\/p>\n<p>Bez lipek\u013ca, bez laktozes, veg\u0101niem.<\/p>","protected":false},"excerpt":{"rendered":"<p>M\u0113rce ir pikant\u0101ka nek\u0101 vid\u0113ji, un tas noz\u012bm\u0113, ka t\u0101 ir lieliski piem\u0113rota gan galdam, gan \u0113diena gatavo\u0161anai.<\/p>\n<p>&nbsp;<\/p>\n<p><img loading=\"lazy\" decoding=\"async\" class=\"alignnone wp-image-281\" src=\"http:\/\/tammetorubbq.ee\/wp-content\/uploads\/2023\/11\/Kauppakarnevaali-logo-poppamies-transparent-300x153.webp\" alt=\"\" width=\"167\" height=\"85\" srcset=\"https:\/\/tammetorubbq.ee\/wp-content\/uploads\/2023\/11\/Kauppakarnevaali-logo-poppamies-transparent-300x153.webp 300w, https:\/\/tammetorubbq.ee\/wp-content\/uploads\/2023\/11\/Kauppakarnevaali-logo-poppamies-transparent-768x393.webp 768w, https:\/\/tammetorubbq.ee\/wp-content\/uploads\/2023\/11\/Kauppakarnevaali-logo-poppamies-transparent-18x9.webp 18w, https:\/\/tammetorubbq.ee\/wp-content\/uploads\/2023\/11\/Kauppakarnevaali-logo-poppamies-transparent-600x307.webp 600w, https:\/\/tammetorubbq.ee\/wp-content\/uploads\/2023\/11\/Kauppakarnevaali-logo-poppamies-transparent-64x33.webp 64w, https:\/\/tammetorubbq.ee\/wp-content\/uploads\/2023\/11\/Kauppakarnevaali-logo-poppamies-transparent.webp 900w\" sizes=\"auto, (max-width: 167px) 100vw, 167px\" \/><\/p>","protected":false},"featured_media":1929,"comment_status":"open","ping_status":"closed","template":"","meta":{"_uf_show_specific_survey":0,"_uf_disable_surveys":false},"pwb-brand":[167],"product_brand":[],"product_cat":[20,22],"product_tag":[],"class_list":{"0":"post-1928","1":"product","2":"type-product","3":"status-publish","4":"has-post-thumbnail","6":"pwb-brand-poppamies","7":"product_cat-kampaania","8":"product_cat-kastmed-ja-marinaadid","10":"first","11":"instock","12":"sale","13":"taxable","14":"shipping-taxable","15":"purchasable","16":"product-type-simple"},"brands":[{"id":167,"name":"Poppamies","slug":"poppamies"}],"_links":{"self":[{"href":"https:\/\/tammetorubbq.ee\/lv\/wp-json\/wp\/v2\/product\/1928","targetHints":{"allow":["GET"]}}],"collection":[{"href":"https:\/\/tammetorubbq.ee\/lv\/wp-json\/wp\/v2\/product"}],"about":[{"href":"https:\/\/tammetorubbq.ee\/lv\/wp-json\/wp\/v2\/types\/product"}],"replies":[{"embeddable":true,"href":"https:\/\/tammetorubbq.ee\/lv\/wp-json\/wp\/v2\/comments?post=1928"}],"wp:featuredmedia":[{"embeddable":true,"href":"https:\/\/tammetorubbq.ee\/lv\/wp-json\/wp\/v2\/media\/1929"}],"wp:attachment":[{"href":"https:\/\/tammetorubbq.ee\/lv\/wp-json\/wp\/v2\/media?parent=1928"}],"wp:term":[{"taxonomy":"pwb-brand","embeddable":true,"href":"https:\/\/tammetorubbq.ee\/lv\/wp-json\/wp\/v2\/pwb-brand?post=1928"},{"taxonomy":"product_brand","embeddable":true,"href":"https:\/\/tammetorubbq.ee\/lv\/wp-json\/wp\/v2\/product_brand?post=1928"},{"taxonomy":"product_cat","embeddable":true,"href":"https:\/\/tammetorubbq.ee\/lv\/wp-json\/wp\/v2\/product_cat?post=1928"},{"taxonomy":"product_tag","embeddable":true,"href":"https:\/\/tammetorubbq.ee\/lv\/wp-json\/wp\/v2\/product_tag?post=1928"}],"curies":[{"name":"wp","href":"https:\/\/api.w.org\/{rel}","templated":true}]}}