{"id":1951,"date":"2024-09-11T16:21:37","date_gmt":"2024-09-11T13:21:37","guid":{"rendered":"https:\/\/tammetorubbq.ee\/?post_type=product&#038;p=1951"},"modified":"2026-04-15T06:00:06","modified_gmt":"2026-04-15T03:00:06","slug":"liellopa-krusu-karbonade-65kg-aus","status":"publish","type":"product","link":"https:\/\/tammetorubbq.ee\/lv\/product-2\/liellopa-krusu-karbonade-65kg-aus\/","title":{"rendered":"Liellopa kr\u016bti\u0146a BRISKET ~6,5kg ABERDEEN BLACK (AUS)"},"content":{"rendered":"<p>Svars: ~6,5 kg<\/p>\n<p>Sasald\u0113\u0161anas metode: IVP -18\u00b0C<\/p>\n<p>Pieg\u0101d\u0101t\u0101js\/Brends: Aberdeen Black<\/p>\n<p>\u0160\u0137irne: Parasti Black Angus vai l\u012bdz\u012bgi augstas kvalit\u0101tes ga\u013cas liellopi.<\/p>\n<p>Klasifik\u0101cija: parasti MB3+ l\u012bdz MB5+ (marmor\u0113\u0161ana p\u0113c Austr\u0101lijas skalas).<\/p>\n<p>Izcelsmes valsts: Austr\u0101lija<\/p>\n<p>&nbsp;<\/p>\n<h3 data-start=\"1466\" data-end=\"1515\">\u2705 V<strong data-start=\"1472\" data-end=\"1515\">sal\u012bdzin\u0101jum\u0101 ar Creekstone (ASV):<\/strong><\/h3>\n<div class=\"_tableContainer_16hzy_1\">\n<div class=\"_tableWrapper_16hzy_14 group flex w-fit flex-col-reverse\" tabindex=\"-1\">\n<table class=\"w-fit min-w-(--thread-content-width)\" data-start=\"1516\" data-end=\"1907\">\n<thead data-start=\"1516\" data-end=\"1575\">\n<tr data-start=\"1516\" data-end=\"1575\">\n<th data-start=\"1516\" data-end=\"1526\" data-col-size=\"sm\">Sal\u012bdzin\u0101jums<\/th>\n<th data-start=\"1526\" data-end=\"1549\" data-col-size=\"sm\">Aberdeen Black (AUS)<\/th>\n<th data-start=\"1549\" data-end=\"1575\" data-col-size=\"sm\">Creekstone Prime (ASV)<\/th>\n<\/tr>\n<\/thead>\n<tbody data-start=\"1639\" data-end=\"1907\">\n<tr data-start=\"1639\" data-end=\"1698\">\n<td data-start=\"1639\" data-end=\"1657\" data-col-size=\"sm\">Marmor\u0113\u0161ana<\/td>\n<td data-start=\"1657\" data-end=\"1673\" data-col-size=\"sm\">Labi (MB3+-5+)<\/td>\n<td data-start=\"1673\" data-end=\"1698\" data-col-size=\"sm\">\u013boti labs (USDA Prime)<\/td>\n<\/tr>\n<tr data-start=\"1699\" data-end=\"1726\">\n<td data-start=\"1699\" data-end=\"1706\" data-col-size=\"sm\">Cena<\/td>\n<td data-start=\"1706\" data-end=\"1716\" data-col-size=\"sm\">L\u0113t\u0101k<\/td>\n<td data-start=\"1716\" data-end=\"1726\" data-col-size=\"sm\">D\u0101rg\u0101ks<\/td>\n<\/tr>\n<tr data-start=\"1727\" data-end=\"1785\">\n<td data-start=\"1727\" data-end=\"1736\" data-col-size=\"sm\">Gar\u0161a<\/td>\n<td data-start=\"1736\" data-end=\"1766\" data-col-size=\"sm\">Mazliet maz\u0101k taukains, t\u012br\u0101ks<\/td>\n<td data-start=\"1766\" data-end=\"1785\" data-col-size=\"sm\">Dzi\u013c\u0101ks, sviestain\u0101ks<\/td>\n<\/tr>\n<tr data-start=\"1786\" data-end=\"1843\">\n<td data-start=\"1786\" data-end=\"1802\" data-col-size=\"sm\">Pieejams vietn\u0113<\/td>\n<td data-start=\"1802\" data-end=\"1824\" data-col-size=\"sm\">Visticam\u0101k, ir noliktav\u0101<\/td>\n<td data-start=\"1824\" data-end=\"1843\" data-col-size=\"sm\">Nepiecie\u0161ams pas\u016bt\u012bjums<\/td>\n<\/tr>\n<tr data-start=\"1844\" data-end=\"1907\">\n<td data-start=\"1844\" data-end=\"1860\" data-col-size=\"sm\">Kam piem\u0113rots<\/td>\n<td data-start=\"1860\" data-end=\"1881\" data-col-size=\"sm\">Hobikokk, \u0113din\u0101\u0161ana<\/td>\n<td data-start=\"1881\" data-end=\"1907\" data-col-size=\"sm\">Konkurenti, restor\u0101ni<\/td>\n<\/tr>\n<\/tbody>\n<\/table>\n<\/div>\n<\/div>","protected":false},"excerpt":{"rendered":"<p data-start=\"358\" data-end=\"667\">Atkl\u0101jiet \u012bstu BBQ klasiku! Aberdeen Black brisket ir augst\u0101k\u0101s kvalit\u0101tes Austr\u0101lijas liellopa briskets, kas lieliski piem\u0113rots l\u0113nai gatavo\u0161anai, k\u016bpin\u0101\u0161anai un gatavo\u0161anai sous-vide. T\u0101s kupl\u0101 konsistence un m\u0113rena marmor\u0113t\u012bba nodro\u0161ina sul\u012bgu rezult\u0101tu un dzi\u013cu dabisko gar\u0161u.<\/p>\n<p data-start=\"669\" data-end=\"856\">Izgatavots saska\u0146\u0101 ar MSA (Meat Standards Australia) kvalit\u0101tes standartiem, kas nodro\u0161ina katra ga\u013cas gabala maigumu, sul\u012bgumu un gar\u0161u. Piem\u0113rots gan m\u0101jas pav\u0101riem, gan gril\u0113\u0161anas entuziastiem un profesion\u0101\u013ciem.<\/p>\n<h3 data-start=\"863\" data-end=\"905\">K\u0101p\u0113c izv\u0113l\u0113ties Aberd\u012bnas melno brisketu?<\/h3>\n<p data-start=\"909\" data-end=\"947\">\u2705 Uzticama Austr\u0101lijas kvalit\u0101te<\/p>\n<p data-start=\"950\" data-end=\"1011\">\u2705 Ide\u0101li piem\u0113rots gril\u0113\u0161anas k\u016bpin\u0101\u0161anai un \"zema un l\u0113na\" \u0113diena gatavo\u0161anai.<\/p>\n<p data-start=\"1014\" data-end=\"1091\">\u2705 Gar\u0161\u012bgs un sul\u012bgs - lieliski piem\u0113rots ga\u013cas grie\u0161anai \u0161\u0137\u0113l\u0113s vai \u0161\u0137\u0113l\u0113s.<\/p>\n<p data-start=\"1094\" data-end=\"1141\">\u2705 Pieejam\u0101ka alternat\u012bva ASV Prime \u0161\u0137irnes sasmalcin\u0101tai ga\u013cai<\/p>\n<p data-start=\"1964\" data-end=\"2175\">\ud83d\udca1<strong>Profesion\u0101\u013cu padoms:<\/strong> T\u0101 k\u0101 \u0161o sasmalcin\u0101to kr\u016bti\u0146u var <strong data-start=\"1991\" data-end=\"2007\">nedaudz pl\u0101n\u0101ks<\/strong> ja izmantojat US Prime, izmantojiet <strong data-start=\"2030\" data-end=\"2067\">sviesta vai liellopu ga\u013cas tauku uzkl\u0101\u0161anai<\/strong> sm\u0113\u0137\u0113\u0161anas laik\u0101 (ik p\u0113c 1-1,5 h). Tas uztur ga\u013cu mitru un pal\u012bdz ga\u013cai lab\u0101k veidoties garozas mizi\u0146ai.<\/p>\n<p>Produkts tiek p\u0101rdots p\u0113c svara. Prec\u012bza cena tiks apr\u0113\u0137in\u0101ta p\u0113c produkta nosv\u0113r\u0161anas.<\/p>\n<p><strong>Produkts ir pieejams iepriek\u0161\u0113jam pas\u016bt\u012bjumam.\u00a0<\/strong><\/p>\n<p>T\u0101 k\u0101 \u0161is ir sv\u0113r\u0161anas produkts, nav iesp\u0113jams veikt pas\u016bt\u012bjumu tie\u0161saistes veikal\u0101.<\/p>\n<p>Lai pas\u016bt\u012btu, l\u016bdzu, rakstiet uz \u0161\u0101du adresi <a href=\"\/lv\/info@tammetorubbq.ee\/\">info@tammetorubbq.ee<\/a> vai zvaniet <a href=\"http:\/\/+372 56 888 638\">+372 56 888 638<\/a><\/p>\n<p>&nbsp;<\/p>\n<p><img loading=\"lazy\" decoding=\"async\" class=\"wp-image-1982\" src=\"http:\/\/tammetorubbq.ee\/wp-content\/uploads\/2024\/09\/Aberdeen-Black-300x161.png\" alt=\"Aberd\u012bnas melnais\" width=\"233\" height=\"125\" srcset=\"https:\/\/tammetorubbq.ee\/wp-content\/uploads\/2024\/09\/Aberdeen-Black-300x161.png 300w, https:\/\/tammetorubbq.ee\/wp-content\/uploads\/2024\/09\/Aberdeen-Black-18x10.png 18w, https:\/\/tammetorubbq.ee\/wp-content\/uploads\/2024\/09\/Aberdeen-Black-64x34.png 64w, https:\/\/tammetorubbq.ee\/wp-content\/uploads\/2024\/09\/Aberdeen-Black.png 600w\" sizes=\"auto, (max-width: 233px) 100vw, 233px\" \/><\/p>","protected":false},"featured_media":1952,"comment_status":"open","ping_status":"closed","template":"","meta":{"_uf_show_specific_survey":0,"_uf_disable_surveys":false},"pwb-brand":[],"product_brand":[],"product_cat":[71],"product_tag":[],"class_list":{"0":"post-1951","1":"product","2":"type-product","3":"status-publish","4":"has-post-thumbnail","6":"product_cat-liha","8":"first","9":"outofstock","10":"taxable","11":"shipping-taxable","12":"purchasable","13":"product-type-simple"},"brands":[],"_links":{"self":[{"href":"https:\/\/tammetorubbq.ee\/lv\/wp-json\/wp\/v2\/product\/1951","targetHints":{"allow":["GET"]}}],"collection":[{"href":"https:\/\/tammetorubbq.ee\/lv\/wp-json\/wp\/v2\/product"}],"about":[{"href":"https:\/\/tammetorubbq.ee\/lv\/wp-json\/wp\/v2\/types\/product"}],"replies":[{"embeddable":true,"href":"https:\/\/tammetorubbq.ee\/lv\/wp-json\/wp\/v2\/comments?post=1951"}],"wp:featuredmedia":[{"embeddable":true,"href":"https:\/\/tammetorubbq.ee\/lv\/wp-json\/wp\/v2\/media\/1952"}],"wp:attachment":[{"href":"https:\/\/tammetorubbq.ee\/lv\/wp-json\/wp\/v2\/media?parent=1951"}],"wp:term":[{"taxonomy":"pwb-brand","embeddable":true,"href":"https:\/\/tammetorubbq.ee\/lv\/wp-json\/wp\/v2\/pwb-brand?post=1951"},{"taxonomy":"product_brand","embeddable":true,"href":"https:\/\/tammetorubbq.ee\/lv\/wp-json\/wp\/v2\/product_brand?post=1951"},{"taxonomy":"product_cat","embeddable":true,"href":"https:\/\/tammetorubbq.ee\/lv\/wp-json\/wp\/v2\/product_cat?post=1951"},{"taxonomy":"product_tag","embeddable":true,"href":"https:\/\/tammetorubbq.ee\/lv\/wp-json\/wp\/v2\/product_tag?post=1951"}],"curies":[{"name":"wp","href":"https:\/\/api.w.org\/{rel}","templated":true}]}}