{"id":1974,"date":"2024-10-09T12:48:24","date_gmt":"2024-10-09T09:48:24","guid":{"rendered":"https:\/\/tammetorubbq.ee\/?post_type=product&#038;p=1974"},"modified":"2026-04-05T22:00:48","modified_gmt":"2026-04-05T19:00:48","slug":"miesnieks-tomahawk-steiks-irija","status":"publish","type":"product","link":"https:\/\/tammetorubbq.ee\/lv\/product-2\/miesnieks-tomahawk-steiks-irija\/","title":{"rendered":"TOMAHAHAWK ga\u013cas liellopu steiks 0,9-1,3kg GREENHILL (IRL)"},"content":{"rendered":"<p>Punkts: tomahawk<br \/>\nIz\u0146emts no<\/p>\n<p>\u0160\u0137irne: Black Angus HQB (augstas kvalit\u0101tes liellopu ga\u013ca)<\/p>\n<p>Sasald\u0113\u0161anas metode: IVP -18\u00b0C<br \/>\nIepakojums: 0,9-1,3 kg<br \/>\nKaste: ~ 3 kg<\/p>\n<p>Z\u012bmols: Greenhill<br \/>\nIzcelsmes valsts: \u012arija<\/p>\n<p>&nbsp;<\/p>\n<p>Produktu nevar nos\u016bt\u012bt ar pakom\u0101tu vai kurjeru.<\/p>\n<p>Rakstiet mums\u00a0<a href=\"https:\/\/tammetorubbq.ee\/lv\/product-2\/swift-swifta-sariba-st-louise-usa\/info%40tammetorubbq.ee\/\">info@tammetorubbq.ee<\/a>\u00a0vai zvaniet\u00a0<a href=\"http:\/\/+372%2056%20888%20638\/\" target=\"_blank\" rel=\"noopener\">+372 56 888 638<\/a><\/p>","protected":false},"excerpt":{"rendered":"<p>Tomahawk steiks no liellopa ga\u013cas (marmoraina antrac\u012bda ga\u013ca ar str\u012bpainu fileju).<\/p>\n<p>&nbsp;<\/p>\n<p>\u00dche steigi\u00a0 kaal on 1,1-1,3kg.<\/p>\n<p>Produkts tiek p\u0101rdots p\u0113c svara. Prec\u012bza cena tiks apr\u0113\u0137in\u0101ta p\u0113c produkta nosv\u0113r\u0161anas.<\/p>\n<p>Nevilcinieties l\u016bgt \u012bpa\u0161u cenu liel\u0101kam daudzumam.<\/p>\n<p>&nbsp;<\/p>\n<p><strong>Produkts ir pieejams iepriek\u0161\u0113jam pas\u016bt\u012bjumam.\u00a0<\/strong><\/p>\n<p>T\u0101 k\u0101 \u0161is ir sv\u0113r\u0161anas produkts, nav iesp\u0113jams veikt pas\u016bt\u012bjumu tie\u0161saistes veikal\u0101.<\/p>\n<p>Lai pas\u016bt\u012btu, l\u016bdzu, rakstiet uz \u0161\u0101du adresi\u00a0<a href=\"https:\/\/tammetorubbq.ee\/lv\/product-2\/liellopa-krusu-karbonade-65kg-aus\/info%40tammetorubbq.ee\/\">info@tammetorubbq.ee<\/a>\u00a0vai zvaniet\u00a0<a href=\"http:\/\/+372%2056%20888%20638\/\">+372 56 888 638<\/a><\/p>\n<p><img loading=\"lazy\" decoding=\"async\" class=\"wp-image-1977\" src=\"http:\/\/tammetorubbq.ee\/wp-content\/uploads\/2024\/10\/Greenhill-Premium-High-Quality-Meat-logo-1-300x142.png\" alt=\"Greenhill Premium augstas kvalit\u0101tes ga\u013cas logotips\" width=\"207\" height=\"98\" srcset=\"https:\/\/tammetorubbq.ee\/wp-content\/uploads\/2024\/10\/Greenhill-Premium-High-Quality-Meat-logo-1-300x142.png 300w, https:\/\/tammetorubbq.ee\/wp-content\/uploads\/2024\/10\/Greenhill-Premium-High-Quality-Meat-logo-1-18x9.png 18w, https:\/\/tammetorubbq.ee\/wp-content\/uploads\/2024\/10\/Greenhill-Premium-High-Quality-Meat-logo-1-64x30.png 64w, https:\/\/tammetorubbq.ee\/wp-content\/uploads\/2024\/10\/Greenhill-Premium-High-Quality-Meat-logo-1.png 600w\" sizes=\"auto, (max-width: 207px) 100vw, 207px\" \/><\/p>","protected":false},"featured_media":1979,"comment_status":"open","ping_status":"closed","template":"","meta":{"_uf_show_specific_survey":0,"_uf_disable_surveys":false},"pwb-brand":[186],"product_brand":[],"product_cat":[71],"product_tag":[187,119],"class_list":{"0":"post-1974","1":"product","2":"type-product","3":"status-publish","4":"has-post-thumbnail","6":"pwb-brand-greenhill-quality-meat","7":"product_cat-liha","8":"product_tag-greenhill-quality-meat","9":"product_tag-veiseliha","11":"first","12":"outofstock","13":"taxable","14":"shipping-taxable","15":"purchasable","16":"product-type-simple"},"brands":[{"id":186,"name":"Greenhill Quality Meat","slug":"greenhill-quality-meat"}],"_links":{"self":[{"href":"https:\/\/tammetorubbq.ee\/lv\/wp-json\/wp\/v2\/product\/1974","targetHints":{"allow":["GET"]}}],"collection":[{"href":"https:\/\/tammetorubbq.ee\/lv\/wp-json\/wp\/v2\/product"}],"about":[{"href":"https:\/\/tammetorubbq.ee\/lv\/wp-json\/wp\/v2\/types\/product"}],"replies":[{"embeddable":true,"href":"https:\/\/tammetorubbq.ee\/lv\/wp-json\/wp\/v2\/comments?post=1974"}],"wp:featuredmedia":[{"embeddable":true,"href":"https:\/\/tammetorubbq.ee\/lv\/wp-json\/wp\/v2\/media\/1979"}],"wp:attachment":[{"href":"https:\/\/tammetorubbq.ee\/lv\/wp-json\/wp\/v2\/media?parent=1974"}],"wp:term":[{"taxonomy":"pwb-brand","embeddable":true,"href":"https:\/\/tammetorubbq.ee\/lv\/wp-json\/wp\/v2\/pwb-brand?post=1974"},{"taxonomy":"product_brand","embeddable":true,"href":"https:\/\/tammetorubbq.ee\/lv\/wp-json\/wp\/v2\/product_brand?post=1974"},{"taxonomy":"product_cat","embeddable":true,"href":"https:\/\/tammetorubbq.ee\/lv\/wp-json\/wp\/v2\/product_cat?post=1974"},{"taxonomy":"product_tag","embeddable":true,"href":"https:\/\/tammetorubbq.ee\/lv\/wp-json\/wp\/v2\/product_tag?post=1974"}],"curies":[{"name":"wp","href":"https:\/\/api.w.org\/{rel}","templated":true}]}}