{"id":1994,"date":"2024-11-01T09:10:07","date_gmt":"2024-11-01T07:10:07","guid":{"rendered":"https:\/\/tammetorubbq.ee\/?post_type=product&#038;p=1994"},"modified":"2026-04-15T03:00:25","modified_gmt":"2026-04-15T00:00:25","slug":"richard-fergola-universalais-berzejums-354g","status":"publish","type":"product","link":"https:\/\/tammetorubbq.ee\/lv\/product-2\/richard-fergola-universalais-berzejums-354g\/","title":{"rendered":"Richard Fergola univers\u0101lais berz\u0113jums 354g"},"content":{"rendered":"<p><strong>Sast\u0101vda\u013cas:<\/strong> S\u0101ls, cukurs, gar\u0161vielas, kalt\u0113ti \u0137iploki, maltodekstr\u012bns, paprika, paprikas ekstrakti (kr\u0101sviela), din\u0101trija inosin\u0101ts un din\u0101trija guanil\u0101ts, seleriju ekstrakti, dab\u012bg\u0101 aromatiz\u0113t\u0101ja un ne vair\u0101k k\u0101 2% trikalcija fosf\u0101ta, kas pievienots, lai nov\u0113rstu sa\u0137ep\u0161anu.<\/p>","protected":false},"excerpt":{"rendered":"<p><strong>Ri\u010dards Fergola - cilv\u0113ks, kur\u0161 ir k\u013cuvis par \u012bstu kvalit\u0101tes un zin\u0101\u0161anu simbolu BBQ sabiedr\u012bb\u0101.<\/strong><\/p>\n<p data-start=\"139\" data-end=\"373\">Ja mekl\u0113jat vienu gar\u0161vielu, kas ir piem\u0113rota j\u016bsu <em data-start=\"179\" data-end=\"188\">visi<\/em>, tad <strong data-start=\"195\" data-end=\"227\">Fergolicious univers\u0101lais berz\u0113jums<\/strong> ir tie\u0161i tas! Univers\u0101ls, labi sabalans\u0113ts, ar autentisku BBQ gar\u0161u, piem\u0113rots liellopu ga\u013cai, c\u016bkga\u013cai, vistas ga\u013cai un d\u0101rze\u0146iem.<\/p>\n<p data-start=\"375\" data-end=\"607\">Pasaules \u010dempiona Ri\u010darda Fergola rad\u012btais mais\u012bjums apvieno viegli k\u016bpin\u0101tas, saldas un pikantas notis, kas izce\u013c lab\u0101ko no neapstr\u0101d\u0101t\u0101m sast\u0101vda\u013c\u0101m - vai t\u0101s b\u016btu l\u0113ni k\u016bpin\u0101tas ribi\u0146as, vai \u0101tri uz pannas apcepta vistas fileja.<\/p>\n<p data-start=\"609\" data-end=\"775\">\u2714\ufe0fT\u00f5eline \"viens izm\u0113rs der visiem\" BBQ berz\u0113t<br data-start=\"642\" data-end=\"645\" \/>\u2714\ufe0fSobib gril\u0113\u0161anai, k\u016bpin\u0101\u0161anai un ikdienas lieto\u0161anai virtuv\u0113.<br data-start=\"717\" data-end=\"720\" \/>\u2714\ufe0fAmeerika BBQ \u010dempionu izlase<br data-start=\"758\" data-end=\"761\" \/>\u2714\ufe0fGluteenivaba<\/p>\n<p data-start=\"777\" data-end=\"903\"><strong data-start=\"777\" data-end=\"789\">\ud83d\udca1Pro padoms:<\/strong> Izmantojiet \u0161o berz\u0113jumu kartupe\u013cu, kukur\u016bzas vai avokado gar\u0161vielu pagatavo\u0161anai - pavisam jauna BBQ dimensija j\u016bsu vakari\u0146u galdam!<\/p>\n<p><img loading=\"lazy\" decoding=\"async\" class=\"wp-image-2007\" src=\"http:\/\/tammetorubbq.ee\/wp-content\/uploads\/2024\/11\/Richardfergolabbq-298x300.jpg\" alt=\"Richardfergolabbq \" width=\"192\" height=\"193\" srcset=\"https:\/\/tammetorubbq.ee\/wp-content\/uploads\/2024\/11\/Richardfergolabbq-298x300.jpg 298w, https:\/\/tammetorubbq.ee\/wp-content\/uploads\/2024\/11\/Richardfergolabbq-150x150.jpg 150w, https:\/\/tammetorubbq.ee\/wp-content\/uploads\/2024\/11\/Richardfergolabbq-768x774.jpg 768w, https:\/\/tammetorubbq.ee\/wp-content\/uploads\/2024\/11\/Richardfergolabbq-12x12.jpg 12w, https:\/\/tammetorubbq.ee\/wp-content\/uploads\/2024\/11\/Richardfergolabbq-300x300.jpg 300w, https:\/\/tammetorubbq.ee\/wp-content\/uploads\/2024\/11\/Richardfergolabbq-600x605.jpg 600w, https:\/\/tammetorubbq.ee\/wp-content\/uploads\/2024\/11\/Richardfergolabbq-64x65.jpg 64w, https:\/\/tammetorubbq.ee\/wp-content\/uploads\/2024\/11\/Richardfergolabbq.jpg 952w\" sizes=\"auto, (max-width: 192px) 100vw, 192px\" \/><\/p>","protected":false},"featured_media":1995,"comment_status":"open","ping_status":"closed","template":"","meta":{"_uf_show_specific_survey":0,"_uf_disable_surveys":false},"pwb-brand":[],"product_brand":[],"product_cat":[21],"product_tag":[118,121,114,122,123,119],"class_list":{"0":"post-1994","1":"product","2":"type-product","3":"status-publish","4":"has-post-thumbnail","6":"product_cat-maitseainesegud","7":"product_tag-kanaliha","8":"product_tag-koogiviljad","9":"product_tag-sealiha","10":"product_tag-searibi","11":"product_tag-steik","12":"product_tag-veiseliha","14":"first","15":"instock","16":"taxable","17":"shipping-taxable","18":"purchasable","19":"product-type-simple"},"brands":[],"_links":{"self":[{"href":"https:\/\/tammetorubbq.ee\/lv\/wp-json\/wp\/v2\/product\/1994","targetHints":{"allow":["GET"]}}],"collection":[{"href":"https:\/\/tammetorubbq.ee\/lv\/wp-json\/wp\/v2\/product"}],"about":[{"href":"https:\/\/tammetorubbq.ee\/lv\/wp-json\/wp\/v2\/types\/product"}],"replies":[{"embeddable":true,"href":"https:\/\/tammetorubbq.ee\/lv\/wp-json\/wp\/v2\/comments?post=1994"}],"wp:featuredmedia":[{"embeddable":true,"href":"https:\/\/tammetorubbq.ee\/lv\/wp-json\/wp\/v2\/media\/1995"}],"wp:attachment":[{"href":"https:\/\/tammetorubbq.ee\/lv\/wp-json\/wp\/v2\/media?parent=1994"}],"wp:term":[{"taxonomy":"pwb-brand","embeddable":true,"href":"https:\/\/tammetorubbq.ee\/lv\/wp-json\/wp\/v2\/pwb-brand?post=1994"},{"taxonomy":"product_brand","embeddable":true,"href":"https:\/\/tammetorubbq.ee\/lv\/wp-json\/wp\/v2\/product_brand?post=1994"},{"taxonomy":"product_cat","embeddable":true,"href":"https:\/\/tammetorubbq.ee\/lv\/wp-json\/wp\/v2\/product_cat?post=1994"},{"taxonomy":"product_tag","embeddable":true,"href":"https:\/\/tammetorubbq.ee\/lv\/wp-json\/wp\/v2\/product_tag?post=1994"}],"curies":[{"name":"wp","href":"https:\/\/api.w.org\/{rel}","templated":true}]}}