{"id":2010,"date":"2024-11-04T15:02:24","date_gmt":"2024-11-04T13:02:24","guid":{"rendered":"https:\/\/tammetorubbq.ee\/?post_type=product&#038;p=2010"},"modified":"2026-04-14T18:00:46","modified_gmt":"2026-04-14T15:00:46","slug":"southern-dutch-bbq-a-touch-of-sweet-rub-290g","status":"publish","type":"product","link":"https:\/\/tammetorubbq.ee\/lv\/product-2\/southern-dutch-bbq-a-touch-of-sweet-rub-290g\/","title":{"rendered":"Southern Dutch BBQ A Touch of Sweet Rub 290g"},"content":{"rendered":"<p><strong>Sast\u0101vda\u013cas:<\/strong> Cukurniedru cukurs, s\u0101ls, paprika, melnie pipari, d\u0101rze\u0146i, cukurs, dab\u012bgais aromatiz\u0113t\u0101js, gar\u0161as pastiprin\u0101t\u0101js E621, gar\u0161vielas, p\u0101rtikas kr\u0101sviela - paprikas ekstrakts, E551.<\/p>\n<p>Bez lipek\u013ca.<\/p>\n<p>&nbsp;<\/p>\n<p><strong>Kes par dienvidu holandie\u0161u BBQ<\/strong><\/p>\n<p class=\"\" data-start=\"24\" data-end=\"609\">Southern Dutch BBQ ir kop\u012bgs Toma Raisa un Dor\u012bnes van Gefenas projekts. \u0160is sp\u0113c\u012bgais tand\u0113ms 2012. gad\u0101 s\u0101ka savu ce\u013cojumu ar blogu, lai dal\u012btos ar pasauli savos BBQ piedz\u012bvojumos. V\u0113lme uzzin\u0101t visu par amerik\u0101\u0146u b\u0101rbekj\u016b vi\u0146us aizveda uz KCBS (Kansas City Barbeque Society) konkursu. 2013. gad\u0101 vi\u0146i piedal\u012bj\u0101s sav\u0101 pirmaj\u0101 konkurs\u0101, un tas k\u013cuva par pagrieziena punktu. Kop\u0161 t\u0101 laika vi\u0146i ir aizr\u0101vu\u0161ies ar b\u0101rbekj\u016b sacens\u012bbu pasauli un piedal\u0101s konkursos vis\u0101 pasaul\u0113, vienm\u0113r cen\u0161oties nodro\u0161in\u0101t lab\u0101ko un gar\u0161\u012bg\u0101ko izv\u0113li gan tiesne\u0161iem, gan saviem labajiem draugiem.<\/p>\n<p class=\"\" data-start=\"611\" data-end=\"748\"><em>V\u0113lme katru dienu k\u013c\u016bt lab\u0101kiem ir \u013c\u0101vusi Tomam un Dor\u012bnai k\u013c\u016bt par mentoriem da\u017eiem no ASV lab\u0101kajiem BBQ meistariem, piem\u0113ram, Tuffy Stone un Travis Clark.<\/em><\/p>\n<p class=\"\" data-start=\"750\" data-end=\"1093\">Vi\u0146u misija \u0161odien ir dz\u012bvot un elpot BBQ katru dienu, sniedzot savu aizrau\u0161anos un zin\u0101\u0161anas ikvienam, kas interes\u0113jas par \u0161o kult\u016bru, sportu vai vienk\u0101r\u0161i lielisku \u0113dienu. Gril\u0113\u0161ana un sacens\u012bbas vi\u0146iem nav tikai hobijs - tas ir dz\u012bvesveids. BBQ ir aizvedis vi\u0146us uz viet\u0101m, uz kur\u0101m vi\u0146i cit\u0101di nekad neb\u016btu aizbrauku\u0161i, un rad\u012bjis draudz\u012bbas uz m\u016b\u017eu.<\/p>","protected":false},"excerpt":{"rendered":"<p class=\"\" data-start=\"0\" data-end=\"45\"><strong data-start=\"0\" data-end=\"45\">Southern Dutch BBQ \"Sald\u0101 rub\u012bna piesk\u0101riens\"<\/strong><\/p>\n<p class=\"\" data-start=\"47\" data-end=\"408\">Pie\u0161\u0137iriet saldo dzirksti ar Southern Dutch BBQ \"A Touch of Sweet Rub\"! \u0160is gar\u0161\u012bgais, saldais mais\u012bjums ir izstr\u0101d\u0101ts, lai papildin\u0101tu vistas ga\u013cas, c\u016bkga\u013cas un c\u016bkga\u013cas ribi\u0146u gar\u0161u, izce\u013cot ga\u013cas dabisk\u0101s gar\u0161as, vienlaikus pie\u0161\u0137irot t\u0101m pareizo salduma l\u012bdzsvaru. \"A Touch of Sweet Rub\" ir ide\u0101li piem\u0113rots ikvienam gril\u0113\u0161anas entuziastam - gan profesion\u0101lam, gan m\u0101jas \"PitMaster\".<\/p>\n<p class=\"\" data-start=\"410\" data-end=\"515\"><strong><em>Rezult\u0101t\u0101 ieg\u016bstiet perfektu, zeltainu un karameliz\u0113tu garozi\u0146u, kas lieliski noder\u0113s jebkurai gril\u0113\u0161anas reizei.<\/em><\/strong><\/p>\n<ul data-start=\"531\" data-end=\"773\">\n<li class=\"\" data-start=\"531\" data-end=\"575\">\n<p class=\"\" data-start=\"533\" data-end=\"575\">Ide\u0101ls salduma un gar\u0161as l\u012bdzsvars<\/p>\n<\/li>\n<li class=\"\" data-start=\"576\" data-end=\"621\">\n<p class=\"\" data-start=\"578\" data-end=\"621\">Ide\u0101li piem\u0113rots vistas ga\u013cai, c\u016bkga\u013cai, c\u016bkga\u013cas ribi\u0146\u0101m un sasmalcin\u0101tai c\u016bkga\u013cai.<\/p>\n<\/li>\n<li class=\"\" data-start=\"622\" data-end=\"692\">\n<p class=\"\" data-start=\"624\" data-end=\"692\">Piem\u0113rots ikvienam - no ies\u0101c\u0113jiem l\u012bdz pieredz\u0113ju\u0161iem grila meistariem.<\/p>\n<\/li>\n<li class=\"\" data-start=\"622\" data-end=\"692\">\n<p class=\"\" data-start=\"624\" data-end=\"692\">2023. gada konkursa \"American Royal Rub\" uzvar\u0113t\u0101js, ieg\u016bstot 3. vietu kategorij\u0101.<\/p>\n<\/li>\n<\/ul>\n<p><em><strong>Dienvidholandie\u0161i ir p\u0113d\u0113jo gadu veiksm\u012bg\u0101k\u0101 BBQ komanda Eirop\u0101.<\/strong><\/em><\/p>\n<p><a href=\"http:\/\/tammetorubbq.ee\/wp-content\/uploads\/2024\/11\/southern-dutch-bbq.svg\"><img decoding=\"async\" class=\"alignnone size-full wp-image-2012\" src=\"http:\/\/tammetorubbq.ee\/wp-content\/uploads\/2024\/11\/southern-dutch-bbq.svg\" alt=\"Dienvidu holandie\u0161u BBQ \" \/><\/a><\/p>","protected":false},"featured_media":2011,"comment_status":"open","ping_status":"closed","template":"","meta":{"_uf_show_specific_survey":0,"_uf_disable_surveys":false},"pwb-brand":[174],"product_brand":[],"product_cat":[21],"product_tag":[118,166,114,122],"class_list":{"0":"post-2010","1":"product","2":"type-product","3":"status-publish","4":"has-post-thumbnail","6":"pwb-brand-southern-dutch-bbq","7":"product_cat-maitseainesegud","8":"product_tag-kanaliha","9":"product_tag-rebitudliha","10":"product_tag-sealiha","11":"product_tag-searibi","13":"first","14":"outofstock","15":"taxable","16":"shipping-taxable","17":"purchasable","18":"product-type-simple"},"brands":[{"id":174,"name":"Dienvidu holandie\u0161u BBQ","slug":"southern-dutch-bbq"}],"_links":{"self":[{"href":"https:\/\/tammetorubbq.ee\/lv\/wp-json\/wp\/v2\/product\/2010","targetHints":{"allow":["GET"]}}],"collection":[{"href":"https:\/\/tammetorubbq.ee\/lv\/wp-json\/wp\/v2\/product"}],"about":[{"href":"https:\/\/tammetorubbq.ee\/lv\/wp-json\/wp\/v2\/types\/product"}],"replies":[{"embeddable":true,"href":"https:\/\/tammetorubbq.ee\/lv\/wp-json\/wp\/v2\/comments?post=2010"}],"wp:featuredmedia":[{"embeddable":true,"href":"https:\/\/tammetorubbq.ee\/lv\/wp-json\/wp\/v2\/media\/2011"}],"wp:attachment":[{"href":"https:\/\/tammetorubbq.ee\/lv\/wp-json\/wp\/v2\/media?parent=2010"}],"wp:term":[{"taxonomy":"pwb-brand","embeddable":true,"href":"https:\/\/tammetorubbq.ee\/lv\/wp-json\/wp\/v2\/pwb-brand?post=2010"},{"taxonomy":"product_brand","embeddable":true,"href":"https:\/\/tammetorubbq.ee\/lv\/wp-json\/wp\/v2\/product_brand?post=2010"},{"taxonomy":"product_cat","embeddable":true,"href":"https:\/\/tammetorubbq.ee\/lv\/wp-json\/wp\/v2\/product_cat?post=2010"},{"taxonomy":"product_tag","embeddable":true,"href":"https:\/\/tammetorubbq.ee\/lv\/wp-json\/wp\/v2\/product_tag?post=2010"}],"curies":[{"name":"wp","href":"https:\/\/api.w.org\/{rel}","templated":true}]}}