{"id":2013,"date":"2024-11-04T15:10:32","date_gmt":"2024-11-04T13:10:32","guid":{"rendered":"https:\/\/tammetorubbq.ee\/?post_type=product&#038;p=2013"},"modified":"2026-04-15T02:00:16","modified_gmt":"2026-04-14T23:00:16","slug":"southern-dutch-season-it-all-rub-290g","status":"publish","type":"product","link":"https:\/\/tammetorubbq.ee\/lv\/product-2\/southern-dutch-season-it-all-rub-290g\/","title":{"rendered":"Southern Dutch BBQ Season it All Rub 290g"},"content":{"rendered":"<p><strong>Sast\u0101vda\u013cas:<\/strong> cukurniedru cukurs, s\u0101ls, gar\u0161augi\/ gar\u0161vielas, d\u0101rze\u0146i, gar\u0161as pastiprin\u0101t\u0101ji E621 un E635, dabisk\u0101s aromatiz\u0113t\u0101jvielas, p\u0101rtikas kr\u0101svielas E160c, E551.<\/p>\n<p>&nbsp;<\/p>\n<p><strong>Kes par dienvidu holandie\u0161u BBQ<\/strong><\/p>\n<p class=\"\" data-start=\"24\" data-end=\"609\">Southern Dutch BBQ ir kop\u012bgs Toma Raisa un Dor\u012bnes van Gefenas projekts. \u0160is sp\u0113c\u012bgais tand\u0113ms 2012. gad\u0101 s\u0101ka savu ce\u013cojumu ar blogu, lai dal\u012btos ar pasauli savos BBQ piedz\u012bvojumos. V\u0113lme uzzin\u0101t visu par amerik\u0101\u0146u b\u0101rbekj\u016b vi\u0146us aizveda uz KCBS (Kansas City Barbeque Society) konkursu. 2013. gad\u0101 vi\u0146i piedal\u012bj\u0101s sav\u0101 pirmaj\u0101 konkurs\u0101, un tas k\u013cuva par pagrieziena punktu. Kop\u0161 t\u0101 laika vi\u0146i ir aizr\u0101vu\u0161ies ar b\u0101rbekj\u016b sacens\u012bbu pasauli un piedal\u0101s konkursos vis\u0101 pasaul\u0113, vienm\u0113r cen\u0161oties nodro\u0161in\u0101t lab\u0101ko un gar\u0161\u012bg\u0101ko izv\u0113li gan tiesne\u0161iem, gan saviem labajiem draugiem.<\/p>\n<p class=\"\" data-start=\"611\" data-end=\"748\"><em>V\u0113lme katru dienu k\u013c\u016bt lab\u0101kiem ir \u013c\u0101vusi Tomam un Dor\u012bnai k\u013c\u016bt par mentoriem da\u017eiem no ASV lab\u0101kajiem BBQ meistariem, piem\u0113ram, Tuffy Stone un Travis Clark.<\/em><\/p>\n<p class=\"\" data-start=\"750\" data-end=\"1093\">Vi\u0146u misija \u0161odien ir dz\u012bvot un elpot BBQ katru dienu, sniedzot savu aizrau\u0161anos un zin\u0101\u0161anas ikvienam, kas interes\u0113jas par \u0161o kult\u016bru, sportu vai vienk\u0101r\u0161i lielisku \u0113dienu. Gril\u0113\u0161ana un sacens\u012bbas vi\u0146iem nav tikai hobijs - tas ir dz\u012bvesveids. BBQ ir aizvedis vi\u0146us uz viet\u0101m, uz kur\u0101m vi\u0146i cit\u0101di nekad neb\u016btu aizbrauku\u0161i, un rad\u012bjis draudz\u012bbas uz m\u016b\u017eu.<\/p>\n<p data-start=\"750\" data-end=\"1093\">","protected":false},"excerpt":{"rendered":"<p class=\"\" data-start=\"743\" data-end=\"785\"><strong data-start=\"743\" data-end=\"785\">Southern Dutch BBQ - Season it All Rub<\/strong><\/p>\n<p class=\"\" data-start=\"787\" data-end=\"1088\"><strong>Viens berziens, bezgal\u012bgas iesp\u0113jas!<\/strong><br data-start=\"815\" data-end=\"818\" \/>Southern Dutch BBQ \"Season it All\" ir univers\u0101la gar\u0161viela, kas piem\u0113rota sarkanai un baltai ga\u013cai, ziv\u012bm, d\u0101rze\u0146iem un pat kartupe\u013ciem.<\/p>\n<p class=\"\" data-start=\"787\" data-end=\"1088\">Gar\u0161vielu mais\u012bjums ir rad\u012bts, dom\u0101jot par grila pieredzi - tas nodro\u0161ina patiesi dzi\u013cu un sabalans\u0113tu gar\u0161u katr\u0101 gril\u0113t\u0101 \u0113dien\u0101.<\/p>\n<ul data-start=\"1090\" data-end=\"1274\">\n<li class=\"\" data-start=\"1090\" data-end=\"1154\">\n<p class=\"\" data-start=\"1092\" data-end=\"1154\">Lielisks sald\u0101s, s\u0101\u013c\u0101s un nedaudz pikant\u0101s gar\u0161as l\u012bdzsvars.<\/p>\n<\/li>\n<li class=\"\" data-start=\"1155\" data-end=\"1210\">\n<p class=\"\" data-start=\"1157\" data-end=\"1210\">Lieliski darbojas k\u016bpin\u0101tav\u0101, uz grila un pann\u0101.<\/p>\n<\/li>\n<li class=\"\" data-start=\"1211\" data-end=\"1274\">\n<p class=\"\" data-start=\"1213\" data-end=\"1274\">Rad\u012bju\u0161i gril\u0113\u0161anas profesion\u0101\u013ci Toms Raiss un Dorine van Gefena (Tom Raes and Dorine van Geffen)<\/p>\n<\/li>\n<\/ul>\n<p class=\"\" data-start=\"1276\" data-end=\"1343\">\ud83c\udfaf Piem\u0113rots ikvienam, kas nov\u0113rt\u0113 vienk\u0101r\u0161u un gardu gril\u0113\u0161anu!<\/p>\n<p><strong>Tas viss kop\u0101 veido \u013coti \u012bpa\u0161u mais\u012bjumu.<\/strong><\/p>\n<p><em><strong>Dienvidholandie\u0161i ir p\u0113d\u0113jo gadu veiksm\u012bg\u0101k\u0101 BBQ komanda Eirop\u0101.<\/strong><\/em><\/p>\n<p><img decoding=\"async\" class=\"alignnone size-full wp-image-2012\" src=\"http:\/\/tammetorubbq.ee\/wp-content\/uploads\/2024\/11\/southern-dutch-bbq.svg\" alt=\"Dienvidu holandie\u0161u BBQ\" \/><\/p>","protected":false},"featured_media":2014,"comment_status":"open","ping_status":"closed","template":"","meta":{"_uf_show_specific_survey":0,"_uf_disable_surveys":false},"pwb-brand":[174],"product_brand":[],"product_cat":[21],"product_tag":[163,118,159,114,122,123,119],"class_list":{"0":"post-2013","1":"product","2":"type-product","3":"status-publish","4":"has-post-thumbnail","6":"pwb-brand-southern-dutch-bbq","7":"product_cat-maitseainesegud","8":"product_tag-kala","9":"product_tag-kanaliha","10":"product_tag-kanatiivad","11":"product_tag-sealiha","12":"product_tag-searibi","13":"product_tag-steik","14":"product_tag-veiseliha","16":"first","17":"instock","18":"taxable","19":"shipping-taxable","20":"purchasable","21":"product-type-simple"},"brands":[{"id":174,"name":"Dienvidu holandie\u0161u BBQ","slug":"southern-dutch-bbq"}],"_links":{"self":[{"href":"https:\/\/tammetorubbq.ee\/lv\/wp-json\/wp\/v2\/product\/2013","targetHints":{"allow":["GET"]}}],"collection":[{"href":"https:\/\/tammetorubbq.ee\/lv\/wp-json\/wp\/v2\/product"}],"about":[{"href":"https:\/\/tammetorubbq.ee\/lv\/wp-json\/wp\/v2\/types\/product"}],"replies":[{"embeddable":true,"href":"https:\/\/tammetorubbq.ee\/lv\/wp-json\/wp\/v2\/comments?post=2013"}],"wp:featuredmedia":[{"embeddable":true,"href":"https:\/\/tammetorubbq.ee\/lv\/wp-json\/wp\/v2\/media\/2014"}],"wp:attachment":[{"href":"https:\/\/tammetorubbq.ee\/lv\/wp-json\/wp\/v2\/media?parent=2013"}],"wp:term":[{"taxonomy":"pwb-brand","embeddable":true,"href":"https:\/\/tammetorubbq.ee\/lv\/wp-json\/wp\/v2\/pwb-brand?post=2013"},{"taxonomy":"product_brand","embeddable":true,"href":"https:\/\/tammetorubbq.ee\/lv\/wp-json\/wp\/v2\/product_brand?post=2013"},{"taxonomy":"product_cat","embeddable":true,"href":"https:\/\/tammetorubbq.ee\/lv\/wp-json\/wp\/v2\/product_cat?post=2013"},{"taxonomy":"product_tag","embeddable":true,"href":"https:\/\/tammetorubbq.ee\/lv\/wp-json\/wp\/v2\/product_tag?post=2013"}],"curies":[{"name":"wp","href":"https:\/\/api.w.org\/{rel}","templated":true}]}}