{"id":2015,"date":"2024-11-04T15:31:52","date_gmt":"2024-11-04T13:31:52","guid":{"rendered":"https:\/\/tammetorubbq.ee\/?post_type=product&#038;p=2015"},"modified":"2026-04-28T08:00:10","modified_gmt":"2026-04-28T05:00:10","slug":"dienvidu-holandiesu-bbq-skipsnina-karstuma-berzet-275g","status":"publish","type":"product","link":"https:\/\/tammetorubbq.ee\/lv\/toode\/southern-dutch-bbq-a-pinch-of-heat-rub-275g\/","title":{"rendered":"Southern Dutch BBQ A Pinch of Heat Rub 275g"},"content":{"rendered":"<p><strong>Sast\u0101vda\u013cas:<\/strong> S\u0101ls, cukurniedru cukurs, paprika, melnie pipari, d\u0101rze\u0146i, gar\u0161as pastiprin\u0101t\u0101js E621, gar\u0161vielas, p\u0101rtikas kr\u0101sviela - paprikas ekstrakts, E551, aromatiz\u0113t\u0101ji, bez lipek\u013ca.<\/p>\n<p>&nbsp;<\/p>\n<p><strong>Kes par dienvidu holandie\u0161u BBQ<\/strong><\/p>\n<p class=\"\" data-start=\"24\" data-end=\"609\">Southern Dutch BBQ ir kop\u012bgs Toma Raisa un Dor\u012bnes van Gefenas projekts. \u0160is sp\u0113c\u012bgais tand\u0113ms 2012. gad\u0101 s\u0101ka savu ce\u013cojumu ar blogu, lai dal\u012btos ar pasauli savos BBQ piedz\u012bvojumos. V\u0113lme uzzin\u0101t visu par amerik\u0101\u0146u b\u0101rbekj\u016b vi\u0146us aizveda uz KCBS (Kansas City Barbeque Society) konkursu. 2013. gad\u0101 vi\u0146i piedal\u012bj\u0101s sav\u0101 pirmaj\u0101 konkurs\u0101, un tas k\u013cuva par pagrieziena punktu. Kop\u0161 t\u0101 laika vi\u0146i ir aizr\u0101vu\u0161ies ar b\u0101rbekj\u016b sacens\u012bbu pasauli un piedal\u0101s konkursos vis\u0101 pasaul\u0113, vienm\u0113r cen\u0161oties nodro\u0161in\u0101t lab\u0101ko un gar\u0161\u012bg\u0101ko izv\u0113li gan tiesne\u0161iem, gan saviem labajiem draugiem.<\/p>\n<p class=\"\" data-start=\"611\" data-end=\"748\"><em>V\u0113lme katru dienu k\u013c\u016bt lab\u0101kiem ir \u013c\u0101vusi Tomam un Dor\u012bnai k\u013c\u016bt par mentoriem da\u017eiem no ASV lab\u0101kajiem BBQ meistariem, piem\u0113ram, Tuffy Stone un Travis Clark.<\/em><\/p>\n<p class=\"\" data-start=\"750\" data-end=\"1093\">Vi\u0146u misija \u0161odien ir dz\u012bvot un elpot BBQ katru dienu, sniedzot savu aizrau\u0161anos un zin\u0101\u0161anas ikvienam, kas interes\u0113jas par \u0161o kult\u016bru, sportu vai vienk\u0101r\u0161i lielisku \u0113dienu. Gril\u0113\u0161ana un sacens\u012bbas vi\u0146iem nav tikai hobijs - tas ir dz\u012bvesveids. BBQ ir aizvedis vi\u0146us uz viet\u0101m, uz kur\u0101m vi\u0146i cit\u0101di nekad neb\u016btu aizbrauku\u0161i, un rad\u012bjis draudz\u012bbas uz m\u016b\u017eu.<\/p>","protected":false},"excerpt":{"rendered":"<p><span class=\"relative -mx-px my-[-0.2rem] rounded px-px py-[0.2rem] transition-colors duration-100 ease-in-out\">Southern Dutch BBQ &#8220;A Pinch of Heat&#8221; on <strong>mitmek\u00fclgne<\/strong> maitseainesegu, mis lisab lihale <strong>kerge v\u00fcrtsikuse<\/strong> ja <strong>s\u00fcgava maitse<\/strong>.<\/span><\/p>\n<p><span class=\"relative -mx-px my-[-0.2rem] rounded px-px py-[0.2rem] transition-colors duration-100 ease-in-out\">Selle rub&#8217;i loojad Tom Raes jah Dorine van Geffenon kogenud BBQ-v\u00f5istlejad, kes on osalenud v\u00f5istlustel Euroopas ja Ameerikas ning saavutanud mitmeid auhindu.<\/span><\/p>\n<p><span class=\"relative -mx-px my-[-0.2rem] rounded px-px py-[0.2rem] transition-colors duration-100 ease-in-out\">&#8220;A Pinch of Heat&#8221; on loodud sobima erinevate lihadega, sealhulgas veise-, sea- ja kanaliha, pakkudes tasakaalustatud maitset, mis ei ole liiga terav.<\/span><\/p>\n<p>Toimib h\u00e4mmastavalt h\u00e4sti veise- ja sealiha puhul. Kombineeri julgelt <strong><a href=\"https:\/\/tammetorubbq.ee\/toode\/southern-dutch-bbq-a-touch-of-sweet-rub-290g\/\">A Touch of Sweetiga<\/a><\/strong>, et saada m\u00f5lemast &#8220;maailmast&#8221; parim!<\/p>\n<p><em><strong>Southern Dutch on viimaste aastate Euroopa edukaim BBQ v\u00f5istkond.<\/strong><\/em><\/p>\n<p><img decoding=\"async\" class=\"alignnone size-full wp-image-2012\" src=\"http:\/\/tammetorubbq.ee\/wp-content\/uploads\/2024\/11\/southern-dutch-bbq.svg\" alt=\"Southern Dutch BBQ\" \/><\/p>\n","protected":false},"featured_media":2016,"comment_status":"open","ping_status":"closed","template":"","meta":{"_uf_show_specific_survey":0,"_uf_disable_surveys":false},"pwb-brand":[],"product_brand":[],"product_cat":[21],"product_tag":[],"class_list":{"0":"post-2015","1":"product","2":"type-product","3":"status-publish","4":"has-post-thumbnail","6":"product_cat-maitseainesegud","8":"first","9":"instock","10":"taxable","11":"shipping-taxable","12":"purchasable","13":"product-type-simple"},"brands":[],"_links":{"self":[{"href":"https:\/\/tammetorubbq.ee\/lv\/wp-json\/wp\/v2\/product\/2015","targetHints":{"allow":["GET"]}}],"collection":[{"href":"https:\/\/tammetorubbq.ee\/lv\/wp-json\/wp\/v2\/product"}],"about":[{"href":"https:\/\/tammetorubbq.ee\/lv\/wp-json\/wp\/v2\/types\/product"}],"replies":[{"embeddable":true,"href":"https:\/\/tammetorubbq.ee\/lv\/wp-json\/wp\/v2\/comments?post=2015"}],"wp:featuredmedia":[{"embeddable":true,"href":"https:\/\/tammetorubbq.ee\/lv\/wp-json\/wp\/v2\/media\/2016"}],"wp:attachment":[{"href":"https:\/\/tammetorubbq.ee\/lv\/wp-json\/wp\/v2\/media?parent=2015"}],"wp:term":[{"taxonomy":"pwb-brand","embeddable":true,"href":"https:\/\/tammetorubbq.ee\/lv\/wp-json\/wp\/v2\/pwb-brand?post=2015"},{"taxonomy":"product_brand","embeddable":true,"href":"https:\/\/tammetorubbq.ee\/lv\/wp-json\/wp\/v2\/product_brand?post=2015"},{"taxonomy":"product_cat","embeddable":true,"href":"https:\/\/tammetorubbq.ee\/lv\/wp-json\/wp\/v2\/product_cat?post=2015"},{"taxonomy":"product_tag","embeddable":true,"href":"https:\/\/tammetorubbq.ee\/lv\/wp-json\/wp\/v2\/product_tag?post=2015"}],"curies":[{"name":"wp","href":"https:\/\/api.w.org\/{rel}","templated":true}]}}