{"id":2017,"date":"2024-11-04T15:38:47","date_gmt":"2024-11-04T13:38:47","guid":{"rendered":"https:\/\/tammetorubbq.ee\/?post_type=product&#038;p=2017"},"modified":"2026-04-15T06:00:11","modified_gmt":"2026-04-15T03:00:11","slug":"southern-dutch-bbq-all-about-steak-rub-245g","status":"publish","type":"product","link":"https:\/\/tammetorubbq.ee\/lv\/product-2\/southern-dutch-bbq-all-about-steak-rub-245g\/","title":{"rendered":"Southern Dutch BBQ All About Steak Rub 245g"},"content":{"rendered":"<p><strong>Sast\u0101vda\u013cas:<\/strong> j\u016bras s\u0101ls, melnie pipari, pulverveida pipari, koriandrs, \u010dilli pulveris, baltie pipari, \u0137iploki, s\u012bpoli, E621, koncentr\u0113ta citronu sula (maltodekstr\u012bns k\u0101 nes\u0113jviela), dab\u012bgs aromatiz\u0113t\u0101js, gar\u0161vielu ekstrakts (Capsicum), pretsalipes l\u012bdzeklis (E551), kr\u0101sviela (paprikas ekstrakts).<\/p>\n<p>&nbsp;<\/p>\n<p><strong>Kes par dienvidu holandie\u0161u BBQ<\/strong><\/p>\n<p class=\"\" data-start=\"24\" data-end=\"609\">Southern Dutch BBQ ir kop\u012bgs Toma Raisa un Dor\u012bnes van Gefenas projekts. \u0160is sp\u0113c\u012bgais tand\u0113ms 2012. gad\u0101 s\u0101ka savu ce\u013cojumu ar blogu, lai dal\u012btos ar pasauli savos BBQ piedz\u012bvojumos. V\u0113lme uzzin\u0101t visu par amerik\u0101\u0146u b\u0101rbekj\u016b vi\u0146us aizveda uz KCBS (Kansas City Barbeque Society) konkursu. 2013. gad\u0101 vi\u0146i piedal\u012bj\u0101s sav\u0101 pirmaj\u0101 konkurs\u0101, un tas k\u013cuva par pagrieziena punktu. Kop\u0161 t\u0101 laika vi\u0146i ir aizr\u0101vu\u0161ies ar b\u0101rbekj\u016b sacens\u012bbu pasauli un piedal\u0101s konkursos vis\u0101 pasaul\u0113, vienm\u0113r cen\u0161oties nodro\u0161in\u0101t lab\u0101ko un gar\u0161\u012bg\u0101ko izv\u0113li gan tiesne\u0161iem, gan saviem labajiem draugiem.<\/p>\n<p class=\"\" data-start=\"611\" data-end=\"748\"><em>V\u0113lme katru dienu k\u013c\u016bt lab\u0101kiem ir \u013c\u0101vusi Tomam un Dor\u012bnai k\u013c\u016bt par mentoriem da\u017eiem no ASV lab\u0101kajiem BBQ meistariem, piem\u0113ram, Tuffy Stone un Travis Clark.<\/em><\/p>\n<p class=\"\" data-start=\"750\" data-end=\"1093\">Vi\u0146u misija \u0161odien ir dz\u012bvot un elpot BBQ katru dienu, sniedzot savu aizrau\u0161anos un zin\u0101\u0161anas ikvienam, kas interes\u0113jas par \u0161o kult\u016bru, sportu vai vienk\u0101r\u0161i lielisku \u0113dienu. Gril\u0113\u0161ana un sacens\u012bbas vi\u0146iem nav tikai hobijs - tas ir dz\u012bvesveids. BBQ ir aizvedis vi\u0146us uz viet\u0101m, uz kur\u0101m vi\u0146i cit\u0101di nekad neb\u016btu aizbrauku\u0161i, un rad\u012bjis draudz\u012bbas uz m\u016b\u017eu.<\/p>","protected":false},"excerpt":{"rendered":"<p>Vienk\u0101r\u0161i un atjaut\u012bgi - kopum\u0101 tas ir SPG (s\u0101ls, pipari, \u0137iploki).<\/p>\n<p class=\"\" data-start=\"744\" data-end=\"788\"><strong data-start=\"744\" data-end=\"788\">Southern Dutch BBQ \"Viss par steiku berz\u0113jumu\"<\/strong><\/p>\n<p class=\"\" data-start=\"790\" data-end=\"1068\">\u0160is berziens liecina tikai par vienu lietu: <strong data-start=\"819\" data-end=\"832\">steigist!<\/strong><br data-start=\"832\" data-end=\"835\" \/>\"Viss par steiku\" ir \u012bpa\u0161i izstr\u0101d\u0101ts, lai izceltu lab\u0101k\u0101s liellopu ga\u013cas \u012bpa\u0161\u012bbas. Klasisks melno piparu un s\u0101ls berz\u0113jums ar pareizo \u0137iploku un gar\u0161augu piedevu - ide\u0101ls gar\u0161u apvienojums.<\/p>\n<ul data-start=\"1070\" data-end=\"1247\">\n<li class=\"\" data-start=\"1070\" data-end=\"1121\">\n<p class=\"\" data-start=\"1072\" data-end=\"1121\">Klasisks steiku berz\u0113jums \u012bstiem ga\u013cas cien\u012bt\u0101jiem<\/p>\n<\/li>\n<li class=\"\" data-start=\"1122\" data-end=\"1186\">\n<p class=\"\" data-start=\"1124\" data-end=\"1186\">L\u012bdzsvars starp s\u0101\u013cumu un piparu gar\u0161u, kas izce\u013c, nevis sl\u0113pj ga\u013cas dabisk\u0101s gar\u0161as.<\/p>\n<\/li>\n<li class=\"\" data-start=\"1187\" data-end=\"1247\">\n<p class=\"\" data-start=\"1189\" data-end=\"1247\">Piem\u0113rots liellopu ga\u013cai, burgeriem un BBQ ribi\u0146\u0101m.<\/p>\n<\/li>\n<\/ul>\n<p class=\"\" data-start=\"1249\" data-end=\"1314\">\ud83c\udfaf Izgatavoju\u0161i lab\u0101kie BBQ pav\u0101ri.<\/p>\n<p><em><strong>Dienvidholandie\u0161i ir p\u0113d\u0113jo gadu veiksm\u012bg\u0101k\u0101 BBQ komanda Eirop\u0101.<\/strong><\/em><\/p>\n<p><img decoding=\"async\" class=\"alignnone size-full wp-image-2012\" src=\"http:\/\/tammetorubbq.ee\/wp-content\/uploads\/2024\/11\/southern-dutch-bbq.svg\" alt=\"Dienvidu holandie\u0161u BBQ\" \/><\/p>","protected":false},"featured_media":2018,"comment_status":"open","ping_status":"closed","template":"","meta":{"_uf_show_specific_survey":0,"_uf_disable_surveys":false},"pwb-brand":[174],"product_brand":[],"product_cat":[21],"product_tag":[138,123,119,165],"class_list":{"0":"post-2017","1":"product","2":"type-product","3":"status-publish","4":"has-post-thumbnail","6":"pwb-brand-southern-dutch-bbq","7":"product_cat-maitseainesegud","8":"product_tag-burger","9":"product_tag-steik","10":"product_tag-veiseliha","11":"product_tag-veiseribi","13":"first","14":"instock","15":"taxable","16":"shipping-taxable","17":"purchasable","18":"product-type-simple"},"brands":[{"id":174,"name":"Dienvidu holandie\u0161u BBQ","slug":"southern-dutch-bbq"}],"_links":{"self":[{"href":"https:\/\/tammetorubbq.ee\/lv\/wp-json\/wp\/v2\/product\/2017","targetHints":{"allow":["GET"]}}],"collection":[{"href":"https:\/\/tammetorubbq.ee\/lv\/wp-json\/wp\/v2\/product"}],"about":[{"href":"https:\/\/tammetorubbq.ee\/lv\/wp-json\/wp\/v2\/types\/product"}],"replies":[{"embeddable":true,"href":"https:\/\/tammetorubbq.ee\/lv\/wp-json\/wp\/v2\/comments?post=2017"}],"wp:featuredmedia":[{"embeddable":true,"href":"https:\/\/tammetorubbq.ee\/lv\/wp-json\/wp\/v2\/media\/2018"}],"wp:attachment":[{"href":"https:\/\/tammetorubbq.ee\/lv\/wp-json\/wp\/v2\/media?parent=2017"}],"wp:term":[{"taxonomy":"pwb-brand","embeddable":true,"href":"https:\/\/tammetorubbq.ee\/lv\/wp-json\/wp\/v2\/pwb-brand?post=2017"},{"taxonomy":"product_brand","embeddable":true,"href":"https:\/\/tammetorubbq.ee\/lv\/wp-json\/wp\/v2\/product_brand?post=2017"},{"taxonomy":"product_cat","embeddable":true,"href":"https:\/\/tammetorubbq.ee\/lv\/wp-json\/wp\/v2\/product_cat?post=2017"},{"taxonomy":"product_tag","embeddable":true,"href":"https:\/\/tammetorubbq.ee\/lv\/wp-json\/wp\/v2\/product_tag?post=2017"}],"curies":[{"name":"wp","href":"https:\/\/api.w.org\/{rel}","templated":true}]}}