{"id":2020,"date":"2024-11-04T16:02:39","date_gmt":"2024-11-04T14:02:39","guid":{"rendered":"https:\/\/tammetorubbq.ee\/?post_type=product&#038;p=2020"},"modified":"2026-04-30T08:00:22","modified_gmt":"2026-04-30T05:00:22","slug":"suncity-bbq-vidusjuras-darzenu-grila-berzejums-280g","status":"publish","type":"product","link":"https:\/\/tammetorubbq.ee\/lv\/toode\/suncity-bbq-mediterranean-vegetable-grill-rub-280g\/","title":{"rendered":"SunCity BBQ Vidusj\u016bras d\u0101rze\u0146u grila berz\u0113jums 280g"},"content":{"rendered":"<p><strong>Sast\u0101vda\u013cas:<\/strong> s\u0101ls, br\u016bnais cukurs, \u0137iploku granulas, sasmalcin\u0101ts s\u012bpols, malts timi\u0101ns, malts baziliks, gar\u0161vielas.<\/p>\n<p>&nbsp;<\/p>","protected":false},"excerpt":{"rendered":"<p data-start=\"86\" data-end=\"185\"><strong data-start=\"86\" data-end=\"185\">Vidusj\u016bras d\u0101rze\u0146u gar\u0161vielu mais\u012bjums.<\/strong><\/p>\n<p data-start=\"187\" data-end=\"486\">Pie\u0161\u0137iriet savam grilam saulainu Vidusj\u016bras gar\u0161u ar SunCity BBQ Vidusj\u016bras d\u0101rze\u0146u grila sm\u0113rvielu! \u0160aj\u0101 r\u016bp\u012bgi sabalans\u0113taj\u0101 gar\u0161vielu mais\u012bjum\u0101 apvienoti arom\u0101tiski Vidusj\u016bras gar\u0161augi, \u0137iploki, s\u012bpoli un gar\u0161vielas, lai izceltu d\u0101rze\u0146u dabisk\u0101s gar\u0161as un pie\u0161\u0137irtu tiem \u012bpa\u0161u d\u016bmakainu piesk\u0101rienu.<\/p>\n<p data-start=\"488\" data-end=\"659\">Ide\u0101li piem\u0113rots gril\u0113tiem kaba\u010diem, paprikai, s\u0113n\u0113m, bakla\u017e\u0101niem un citiem d\u0101rze\u0146iem. T\u0101 ir ar\u012b lieliski piem\u0113rota gatavo\u0161anai cepe\u0161kr\u0101sn\u012b vai pann\u0101.<\/p>\n<p data-start=\"488\" data-end=\"659\"><strong data-start=\"48\" data-end=\"60\">Pro tip 1: <\/strong>Pirms gril\u0113\u0161anas vai cep\u0161anas sajauciet 1-2 t\u0113jkarotes mais\u012bjuma ar ol\u012bve\u013c\u013cu un apsm\u0113r\u0113jiet d\u0101rze\u0146us. Var izmantot ar\u012b k\u0101 sausu marin\u0101di.<\/p>\n<p data-start=\"488\" data-end=\"659\"><strong data-start=\"48\" data-end=\"60\">Pro tip 2: <\/strong>Sajauc ar jogurtu vai sk\u0101bo kr\u0113jumu, lai pagatavotu \u0101tru un gardu m\u0113rci gril\u0113tu d\u0101rze\u0146u iegremd\u0113\u0161anai - ide\u0101la vasaras piedeva!<\/p>\n<p>&nbsp;<\/p>\n<p><img loading=\"lazy\" decoding=\"async\" class=\"wp-image-2024\" src=\"http:\/\/tammetorubbq.ee\/wp-content\/uploads\/2024\/11\/SunCity-BBQ-logo-1-300x251.png\" alt=\"SunCity BBQ logotips\" width=\"149\" height=\"125\" srcset=\"https:\/\/tammetorubbq.ee\/wp-content\/uploads\/2024\/11\/SunCity-BBQ-logo-1-300x251.png 300w, https:\/\/tammetorubbq.ee\/wp-content\/uploads\/2024\/11\/SunCity-BBQ-logo-1-768x644.png 768w, https:\/\/tammetorubbq.ee\/wp-content\/uploads\/2024\/11\/SunCity-BBQ-logo-1-14x12.png 14w, https:\/\/tammetorubbq.ee\/wp-content\/uploads\/2024\/11\/SunCity-BBQ-logo-1-600x503.png 600w, https:\/\/tammetorubbq.ee\/wp-content\/uploads\/2024\/11\/SunCity-BBQ-logo-1-64x54.png 64w, https:\/\/tammetorubbq.ee\/wp-content\/uploads\/2024\/11\/SunCity-BBQ-logo-1.png 940w\" sizes=\"auto, (max-width: 149px) 100vw, 149px\" \/><\/p>","protected":false},"featured_media":2021,"comment_status":"open","ping_status":"closed","template":"","meta":{"_uf_show_specific_survey":0,"_uf_disable_surveys":false},"pwb-brand":[180],"product_brand":[],"product_cat":[21],"product_tag":[179,121],"class_list":{"0":"post-2020","1":"product","2":"type-product","3":"status-publish","4":"has-post-thumbnail","6":"pwb-brand-suncity-bbq","7":"product_cat-maitseainesegud","8":"product_tag-friikartul","9":"product_tag-koogiviljad","11":"first","12":"instock","13":"taxable","14":"shipping-taxable","15":"purchasable","16":"product-type-simple"},"brands":[{"id":180,"name":"SunCity BBQ","slug":"suncity-bbq"}],"_links":{"self":[{"href":"https:\/\/tammetorubbq.ee\/lv\/wp-json\/wp\/v2\/product\/2020","targetHints":{"allow":["GET"]}}],"collection":[{"href":"https:\/\/tammetorubbq.ee\/lv\/wp-json\/wp\/v2\/product"}],"about":[{"href":"https:\/\/tammetorubbq.ee\/lv\/wp-json\/wp\/v2\/types\/product"}],"replies":[{"embeddable":true,"href":"https:\/\/tammetorubbq.ee\/lv\/wp-json\/wp\/v2\/comments?post=2020"}],"wp:featuredmedia":[{"embeddable":true,"href":"https:\/\/tammetorubbq.ee\/lv\/wp-json\/wp\/v2\/media\/2021"}],"wp:attachment":[{"href":"https:\/\/tammetorubbq.ee\/lv\/wp-json\/wp\/v2\/media?parent=2020"}],"wp:term":[{"taxonomy":"pwb-brand","embeddable":true,"href":"https:\/\/tammetorubbq.ee\/lv\/wp-json\/wp\/v2\/pwb-brand?post=2020"},{"taxonomy":"product_brand","embeddable":true,"href":"https:\/\/tammetorubbq.ee\/lv\/wp-json\/wp\/v2\/product_brand?post=2020"},{"taxonomy":"product_cat","embeddable":true,"href":"https:\/\/tammetorubbq.ee\/lv\/wp-json\/wp\/v2\/product_cat?post=2020"},{"taxonomy":"product_tag","embeddable":true,"href":"https:\/\/tammetorubbq.ee\/lv\/wp-json\/wp\/v2\/product_tag?post=2020"}],"curies":[{"name":"wp","href":"https:\/\/api.w.org\/{rel}","templated":true}]}}