{"id":2027,"date":"2024-11-05T12:34:47","date_gmt":"2024-11-05T10:34:47","guid":{"rendered":"https:\/\/tammetorubbq.ee\/?post_type=product&#038;p=2027"},"modified":"2026-04-15T03:00:03","modified_gmt":"2026-04-15T00:00:03","slug":"tuffy-stone-originala-bbq-merce","status":"publish","type":"product","link":"https:\/\/tammetorubbq.ee\/lv\/product-2\/tuffy-stone-originala-bbq-merce\/","title":{"rendered":"Tuffy Stone Original BBQ m\u0113rce 560g"},"content":{"rendered":"<p><strong>Sast\u0101vda\u013cas:<\/strong> tom\u0101ti, \u0137iploki, k\u016bpin\u0101ta paprika, \u0137imenes, melase.<\/p>","protected":false},"excerpt":{"rendered":"<p>Tuffy Stone jau \u013coti, \u013coti ilgu laiku darbojas BBQ pasaul\u0113. Vi\u0146\u0161 ir piedal\u012bjies sacens\u012bb\u0101s liel\u0101ko da\u013cu savas BBQ karjeras, un tas ir apm\u0113ram visi iesp\u0113jamie pasaules \u010dempiona tituli. Vi\u0146\u0161 visu laiku sacent\u0101s kop\u0101 ar savu t\u0113vu, bet p\u0113c vi\u0146a n\u0101ves ar\u012b Tuffy aizg\u0101ja no akt\u012bvas sacens\u012bbu darb\u012bbas. T\u0101 viet\u0101 vi\u0146\u0161 s\u0101ka m\u0101c\u012bt BBQ m\u0101kslu gan tie\u0161i, gan sav\u0101 YouTube kan\u0101l\u0101. Tuffy ir paz\u012bstams ar\u012b k\u0101 Profesors, jo vi\u0146\u0161 sp\u0113j to, kas bie\u017ei vien \u0161\u0137iet vienk\u0101r\u0161s, padar\u012bt neticami sare\u017e\u0123\u012btu, l\u012bdz p\u0113d\u0113jai deta\u013cai piln\u012bgi traku. Ta\u010du, apl\u016bkojot vi\u0146a sacens\u012bbu rezult\u0101tus, nav \u0161aubu, ka reiz\u0113m \u0161\u0101dai r\u016bp\u012bgai p\u0101rbaudei ir pamats.<\/p>\n<p>Tuffy \u0161ogad n\u0101ca klaj\u0101 ar jaunu gar\u0161vielu un m\u0113r\u010du kl\u0101stu. Original ir laba salda m\u0113rce ar eti\u0137a piegar\u0161u, un to var uzkl\u0101t tie\u0161i uz ga\u013cas, nemaisot.<\/p>\n<p>\u0160\u012b ir viena no nedaudzaj\u0101m m\u0113rc\u0113m, kas liek aizdom\u0101ties, vai t\u0101 patie\u0161\u0101m ir mais\u012bjuma, kas tiek izmantots sacens\u012bb\u0101s, atlieta. Pat\u012bkama c\u016bkga\u013cas un vistas ga\u013cas m\u0113rce, pateicoties saldajai b\u0101zei, bet gar\u0161as k\u0101rpi\u0146\u0101s j\u016btama ar\u012b pat\u012bkama eti\u0137a piegar\u0161a ar vieglu pikantumu.<\/p>\n<p>&nbsp;<\/p>\n<p><img loading=\"lazy\" decoding=\"async\" class=\"wp-image-2029\" src=\"http:\/\/tammetorubbq.ee\/wp-content\/uploads\/2024\/11\/Tuffy-Stone-Logo-300x300.webp\" alt=\"Tuffy Stone logotips\" width=\"177\" height=\"177\" srcset=\"https:\/\/tammetorubbq.ee\/wp-content\/uploads\/2024\/11\/Tuffy-Stone-Logo-300x300.webp 300w, https:\/\/tammetorubbq.ee\/wp-content\/uploads\/2024\/11\/Tuffy-Stone-Logo-150x150.webp 150w, https:\/\/tammetorubbq.ee\/wp-content\/uploads\/2024\/11\/Tuffy-Stone-Logo-768x768.webp 768w, https:\/\/tammetorubbq.ee\/wp-content\/uploads\/2024\/11\/Tuffy-Stone-Logo-12x12.webp 12w, https:\/\/tammetorubbq.ee\/wp-content\/uploads\/2024\/11\/Tuffy-Stone-Logo-600x600.webp 600w, https:\/\/tammetorubbq.ee\/wp-content\/uploads\/2024\/11\/Tuffy-Stone-Logo-64x64.webp 64w, https:\/\/tammetorubbq.ee\/wp-content\/uploads\/2024\/11\/Tuffy-Stone-Logo.webp 1000w\" sizes=\"auto, (max-width: 177px) 100vw, 177px\" \/><\/p>","protected":false},"featured_media":2028,"comment_status":"open","ping_status":"closed","template":"","meta":{"_uf_show_specific_survey":0,"_uf_disable_surveys":false},"pwb-brand":[],"product_brand":[],"product_cat":[22],"product_tag":[],"class_list":{"0":"post-2027","1":"product","2":"type-product","3":"status-publish","4":"has-post-thumbnail","6":"product_cat-kastmed-ja-marinaadid","8":"first","9":"outofstock","10":"taxable","11":"shipping-taxable","12":"purchasable","13":"product-type-simple"},"brands":[],"_links":{"self":[{"href":"https:\/\/tammetorubbq.ee\/lv\/wp-json\/wp\/v2\/product\/2027","targetHints":{"allow":["GET"]}}],"collection":[{"href":"https:\/\/tammetorubbq.ee\/lv\/wp-json\/wp\/v2\/product"}],"about":[{"href":"https:\/\/tammetorubbq.ee\/lv\/wp-json\/wp\/v2\/types\/product"}],"replies":[{"embeddable":true,"href":"https:\/\/tammetorubbq.ee\/lv\/wp-json\/wp\/v2\/comments?post=2027"}],"wp:featuredmedia":[{"embeddable":true,"href":"https:\/\/tammetorubbq.ee\/lv\/wp-json\/wp\/v2\/media\/2028"}],"wp:attachment":[{"href":"https:\/\/tammetorubbq.ee\/lv\/wp-json\/wp\/v2\/media?parent=2027"}],"wp:term":[{"taxonomy":"pwb-brand","embeddable":true,"href":"https:\/\/tammetorubbq.ee\/lv\/wp-json\/wp\/v2\/pwb-brand?post=2027"},{"taxonomy":"product_brand","embeddable":true,"href":"https:\/\/tammetorubbq.ee\/lv\/wp-json\/wp\/v2\/product_brand?post=2027"},{"taxonomy":"product_cat","embeddable":true,"href":"https:\/\/tammetorubbq.ee\/lv\/wp-json\/wp\/v2\/product_cat?post=2027"},{"taxonomy":"product_tag","embeddable":true,"href":"https:\/\/tammetorubbq.ee\/lv\/wp-json\/wp\/v2\/product_tag?post=2027"}],"curies":[{"name":"wp","href":"https:\/\/api.w.org\/{rel}","templated":true}]}}