{"id":2032,"date":"2024-11-05T13:20:25","date_gmt":"2024-11-05T11:20:25","guid":{"rendered":"https:\/\/tammetorubbq.ee\/?post_type=product&#038;p=2032"},"modified":"2026-04-17T06:00:06","modified_gmt":"2026-04-17T03:00:06","slug":"bad-byrons-butt-rub-competition-bbq-paste-396g","status":"publish","type":"product","link":"https:\/\/tammetorubbq.ee\/lv\/product-2\/bad-byrons-butt-rub-competition-bbq-paste-396g\/","title":{"rendered":"Bad Byron's Butt Rub Competition BBQ m\u0113rce 396g"},"content":{"rendered":"<p><strong>Sast\u0101vda\u013cas:<\/strong> ke\u010dups, t\u012brs konserv\u0113ts s\u012brups, \u0101bolu sidra eti\u0137is, \u016bdens, Vor\u010dester\u0161\u012bras m\u0113rce, \u0137ir\u0161i, t\u012brs cukurniedru cukurs, \u0137iploku s\u0101ls, nemodific\u0113ta kukur\u016bzas ciete, Bad Byron Buttrub [s\u012bpoli, \u0137iploki, s\u0101ls, pipari, paprika, \u010dipotle (k\u016bpin\u0101ts jalapeno), s\u0101ls, melnie pipari, \u0137iploku pulveris, s\u012bpolu pulveris].<\/p>","protected":false},"excerpt":{"rendered":"<p>Kop\u0161 1997. gada Bad Byron Butt Rub Barbeque gar\u0161vielu popularit\u0101te ir strauji pieaugusi. Tagad izbaudiet t\u0101s pavadoni - barbeque m\u0113rci.<\/p>\n<p>\u0160\u012b ir \u013coti klasiska BBQ m\u0113rce. Atcerieties m\u016bsu receptes video, kur\u0101 Sanders gatavoja savu uzvar\u0113t\u0101ju zivi - pam\u0113\u0123iniet aizst\u0101t m\u0113rci ar Byron's m\u0113rci.<\/p>\n<p>&nbsp;<\/p>\n<p><img loading=\"lazy\" decoding=\"async\" class=\"alignnone  wp-image-645\" src=\"http:\/\/tammetorubbq.ee\/wp-content\/uploads\/2023\/11\/Bad-B-300x300.png\" alt=\"buttrublogo\" width=\"168\" height=\"168\" srcset=\"https:\/\/tammetorubbq.ee\/wp-content\/uploads\/2023\/11\/Bad-B-300x300.png 300w, https:\/\/tammetorubbq.ee\/wp-content\/uploads\/2023\/11\/Bad-B-150x150.png 150w, https:\/\/tammetorubbq.ee\/wp-content\/uploads\/2023\/11\/Bad-B-768x768.png 768w, https:\/\/tammetorubbq.ee\/wp-content\/uploads\/2023\/11\/Bad-B-12x12.png 12w, https:\/\/tammetorubbq.ee\/wp-content\/uploads\/2023\/11\/Bad-B-600x600.png 600w, https:\/\/tammetorubbq.ee\/wp-content\/uploads\/2023\/11\/Bad-B-64x64.png 64w, https:\/\/tammetorubbq.ee\/wp-content\/uploads\/2023\/11\/Bad-B.png 1000w\" sizes=\"auto, (max-width: 168px) 100vw, 168px\" \/><\/p>","protected":false},"featured_media":2033,"comment_status":"open","ping_status":"closed","template":"","meta":{"_uf_show_specific_survey":0,"_uf_disable_surveys":false},"pwb-brand":[],"product_brand":[],"product_cat":[22],"product_tag":[],"class_list":{"0":"post-2032","1":"product","2":"type-product","3":"status-publish","4":"has-post-thumbnail","6":"product_cat-kastmed-ja-marinaadid","8":"first","9":"instock","10":"taxable","11":"shipping-taxable","12":"purchasable","13":"product-type-simple"},"brands":[],"_links":{"self":[{"href":"https:\/\/tammetorubbq.ee\/lv\/wp-json\/wp\/v2\/product\/2032","targetHints":{"allow":["GET"]}}],"collection":[{"href":"https:\/\/tammetorubbq.ee\/lv\/wp-json\/wp\/v2\/product"}],"about":[{"href":"https:\/\/tammetorubbq.ee\/lv\/wp-json\/wp\/v2\/types\/product"}],"replies":[{"embeddable":true,"href":"https:\/\/tammetorubbq.ee\/lv\/wp-json\/wp\/v2\/comments?post=2032"}],"wp:featuredmedia":[{"embeddable":true,"href":"https:\/\/tammetorubbq.ee\/lv\/wp-json\/wp\/v2\/media\/2033"}],"wp:attachment":[{"href":"https:\/\/tammetorubbq.ee\/lv\/wp-json\/wp\/v2\/media?parent=2032"}],"wp:term":[{"taxonomy":"pwb-brand","embeddable":true,"href":"https:\/\/tammetorubbq.ee\/lv\/wp-json\/wp\/v2\/pwb-brand?post=2032"},{"taxonomy":"product_brand","embeddable":true,"href":"https:\/\/tammetorubbq.ee\/lv\/wp-json\/wp\/v2\/product_brand?post=2032"},{"taxonomy":"product_cat","embeddable":true,"href":"https:\/\/tammetorubbq.ee\/lv\/wp-json\/wp\/v2\/product_cat?post=2032"},{"taxonomy":"product_tag","embeddable":true,"href":"https:\/\/tammetorubbq.ee\/lv\/wp-json\/wp\/v2\/product_tag?post=2032"}],"curies":[{"name":"wp","href":"https:\/\/api.w.org\/{rel}","templated":true}]}}