{"id":2034,"date":"2024-11-05T13:26:34","date_gmt":"2024-11-05T11:26:34","guid":{"rendered":"https:\/\/tammetorubbq.ee\/?post_type=product&#038;p=2034"},"modified":"2026-04-05T23:01:49","modified_gmt":"2026-04-05T20:01:49","slug":"cooklounge-originala-bbq-merce-380g","status":"publish","type":"product","link":"https:\/\/tammetorubbq.ee\/lv\/product-2\/cooklounge-originala-bbq-merce-380g\/","title":{"rendered":"Cooklounge Original BBQ m\u0113rce 380g"},"content":{"rendered":"<p><strong>Sast\u0101vda\u013cas:\u00a0<\/strong><span lang=\"ET\">cukurs, tom\u0101tu pasta, \u0101bolu sidra eti\u0137is, cukurniedru melase, gar\u0161vielu ekstrakti, modific\u0113ta ciete, galda s\u0101ls, v\u012bna eti\u0137is, d\u0101rze\u0146i (\u0137iploki, s\u012bpoli, pipari), gar\u0161vielas, gar\u0161vielas, pask\u0101bin\u0101t\u0101js: citronsk\u0101be, aromatiz\u0113t\u0101js, konservants: k\u0101lija sorb\u0101ts, gar\u0161augi, karameliz\u0113ta cukura s\u012brups, paprikas ekstrakts.<\/span><\/p>","protected":false},"excerpt":{"rendered":"<p><span style=\"color: #0000ff;\"><strong>2024a. atz\u012bta par lab\u0101ko m\u0113rci m\u016bsu pa\u0161u Igaunij\u0101 konkurs\u0101 \"GREAT TASTLE\".<\/strong><\/span><\/p>\n<p>Gatavo\u0161anas telpas BBQ koordinators <span class=\"x1lliihq x1plvlek xryxfnj x1n2onr6 x1ji0vk5 x18bv5gf x193iq5w xeuugli x1fj9vlw x13faqbe x1vvkbs x1s928wv xhkezso x1gmr53x x1cpjm7i x1fgarty x1943h6x x1i0vuye xvs91rp x1s688f x5n08af x10wh9bi x1wdrske x8viiok x18hxmgj\" dir=\"auto\">Geri Hochgatterer <\/span>ir \u013coti labi paz\u012bstams v\u0101rds Eirop\u0101, jo \u012bpa\u0161i konkurences pasaul\u0113. Vi\u0146\u0161 ir 2022. un 2023. gada Eiropas sezonas \u010dempions.<\/p>\n<p>Original Sauce ir bijusi ar\u012b Amerik\u0101, kur piedal\u012bj\u0101s liel\u0101 BBQ m\u0113r\u010du konkurs\u0101 un atgriez\u0101s otr\u0101 viet\u0101.<\/p>\n<p>T\u0101 ir \u013coti salda m\u0113rce. Labi der uz da\u017e\u0101da veida c\u016bkga\u013cas, ja v\u0113laties saldo vistas ga\u013cu, pam\u0113\u0123iniet ar\u012b to.<\/p>\n<p>&nbsp;<\/p>\n<p><img loading=\"lazy\" decoding=\"async\" class=\"alignnone wp-image-2036\" src=\"http:\/\/www.tammetorubbq.ee\/wp-content\/uploads\/2024\/11\/Cooklounge-BBQ-logo-288x300.png\" alt=\"\" width=\"164\" height=\"171\" srcset=\"https:\/\/tammetorubbq.ee\/wp-content\/uploads\/2024\/11\/Cooklounge-BBQ-logo-288x300.png 288w, https:\/\/tammetorubbq.ee\/wp-content\/uploads\/2024\/11\/Cooklounge-BBQ-logo-982x1024.png 982w, https:\/\/tammetorubbq.ee\/wp-content\/uploads\/2024\/11\/Cooklounge-BBQ-logo-768x801.png 768w, https:\/\/tammetorubbq.ee\/wp-content\/uploads\/2024\/11\/Cooklounge-BBQ-logo-1473x1536.png 1473w, https:\/\/tammetorubbq.ee\/wp-content\/uploads\/2024\/11\/Cooklounge-BBQ-logo-1963x2048.png 1963w, https:\/\/tammetorubbq.ee\/wp-content\/uploads\/2024\/11\/Cooklounge-BBQ-logo-12x12.png 12w, https:\/\/tammetorubbq.ee\/wp-content\/uploads\/2024\/11\/Cooklounge-BBQ-logo-600x626.png 600w, https:\/\/tammetorubbq.ee\/wp-content\/uploads\/2024\/11\/Cooklounge-BBQ-logo-64x67.png 64w\" sizes=\"auto, (max-width: 164px) 100vw, 164px\" \/><\/p>","protected":false},"featured_media":2052,"comment_status":"open","ping_status":"closed","template":"","meta":{"_uf_show_specific_survey":0,"_uf_disable_surveys":false},"pwb-brand":[],"product_brand":[],"product_cat":[22],"product_tag":[],"class_list":{"0":"post-2034","1":"product","2":"type-product","3":"status-publish","4":"has-post-thumbnail","6":"product_cat-kastmed-ja-marinaadid","8":"first","9":"outofstock","10":"taxable","11":"shipping-taxable","12":"purchasable","13":"product-type-simple"},"brands":[],"_links":{"self":[{"href":"https:\/\/tammetorubbq.ee\/lv\/wp-json\/wp\/v2\/product\/2034","targetHints":{"allow":["GET"]}}],"collection":[{"href":"https:\/\/tammetorubbq.ee\/lv\/wp-json\/wp\/v2\/product"}],"about":[{"href":"https:\/\/tammetorubbq.ee\/lv\/wp-json\/wp\/v2\/types\/product"}],"replies":[{"embeddable":true,"href":"https:\/\/tammetorubbq.ee\/lv\/wp-json\/wp\/v2\/comments?post=2034"}],"wp:featuredmedia":[{"embeddable":true,"href":"https:\/\/tammetorubbq.ee\/lv\/wp-json\/wp\/v2\/media\/2052"}],"wp:attachment":[{"href":"https:\/\/tammetorubbq.ee\/lv\/wp-json\/wp\/v2\/media?parent=2034"}],"wp:term":[{"taxonomy":"pwb-brand","embeddable":true,"href":"https:\/\/tammetorubbq.ee\/lv\/wp-json\/wp\/v2\/pwb-brand?post=2034"},{"taxonomy":"product_brand","embeddable":true,"href":"https:\/\/tammetorubbq.ee\/lv\/wp-json\/wp\/v2\/product_brand?post=2034"},{"taxonomy":"product_cat","embeddable":true,"href":"https:\/\/tammetorubbq.ee\/lv\/wp-json\/wp\/v2\/product_cat?post=2034"},{"taxonomy":"product_tag","embeddable":true,"href":"https:\/\/tammetorubbq.ee\/lv\/wp-json\/wp\/v2\/product_tag?post=2034"}],"curies":[{"name":"wp","href":"https:\/\/api.w.org\/{rel}","templated":true}]}}