{"id":2037,"date":"2024-11-05T13:40:42","date_gmt":"2024-11-05T11:40:42","guid":{"rendered":"https:\/\/tammetorubbq.ee\/?post_type=product&#038;p=2037"},"modified":"2026-04-19T16:00:47","modified_gmt":"2026-04-19T13:00:47","slug":"heath-riles-salda-bbq-merce-473g","status":"publish","type":"product","link":"https:\/\/tammetorubbq.ee\/lv\/product-2\/heath-riles-salda-bbq-merce-473g\/","title":{"rendered":"Heath Riles Sald\u0101 BBQ m\u0113rce 473g"},"content":{"rendered":"<p><strong>Sast\u0101vda\u013cas:<\/strong> br\u016bnais cukurs; ke\u010dups (tom\u0101ti, kukur\u016bzas s\u012brups ar augstu fruktozes saturu, kukur\u016bzas s\u012brups,<br \/>\ns\u012bpolu pulveris, dab\u012bg\u0101s gar\u0161vielas); \u016bdens; medus; sinepes (sinepju s\u0113klas, kurkuma, paprika,<br \/>\n\u0137iploku pulveris); destil\u0113ts eti\u0137is; Vor\u010dester\u0161\u012bras m\u0113rce (melase, \u0101bolsk\u0101be, citronsk\u0101be,<br \/>\ndekstroze, celulozes sve\u0137i, dab\u012bga k\u016bpin\u0101\u0161anas aromatiz\u0113t\u0101ja); s\u0101ls; modific\u0113ta kukur\u016bzas ciete; gar\u0161vielas;<br \/>\nkalt\u0113ti \u0137iploki; kalt\u0113ti s\u012bpoli; citronsk\u0101be; n\u0101trija benzo\u0101ts, k\u0101lija sorb\u0101ts;<br \/>\nksantaankummi.<\/p>","protected":false},"excerpt":{"rendered":"<p>H\u012bts Railzs ir v\u012brs, kur\u0161 ir ieguvis neskait\u0101mus titulus pasaules \u010dempion\u0101ta ribu kategorij\u0101. P\u0113d\u0113jos gados vi\u0146\u0161 ir palicis nep\u0101rsp\u0113ts. Vi\u0146\u0161 vienm\u0113r to dara ar sav\u0101m gar\u0161viel\u0101m un m\u0113rc\u0113m, un vi\u0146a sald\u0101 BBQ m\u0113rce ir stingra vi\u0146a ribi\u0146u receptes sast\u0101vda\u013ca.<\/p>\n<p>Tas ir t\u0101 sauktais. \u0160\u012b ir puse no vi\u0146a m\u0113rces, t\u0101p\u0113c t\u0101 j\u0101sajauc 50:50 ar eti\u0137a m\u0113rci, lai ieg\u016btu perfektu glaz\u016bru. Pati par sevi t\u0101 nep\u0101rprotami ir klasisk\u0101 sald\u0101 BBQ m\u0113rce.<\/p>\n<p>Lai kur j\u016bs b\u016btu lietojis savu BBQ m\u0113rci, izm\u0113\u0123iniet Heath Riles m\u0113rci, un j\u016bs to neno\u017e\u0113losiet.<\/p>\n<p><img loading=\"lazy\" decoding=\"async\" class=\"wp-image-1567\" src=\"http:\/\/tammetorubbq.ee\/wp-content\/uploads\/2024\/03\/Heath_Riles_logo-300x300.webp\" alt=\"Heath_Riles_logo\" width=\"218\" height=\"218\" srcset=\"https:\/\/tammetorubbq.ee\/wp-content\/uploads\/2024\/03\/Heath_Riles_logo-300x300.webp 300w, https:\/\/tammetorubbq.ee\/wp-content\/uploads\/2024\/03\/Heath_Riles_logo-150x150.webp 150w, https:\/\/tammetorubbq.ee\/wp-content\/uploads\/2024\/03\/Heath_Riles_logo-12x12.webp 12w, https:\/\/tammetorubbq.ee\/wp-content\/uploads\/2024\/03\/Heath_Riles_logo-64x64.webp 64w, https:\/\/tammetorubbq.ee\/wp-content\/uploads\/2024\/03\/Heath_Riles_logo.webp 480w\" sizes=\"auto, (max-width: 218px) 100vw, 218px\" \/><\/p>","protected":false},"featured_media":2038,"comment_status":"open","ping_status":"closed","template":"","meta":{"_uf_show_specific_survey":0,"_uf_disable_surveys":false},"pwb-brand":[84],"product_brand":[],"product_cat":[22],"product_tag":[347],"class_list":{"0":"post-2037","1":"product","2":"type-product","3":"status-publish","4":"has-post-thumbnail","6":"pwb-brand-heath-riles","7":"product_cat-kastmed-ja-marinaadid","8":"product_tag-heath-riles","10":"first","11":"outofstock","12":"taxable","13":"shipping-taxable","14":"purchasable","15":"product-type-simple"},"brands":[{"id":84,"name":"Heath Riles","slug":"heath-riles"}],"_links":{"self":[{"href":"https:\/\/tammetorubbq.ee\/lv\/wp-json\/wp\/v2\/product\/2037","targetHints":{"allow":["GET"]}}],"collection":[{"href":"https:\/\/tammetorubbq.ee\/lv\/wp-json\/wp\/v2\/product"}],"about":[{"href":"https:\/\/tammetorubbq.ee\/lv\/wp-json\/wp\/v2\/types\/product"}],"replies":[{"embeddable":true,"href":"https:\/\/tammetorubbq.ee\/lv\/wp-json\/wp\/v2\/comments?post=2037"}],"wp:featuredmedia":[{"embeddable":true,"href":"https:\/\/tammetorubbq.ee\/lv\/wp-json\/wp\/v2\/media\/2038"}],"wp:attachment":[{"href":"https:\/\/tammetorubbq.ee\/lv\/wp-json\/wp\/v2\/media?parent=2037"}],"wp:term":[{"taxonomy":"pwb-brand","embeddable":true,"href":"https:\/\/tammetorubbq.ee\/lv\/wp-json\/wp\/v2\/pwb-brand?post=2037"},{"taxonomy":"product_brand","embeddable":true,"href":"https:\/\/tammetorubbq.ee\/lv\/wp-json\/wp\/v2\/product_brand?post=2037"},{"taxonomy":"product_cat","embeddable":true,"href":"https:\/\/tammetorubbq.ee\/lv\/wp-json\/wp\/v2\/product_cat?post=2037"},{"taxonomy":"product_tag","embeddable":true,"href":"https:\/\/tammetorubbq.ee\/lv\/wp-json\/wp\/v2\/product_tag?post=2037"}],"curies":[{"name":"wp","href":"https:\/\/api.w.org\/{rel}","templated":true}]}}