{"id":2039,"date":"2024-11-05T13:46:13","date_gmt":"2024-11-05T11:46:13","guid":{"rendered":"https:\/\/tammetorubbq.ee\/?post_type=product&#038;p=2039"},"modified":"2026-04-15T03:00:15","modified_gmt":"2026-04-15T00:00:15","slug":"est-visspecigako-materialu-berzet-210g","status":"publish","type":"product","link":"https:\/\/tammetorubbq.ee\/lv\/product-2\/est-visspecigako-materialu-berzet-210g\/","title":{"rendered":"EAT Most Powerful Stuff Rub 210g"},"content":{"rendered":"<p><strong>Sast\u0101vda\u013cas:<\/strong> s\u0101ls, cukurs, gar\u0161vielas (tostarp \u010dilli un sinepes), br\u016bnais cukurs, n\u0101trija glutam\u0101ts, paprika, kalt\u0113ti \u0137iploki un s\u012bpoli, \u0137iploku pulveris.<\/p>","protected":false},"excerpt":{"rendered":"<p>\u0112D\u012aT Vissp\u0113c\u012bg\u0101k\u0101s lietas - cilv\u0113ks, kas st\u0101v aiz \u0161\u012bs BBQ berz\u0113\u0161anas, ir tikpat stingrs k\u0101 Rod Gray. Vi\u0146\u0161 ir pa\u0161reiz\u0113jais KCBS vad\u012bt\u0101js, bet pirms tam vad\u012bja savu komandu Pellet Envy, kas uzvar\u0113ja visos liel\u0101kajos konkursos un k\u013cuva slavena, kad uzvar\u0113ja TV seri\u0101l\u0101 BBQ Pitmasters. Rods \u0161o berz\u0113jumu nesauc par varenu, ar to ir j\u0101b\u016bt uzman\u012bgam, pareiz\u0101 daudzum\u0101 no t\u0101 top vislab\u0101k\u0101 ga\u013ca pasaul\u0113, bet no p\u0101rlieku liel\u0101 daudzuma burna s\u0101po.<\/p>\n<p>\u0112D\u012aT Sp\u0113c\u012bg\u0101kie produkti ir dom\u0101ti tiem, kas nev\u0113las tikai saldumu, bet sagaida ar\u012b pat\u012bkamu triecienu uz \"karst\u0101s\" m\u0113les aizmugures. Ja jums nepat\u012bk pikanti \u0113dieni, ar to ir j\u0101b\u016bt uzman\u012bgiem.<\/p>\n<p>Piem\u0113ram, izmantojiet to k\u0101 otro berz\u0113jumu ribi\u0146ai vai vispirms uzkl\u0101jiet to uz savas iecien\u012bt\u0101k\u0101s ga\u013cas un p\u0113c tam uz \u0161\u012bs, lai pie\u0161\u0137irtu tai vieglu pikantumu un papildu gar\u0161u.<\/p>\n<p>&nbsp;<\/p>","protected":false},"featured_media":2040,"comment_status":"open","ping_status":"closed","template":"","meta":{"_uf_show_specific_survey":0,"_uf_disable_surveys":false},"pwb-brand":[],"product_brand":[],"product_cat":[21],"product_tag":[],"class_list":{"0":"post-2039","1":"product","2":"type-product","3":"status-publish","4":"has-post-thumbnail","6":"product_cat-maitseainesegud","8":"first","9":"outofstock","10":"taxable","11":"shipping-taxable","12":"purchasable","13":"product-type-simple"},"brands":[],"_links":{"self":[{"href":"https:\/\/tammetorubbq.ee\/lv\/wp-json\/wp\/v2\/product\/2039","targetHints":{"allow":["GET"]}}],"collection":[{"href":"https:\/\/tammetorubbq.ee\/lv\/wp-json\/wp\/v2\/product"}],"about":[{"href":"https:\/\/tammetorubbq.ee\/lv\/wp-json\/wp\/v2\/types\/product"}],"replies":[{"embeddable":true,"href":"https:\/\/tammetorubbq.ee\/lv\/wp-json\/wp\/v2\/comments?post=2039"}],"wp:featuredmedia":[{"embeddable":true,"href":"https:\/\/tammetorubbq.ee\/lv\/wp-json\/wp\/v2\/media\/2040"}],"wp:attachment":[{"href":"https:\/\/tammetorubbq.ee\/lv\/wp-json\/wp\/v2\/media?parent=2039"}],"wp:term":[{"taxonomy":"pwb-brand","embeddable":true,"href":"https:\/\/tammetorubbq.ee\/lv\/wp-json\/wp\/v2\/pwb-brand?post=2039"},{"taxonomy":"product_brand","embeddable":true,"href":"https:\/\/tammetorubbq.ee\/lv\/wp-json\/wp\/v2\/product_brand?post=2039"},{"taxonomy":"product_cat","embeddable":true,"href":"https:\/\/tammetorubbq.ee\/lv\/wp-json\/wp\/v2\/product_cat?post=2039"},{"taxonomy":"product_tag","embeddable":true,"href":"https:\/\/tammetorubbq.ee\/lv\/wp-json\/wp\/v2\/product_tag?post=2039"}],"curies":[{"name":"wp","href":"https:\/\/api.w.org\/{rel}","templated":true}]}}