{"id":2045,"date":"2024-11-05T14:04:02","date_gmt":"2024-11-05T12:04:02","guid":{"rendered":"https:\/\/tammetorubbq.ee\/?post_type=product&#038;p=2045"},"modified":"2026-04-15T00:00:16","modified_gmt":"2026-04-14T21:00:16","slug":"kosmos-q-originals-liellopa-galas-kruts-gabals-cukgalas-spekis-453g","status":"publish","type":"product","link":"https:\/\/tammetorubbq.ee\/lv\/product-2\/kosmos-q-originals-liellopa-galas-kruts-gabals-cukgalas-spekis-453g\/","title":{"rendered":"Kosmo's Q Original Beef Brisket injekcija 453g"},"content":{"rendered":"<p><strong>Sast\u0101vda\u013cas<\/strong>: hidroliz\u0113ts sojas prote\u012bns (satur s\u0101li), n\u0101trija fosf\u0101ts (35%), autoliz\u0113ts raugs, n\u0101trija inozin\u0101ts un n\u0101trija guanil\u0101ts, ksant\u0101na sve\u0137i.<\/p>\n<p>Sast\u0101vs: sojas<\/p>","protected":false},"excerpt":{"rendered":"<p>Ir viens z\u012bmols, ko arvien vair\u0101k un vair\u0101k konkur\u0113tsp\u0113j\u012bgu b\u0101rbekj\u016b meistaru vis\u0101 pasaul\u0113 izv\u0113las izmantot k\u0101 savu godalgoto slepeno ieroci, lai pagatavotu perfektu b\u0101rbekj\u016b.<\/p>\n<p>Izmantojot patent\u0113tu s\u0101ls mais\u012bjumu, lai saglab\u0101tu mitrumu un pie\u0161\u0137irtu \u0161\u0137i\u0146\u0137im dabisku liellopa ga\u013cas gar\u0161u, Kosmo`s Q ir main\u012bjis grila gatavo\u0161anas paradumus.<\/p>\n<p>&nbsp;<\/p>\n<p><img loading=\"lazy\" decoding=\"async\" class=\"wp-image-1698\" src=\"http:\/\/tammetorubbq.ee\/wp-content\/uploads\/2024\/05\/Kosmos-Q-logo.avif\" alt=\"Kosmo Q\" width=\"144\" height=\"108\" srcset=\"https:\/\/tammetorubbq.ee\/wp-content\/uploads\/2024\/05\/Kosmos-Q-logo.avif 258w, https:\/\/tammetorubbq.ee\/wp-content\/uploads\/2024\/05\/Kosmos-Q-logo-16x12.avif 16w, https:\/\/tammetorubbq.ee\/wp-content\/uploads\/2024\/05\/Kosmos-Q-logo-64x48.avif 64w\" sizes=\"auto, (max-width: 144px) 100vw, 144px\" \/><\/p>","protected":false},"featured_media":2046,"comment_status":"open","ping_status":"closed","template":"","meta":{"_uf_show_specific_survey":0,"_uf_disable_surveys":false},"pwb-brand":[81],"product_brand":[],"product_cat":[22],"product_tag":[],"class_list":{"0":"post-2045","1":"product","2":"type-product","3":"status-publish","4":"has-post-thumbnail","6":"pwb-brand-kosmos-q","7":"product_cat-kastmed-ja-marinaadid","9":"first","10":"instock","11":"taxable","12":"shipping-taxable","13":"purchasable","14":"product-type-simple"},"brands":[{"id":81,"name":"Kosmo Q","slug":"kosmos-q"}],"_links":{"self":[{"href":"https:\/\/tammetorubbq.ee\/lv\/wp-json\/wp\/v2\/product\/2045","targetHints":{"allow":["GET"]}}],"collection":[{"href":"https:\/\/tammetorubbq.ee\/lv\/wp-json\/wp\/v2\/product"}],"about":[{"href":"https:\/\/tammetorubbq.ee\/lv\/wp-json\/wp\/v2\/types\/product"}],"replies":[{"embeddable":true,"href":"https:\/\/tammetorubbq.ee\/lv\/wp-json\/wp\/v2\/comments?post=2045"}],"wp:featuredmedia":[{"embeddable":true,"href":"https:\/\/tammetorubbq.ee\/lv\/wp-json\/wp\/v2\/media\/2046"}],"wp:attachment":[{"href":"https:\/\/tammetorubbq.ee\/lv\/wp-json\/wp\/v2\/media?parent=2045"}],"wp:term":[{"taxonomy":"pwb-brand","embeddable":true,"href":"https:\/\/tammetorubbq.ee\/lv\/wp-json\/wp\/v2\/pwb-brand?post=2045"},{"taxonomy":"product_brand","embeddable":true,"href":"https:\/\/tammetorubbq.ee\/lv\/wp-json\/wp\/v2\/product_brand?post=2045"},{"taxonomy":"product_cat","embeddable":true,"href":"https:\/\/tammetorubbq.ee\/lv\/wp-json\/wp\/v2\/product_cat?post=2045"},{"taxonomy":"product_tag","embeddable":true,"href":"https:\/\/tammetorubbq.ee\/lv\/wp-json\/wp\/v2\/product_tag?post=2045"}],"curies":[{"name":"wp","href":"https:\/\/api.w.org\/{rel}","templated":true}]}}