{"id":2053,"date":"2024-11-05T15:13:56","date_gmt":"2024-11-05T13:13:56","guid":{"rendered":"https:\/\/tammetorubbq.ee\/?post_type=product&#038;p=2053"},"modified":"2026-04-15T03:00:12","modified_gmt":"2026-04-15T00:00:12","slug":"richard-fergola-sweet-rub-318g","status":"publish","type":"product","link":"https:\/\/tammetorubbq.ee\/lv\/product-2\/richard-fergola-sweet-rub-318g\/","title":{"rendered":"Richard Fergola Sweet Rub 318g"},"content":{"rendered":"<p><strong>Sast\u0101vda\u013cas:<\/strong> s\u0101ls, cukurs, gar\u0161vielas, \u010dilli, maltodekstr\u012bns, paprika, \u0137iploki, s\u012bpoli, br\u016bnais cukurs un medus, pretsalipes vielas.<\/p>","protected":false},"excerpt":{"rendered":"<p><strong>Ri\u010dards Fergola - cilv\u0113ks, kur\u0161 ir k\u013cuvis par \u012bstu kvalit\u0101tes un zin\u0101\u0161anu simbolu BBQ sabiedr\u012bb\u0101.<\/strong><\/p>\n<p data-start=\"127\" data-end=\"401\">Rad\u012bjis le\u0123end\u0101rais pitmeistars Ri\u010dards Fergola <strong data-start=\"173\" data-end=\"186\">Sald\u0101 berze<\/strong> ir \u012bsts gardums visiem BBQ cien\u012bt\u0101jiem. \u0160is saldo un pikanto gar\u0161u mais\u012bjums izce\u013c ga\u013cas dabisko sul\u012bgumu, pied\u0101v\u0101jot ide\u0101lu l\u012bdzsvaru starp br\u016bno cukuru, papriku, \u0137iplokiem un pikantaj\u0101m not\u012bm.<\/p>\n<p data-start=\"403\" data-end=\"589\">Ide\u0101li piem\u0113rots ribi\u0146u, c\u016bkga\u013cas kakla, vistas ga\u013cas, sp\u0101rnu un pat d\u0101rze\u0146u gar\u0161vielu pagatavo\u0161anai - <strong data-start=\"484\" data-end=\"504\">Fergolicious BBQ<\/strong> z\u012bmola berz\u0113jums ir vair\u0101kk\u0101rt ieguvis lab\u0101kos apbalvojumus ASV b\u0101rbekj\u016b sacens\u012bb\u0101s.<\/p>\n<p>\u2714\ufe0fMagus un nedaudz d\u016bmakains profils<br data-start=\"626\" data-end=\"629\" \/>\u2714\ufe0f Amerik\u0101\u0146u BBQ meistaru priek\u0161roka<br data-start=\"662\" data-end=\"665\" \/>\u2714\ufe0fSobib k\u016bpin\u0101\u0161anai, gril\u0113\u0161anai un gatavo\u0161anai cepe\u0161kr\u0101sn\u012b.<br data-start=\"724\" data-end=\"727\" \/>\u2714\ufe0fGluteenivaba<\/p>\n<p><strong>\ud83d\udc4c 10\/10 searibile.\u00a0<\/strong><\/p>\n<p data-start=\"743\" data-end=\"879\"><strong data-start=\"743\" data-end=\"755\">\ud83d\udca1Pro padoms:<\/strong> Pirms gar\u0161vielu pievieno\u0161anas ga\u013cu p\u0101rkl\u0101jiet ar pl\u0101nu sinepju k\u0101rti\u0146u - tas pal\u012bdz lab\u0101k ies\u016bkties un lab\u0101k ies\u016bkties gar\u0161viel\u0101m!<\/p>\n<p><img loading=\"lazy\" decoding=\"async\" class=\"wp-image-2007\" src=\"http:\/\/tammetorubbq.ee\/wp-content\/uploads\/2024\/11\/Richardfergolabbq-298x300.jpg\" alt=\"Richardfergolabbq\" width=\"189\" height=\"190\" srcset=\"https:\/\/tammetorubbq.ee\/wp-content\/uploads\/2024\/11\/Richardfergolabbq-298x300.jpg 298w, https:\/\/tammetorubbq.ee\/wp-content\/uploads\/2024\/11\/Richardfergolabbq-150x150.jpg 150w, https:\/\/tammetorubbq.ee\/wp-content\/uploads\/2024\/11\/Richardfergolabbq-768x774.jpg 768w, https:\/\/tammetorubbq.ee\/wp-content\/uploads\/2024\/11\/Richardfergolabbq-12x12.jpg 12w, https:\/\/tammetorubbq.ee\/wp-content\/uploads\/2024\/11\/Richardfergolabbq-300x300.jpg 300w, https:\/\/tammetorubbq.ee\/wp-content\/uploads\/2024\/11\/Richardfergolabbq-600x605.jpg 600w, https:\/\/tammetorubbq.ee\/wp-content\/uploads\/2024\/11\/Richardfergolabbq-64x65.jpg 64w, https:\/\/tammetorubbq.ee\/wp-content\/uploads\/2024\/11\/Richardfergolabbq.jpg 952w\" sizes=\"auto, (max-width: 189px) 100vw, 189px\" \/><\/p>\n<p>&nbsp;<\/p>","protected":false},"featured_media":2054,"comment_status":"open","ping_status":"closed","template":"","meta":{"_uf_show_specific_survey":0,"_uf_disable_surveys":false},"pwb-brand":[],"product_brand":[],"product_cat":[21],"product_tag":[],"class_list":{"0":"post-2053","1":"product","2":"type-product","3":"status-publish","4":"has-post-thumbnail","6":"product_cat-maitseainesegud","8":"first","9":"outofstock","10":"taxable","11":"shipping-taxable","12":"purchasable","13":"product-type-simple"},"brands":[],"_links":{"self":[{"href":"https:\/\/tammetorubbq.ee\/lv\/wp-json\/wp\/v2\/product\/2053","targetHints":{"allow":["GET"]}}],"collection":[{"href":"https:\/\/tammetorubbq.ee\/lv\/wp-json\/wp\/v2\/product"}],"about":[{"href":"https:\/\/tammetorubbq.ee\/lv\/wp-json\/wp\/v2\/types\/product"}],"replies":[{"embeddable":true,"href":"https:\/\/tammetorubbq.ee\/lv\/wp-json\/wp\/v2\/comments?post=2053"}],"wp:featuredmedia":[{"embeddable":true,"href":"https:\/\/tammetorubbq.ee\/lv\/wp-json\/wp\/v2\/media\/2054"}],"wp:attachment":[{"href":"https:\/\/tammetorubbq.ee\/lv\/wp-json\/wp\/v2\/media?parent=2053"}],"wp:term":[{"taxonomy":"pwb-brand","embeddable":true,"href":"https:\/\/tammetorubbq.ee\/lv\/wp-json\/wp\/v2\/pwb-brand?post=2053"},{"taxonomy":"product_brand","embeddable":true,"href":"https:\/\/tammetorubbq.ee\/lv\/wp-json\/wp\/v2\/product_brand?post=2053"},{"taxonomy":"product_cat","embeddable":true,"href":"https:\/\/tammetorubbq.ee\/lv\/wp-json\/wp\/v2\/product_cat?post=2053"},{"taxonomy":"product_tag","embeddable":true,"href":"https:\/\/tammetorubbq.ee\/lv\/wp-json\/wp\/v2\/product_tag?post=2053"}],"curies":[{"name":"wp","href":"https:\/\/api.w.org\/{rel}","templated":true}]}}