{"id":2069,"date":"2024-11-06T19:43:46","date_gmt":"2024-11-06T17:43:46","guid":{"rendered":"https:\/\/tammetorubbq.ee\/?post_type=product&#038;p=2069"},"modified":"2026-04-15T03:00:06","modified_gmt":"2026-04-15T00:00:06","slug":"stokes-pikalilli-merce-240g","status":"publish","type":"product","link":"https:\/\/tammetorubbq.ee\/lv\/product-2\/stokes-pikalilli-merce-240g\/","title":{"rendered":"Stokes Pikalilli m\u0113rce 240g"},"content":{"rendered":"<p><strong>Sast\u0101vda\u013cas:<\/strong> sidra eti\u0137is, ziedk\u0101posti (16%), s\u012bpoli (14%), nerafin\u0113ts cukurniedru cukurs, cukini (8%), Di\u017eonas cukurs <strong>sinep<\/strong>\u00a0(7%) (\u016bdens, sinepju s\u0113klas, spirta eti\u0137is, s\u0101ls, sk\u0101buma regul\u0113t\u0101js: citronsk\u0101be), za\u013cie pipari (4%), sarkanie pipari (4%), kukur\u016bzas milti, korni\u0161oni (3%) (korni\u0161oni, destil\u0113ts iesala eti\u0137is (mie\u017eu), s\u0101ls, \u016bdens, sk\u0101be: eti\u0137sk\u0101be, dzelten\u0101s sinepes<strong>,<\/strong>\u00a0gar\u0161vielas, j\u016bras s\u0101ls, konservants: sorb\u012bnsk\u0101be.<\/p>\n<p>Uzturv\u0113rt\u012bba 100 g: ener\u0123\u0113tisk\u0101 v\u0113rt\u012bba 391kJ\/92kcal, tauki 1,5g, no tiem pies\u0101tin\u0101tie 0,0g, og\u013chidr\u0101ti 20g, no tiem cukuri 15g, olbaltumvielas 2,3g, s\u0101ls 1,4g.<\/p>","protected":false},"excerpt":{"rendered":"<p>Krauk\u0161\u0137\u012bgu d\u0101rza d\u0101rze\u0146u saldums pikant\u0101, ar kurkuma gar\u0161viel\u0101m paspilgtin\u0101t\u0101 sinepju m\u0113rc\u0113.<\/p>\n<p>Anglij\u0101 tradicion\u0101li iecien\u012bt\u0101 PICCALILLI KASTE - pikanta, nedaudz salda sinepju m\u0113rce, kas aromatiz\u0113ta ar kurkumu.<\/p>\n<p>Ide\u0101li sader ar aukstajiem ga\u013cas gabaliem un ar\u012b sieru.<\/p>\n<h3><\/h3>\n<p>&nbsp;<\/p>\n<p>STOKES - augst\u0101k\u0101s kvalit\u0101tes m\u0113rces, ke\u010dupi un sinepes no Anglijas.<\/p>\n<p><img loading=\"lazy\" decoding=\"async\" class=\"alignnone wp-image-1551\" src=\"http:\/\/tammetorubbq.ee\/wp-content\/uploads\/2023\/12\/stokes-logo-vector-1.png\" alt=\"\" width=\"170\" height=\"94\" srcset=\"https:\/\/tammetorubbq.ee\/wp-content\/uploads\/2023\/12\/stokes-logo-vector-1.png 300w, https:\/\/tammetorubbq.ee\/wp-content\/uploads\/2023\/12\/stokes-logo-vector-1-18x10.png 18w, https:\/\/tammetorubbq.ee\/wp-content\/uploads\/2023\/12\/stokes-logo-vector-1-64x35.png 64w\" sizes=\"auto, (max-width: 170px) 100vw, 170px\" \/><\/p>","protected":false},"featured_media":2070,"comment_status":"open","ping_status":"closed","template":"","meta":{"_uf_show_specific_survey":0,"_uf_disable_surveys":false},"pwb-brand":[89],"product_brand":[],"product_cat":[22],"product_tag":[],"class_list":{"0":"post-2069","1":"product","2":"type-product","3":"status-publish","4":"has-post-thumbnail","6":"pwb-brand-stokes","7":"product_cat-kastmed-ja-marinaadid","9":"first","10":"outofstock","11":"taxable","12":"shipping-taxable","13":"purchasable","14":"product-type-simple"},"brands":[{"id":89,"name":"Stokes","slug":"stokes"}],"_links":{"self":[{"href":"https:\/\/tammetorubbq.ee\/lv\/wp-json\/wp\/v2\/product\/2069","targetHints":{"allow":["GET"]}}],"collection":[{"href":"https:\/\/tammetorubbq.ee\/lv\/wp-json\/wp\/v2\/product"}],"about":[{"href":"https:\/\/tammetorubbq.ee\/lv\/wp-json\/wp\/v2\/types\/product"}],"replies":[{"embeddable":true,"href":"https:\/\/tammetorubbq.ee\/lv\/wp-json\/wp\/v2\/comments?post=2069"}],"wp:featuredmedia":[{"embeddable":true,"href":"https:\/\/tammetorubbq.ee\/lv\/wp-json\/wp\/v2\/media\/2070"}],"wp:attachment":[{"href":"https:\/\/tammetorubbq.ee\/lv\/wp-json\/wp\/v2\/media?parent=2069"}],"wp:term":[{"taxonomy":"pwb-brand","embeddable":true,"href":"https:\/\/tammetorubbq.ee\/lv\/wp-json\/wp\/v2\/pwb-brand?post=2069"},{"taxonomy":"product_brand","embeddable":true,"href":"https:\/\/tammetorubbq.ee\/lv\/wp-json\/wp\/v2\/product_brand?post=2069"},{"taxonomy":"product_cat","embeddable":true,"href":"https:\/\/tammetorubbq.ee\/lv\/wp-json\/wp\/v2\/product_cat?post=2069"},{"taxonomy":"product_tag","embeddable":true,"href":"https:\/\/tammetorubbq.ee\/lv\/wp-json\/wp\/v2\/product_tag?post=2069"}],"curies":[{"name":"wp","href":"https:\/\/api.w.org\/{rel}","templated":true}]}}