{"id":216,"date":"2023-11-28T18:27:23","date_gmt":"2023-11-28T15:27:23","guid":{"rendered":"https:\/\/tammetorubbq.ee\/?post_type=product&#038;p=216"},"modified":"2026-04-19T21:00:22","modified_gmt":"2026-04-19T18:00:22","slug":"poppamies-texas-liellopu-galas-berzesanas-garsvielu-maisijums","status":"publish","type":"product","link":"https:\/\/tammetorubbq.ee\/lv\/product-2\/poppamies-texas-liellopu-galas-berzesanas-garsvielu-maisijums\/","title":{"rendered":"Poppamies Texas Beef Rub 200g"},"content":{"rendered":"<p><strong>Sast\u0101vda\u013cas:<\/strong> Niedru cukurs, s\u0101ls, sinepju s\u0113klas, k\u016bpin\u0101ta paprika, melnie pipari, kardamons.<\/p>\n<p>Poppamiehe gar\u0161vielu mais\u012bjumi ir izgatavoti no lab\u0101kaj\u0101m izejviel\u0101m un ir \u012bpa\u0161i piem\u0113roti sausai ga\u013cas marin\u0113\u0161anai, k\u0101 ar\u012b lieliski piem\u0113roti visp\u0101r\u0113jai gar\u0161vielu gatavo\u0161anai.<\/p>\n<p>Poppamies RUB gar\u0161vielas nesatur laktozi un lipekli, k\u0101 ar\u012b gar\u0161as pastiprin\u0101t\u0101jus.<\/p>","protected":false},"excerpt":{"rendered":"<p>Sinepju un piparu gar\u0161as Texas Beef RUB ir gatavots Teksasas gar\u0161as gar\u0161u gar\u0161u gar\u0161u gar\u0161u stil\u0101.<br \/>\nMais\u012bjums ir paredz\u0113ts liellopu ga\u013cai, bet lieliski der ar\u012b c\u016bkga\u013cai.<\/p>\n<p>Gar\u0161vielu mais\u012bjums ir piem\u0113rots k\u0101 papildin\u0101jums k\u016bpin\u0101tai ga\u013cai. Gar\u0161vielu mais\u012bjum\u0101 nav nek\u0101 papildus, visas sast\u0101vda\u013cas ir sabalans\u0113tas gar\u0161as, s\u0101ls un salduma zi\u0146\u0101.<br \/>\nMaitsesta liha enne k\u00fcpsetamist, h\u00f5\u00f5ruge v\u00fcrtsisegu lihale ohtralt, ca 40-50 g kilogrammi liha kohta.+<\/p>\n<p>&nbsp;<\/p>\n<p><img loading=\"lazy\" decoding=\"async\" class=\"alignnone  wp-image-6303\" src=\"https:\/\/tammetorubbq.ee\/wp-content\/uploads\/2023\/11\/a3254948a7e8d399_org-300x223.png\" alt=\"\" width=\"204\" height=\"152\" srcset=\"https:\/\/tammetorubbq.ee\/wp-content\/uploads\/2023\/11\/a3254948a7e8d399_org-300x223.png 300w, https:\/\/tammetorubbq.ee\/wp-content\/uploads\/2023\/11\/a3254948a7e8d399_org-768x570.png 768w, https:\/\/tammetorubbq.ee\/wp-content\/uploads\/2023\/11\/a3254948a7e8d399_org-16x12.png 16w, https:\/\/tammetorubbq.ee\/wp-content\/uploads\/2023\/11\/a3254948a7e8d399_org-600x445.png 600w, https:\/\/tammetorubbq.ee\/wp-content\/uploads\/2023\/11\/a3254948a7e8d399_org-64x48.png 64w, https:\/\/tammetorubbq.ee\/wp-content\/uploads\/2023\/11\/a3254948a7e8d399_org.png 1024w\" sizes=\"auto, (max-width: 204px) 100vw, 204px\" \/><\/p>","protected":false},"featured_media":274,"comment_status":"open","ping_status":"closed","template":"","meta":{"_uf_show_specific_survey":0,"_uf_disable_surveys":false},"pwb-brand":[167],"product_brand":[],"product_cat":[20,21],"product_tag":[123,119,165],"class_list":{"0":"post-216","1":"product","2":"type-product","3":"status-publish","4":"has-post-thumbnail","6":"pwb-brand-poppamies","7":"product_cat-kampaania","8":"product_cat-maitseainesegud","9":"product_tag-steik","10":"product_tag-veiseliha","11":"product_tag-veiseribi","13":"first","14":"instock","15":"sale","16":"taxable","17":"shipping-taxable","18":"purchasable","19":"product-type-simple"},"brands":[{"id":167,"name":"Poppamies","slug":"poppamies"}],"_links":{"self":[{"href":"https:\/\/tammetorubbq.ee\/lv\/wp-json\/wp\/v2\/product\/216","targetHints":{"allow":["GET"]}}],"collection":[{"href":"https:\/\/tammetorubbq.ee\/lv\/wp-json\/wp\/v2\/product"}],"about":[{"href":"https:\/\/tammetorubbq.ee\/lv\/wp-json\/wp\/v2\/types\/product"}],"replies":[{"embeddable":true,"href":"https:\/\/tammetorubbq.ee\/lv\/wp-json\/wp\/v2\/comments?post=216"}],"wp:featuredmedia":[{"embeddable":true,"href":"https:\/\/tammetorubbq.ee\/lv\/wp-json\/wp\/v2\/media\/274"}],"wp:attachment":[{"href":"https:\/\/tammetorubbq.ee\/lv\/wp-json\/wp\/v2\/media?parent=216"}],"wp:term":[{"taxonomy":"pwb-brand","embeddable":true,"href":"https:\/\/tammetorubbq.ee\/lv\/wp-json\/wp\/v2\/pwb-brand?post=216"},{"taxonomy":"product_brand","embeddable":true,"href":"https:\/\/tammetorubbq.ee\/lv\/wp-json\/wp\/v2\/product_brand?post=216"},{"taxonomy":"product_cat","embeddable":true,"href":"https:\/\/tammetorubbq.ee\/lv\/wp-json\/wp\/v2\/product_cat?post=216"},{"taxonomy":"product_tag","embeddable":true,"href":"https:\/\/tammetorubbq.ee\/lv\/wp-json\/wp\/v2\/product_tag?post=216"}],"curies":[{"name":"wp","href":"https:\/\/api.w.org\/{rel}","templated":true}]}}