{"id":2276,"date":"2024-11-29T10:21:27","date_gmt":"2024-11-29T08:21:27","guid":{"rendered":"https:\/\/tammetorubbq.ee\/?post_type=product&#038;p=2276"},"modified":"2026-04-19T23:00:06","modified_gmt":"2026-04-19T20:00:06","slug":"napoleon-grila-parsegs-freestyle-365-425-serijas-gazes-griliem","status":"publish","type":"product","link":"https:\/\/tammetorubbq.ee\/lv\/product-2\/napoleon-grila-parsegs-freestyle-365-425-serijas-gazes-griliem\/","title":{"rendered":"Napoleon grilu v\u0101ki Freestyle 365\/425 s\u0113rijas g\u0101zes griliem"},"content":{"rendered":"<p>P\u0101rsegs ir izgatavots no iztur\u012bga un \u016bdeni atgr\u016bdo\u0161a poliestera.<\/p>\n<p>Materi\u0101lu no UV stariem aizsarg\u0101 \u012bpa\u0161s p\u0101rkl\u0101jums, kas nov\u0113r\u0161 kr\u0101sas mai\u0146u.<\/p>\n<p>Lai nov\u0113rstu kondens\u0101ta veido\u0161anos, jumtam ir ventil\u0101cijas sloksnes.<\/p>\n<p>V\u0101ks ir apr\u012bkots ar pievilk\u0161anas klik\u0161\u0137i un tam ir stiprin\u0101juma stie\u0146i.<\/p>\n<p>V\u0101ks tiek uzlikts uz grila, kad s\u0101nu pl\u0101ksnes ir atv\u0113rt\u0101 st\u0101vokl\u012b.<\/p>\n<p>Ide\u0101li piem\u0113rots visiem Napoleon FREESTYLE 365\/425 s\u0113rijas griliem.<\/p>","protected":false},"excerpt":{"rendered":"<p>Grila p\u0101rsegs Napoleon FREESTYLE 365\/425 s\u0113rijas griliem.<\/p>\n<p>Ar ventil\u0101cijas kan\u0101lu, pievilk\u0161anas klik\u0161\u0137i un aizsardz\u012bbu pret UV starojumu.<\/p>\n<p>&nbsp;<\/p>\n<p><img loading=\"lazy\" decoding=\"async\" class=\"wp-image-2098\" src=\"http:\/\/tammetorubbq.ee\/wp-content\/uploads\/2024\/11\/napoleon-gas-grills-logo-vector-1-300x124.png\" alt=\"Napoleon g\u0101zes grili logo vektors\" width=\"230\" height=\"95\" srcset=\"https:\/\/tammetorubbq.ee\/wp-content\/uploads\/2024\/11\/napoleon-gas-grills-logo-vector-1-300x124.png 300w, https:\/\/tammetorubbq.ee\/wp-content\/uploads\/2024\/11\/napoleon-gas-grills-logo-vector-1-768x317.png 768w, https:\/\/tammetorubbq.ee\/wp-content\/uploads\/2024\/11\/napoleon-gas-grills-logo-vector-1-18x7.png 18w, https:\/\/tammetorubbq.ee\/wp-content\/uploads\/2024\/11\/napoleon-gas-grills-logo-vector-1-600x248.png 600w, https:\/\/tammetorubbq.ee\/wp-content\/uploads\/2024\/11\/napoleon-gas-grills-logo-vector-1-64x26.png 64w, https:\/\/tammetorubbq.ee\/wp-content\/uploads\/2024\/11\/napoleon-gas-grills-logo-vector-1.png 847w\" sizes=\"auto, (max-width: 230px) 100vw, 230px\" \/><\/p>","protected":false},"featured_media":2279,"comment_status":"open","ping_status":"closed","template":"","meta":{"_uf_show_specific_survey":0,"_uf_disable_surveys":false},"pwb-brand":[101],"product_brand":[],"product_cat":[88],"product_tag":[110,239,365,148,367,366,368,363],"class_list":{"0":"post-2276","1":"product","2":"type-product","3":"status-publish","4":"has-post-thumbnail","6":"pwb-brand-napoleon","7":"product_cat-grillide-lisatarvikud","8":"product_tag-gaasigrill","9":"product_tag-ilmastikukindel-kate","10":"product_tag-napoleo-gaasigrill","11":"product_tag-napoleon","12":"product_tag-napoleon-freestyle","13":"product_tag-napoleon-freestyle-365","14":"product_tag-napoleon-freestyle-425","15":"product_tag-napoleon-lisatarvikud","17":"first","18":"instock","19":"taxable","20":"shipping-taxable","21":"purchasable","22":"product-type-simple"},"brands":[{"id":101,"name":"Napoleons","slug":"napoleon"}],"_links":{"self":[{"href":"https:\/\/tammetorubbq.ee\/lv\/wp-json\/wp\/v2\/product\/2276","targetHints":{"allow":["GET"]}}],"collection":[{"href":"https:\/\/tammetorubbq.ee\/lv\/wp-json\/wp\/v2\/product"}],"about":[{"href":"https:\/\/tammetorubbq.ee\/lv\/wp-json\/wp\/v2\/types\/product"}],"replies":[{"embeddable":true,"href":"https:\/\/tammetorubbq.ee\/lv\/wp-json\/wp\/v2\/comments?post=2276"}],"wp:featuredmedia":[{"embeddable":true,"href":"https:\/\/tammetorubbq.ee\/lv\/wp-json\/wp\/v2\/media\/2279"}],"wp:attachment":[{"href":"https:\/\/tammetorubbq.ee\/lv\/wp-json\/wp\/v2\/media?parent=2276"}],"wp:term":[{"taxonomy":"pwb-brand","embeddable":true,"href":"https:\/\/tammetorubbq.ee\/lv\/wp-json\/wp\/v2\/pwb-brand?post=2276"},{"taxonomy":"product_brand","embeddable":true,"href":"https:\/\/tammetorubbq.ee\/lv\/wp-json\/wp\/v2\/product_brand?post=2276"},{"taxonomy":"product_cat","embeddable":true,"href":"https:\/\/tammetorubbq.ee\/lv\/wp-json\/wp\/v2\/product_cat?post=2276"},{"taxonomy":"product_tag","embeddable":true,"href":"https:\/\/tammetorubbq.ee\/lv\/wp-json\/wp\/v2\/product_tag?post=2276"}],"curies":[{"name":"wp","href":"https:\/\/api.w.org\/{rel}","templated":true}]}}