{"id":230,"date":"2023-11-28T19:02:10","date_gmt":"2023-11-28T16:02:10","guid":{"rendered":"https:\/\/tammetorubbq.ee\/?post_type=product&#038;p=230"},"modified":"2026-04-14T11:00:33","modified_gmt":"2026-04-14T08:00:33","slug":"poppamies-spg-rub-garsvielu-maisijums","status":"publish","type":"product","link":"https:\/\/tammetorubbq.ee\/lv\/product-2\/poppamies-spg-rub-garsvielu-maisijums\/","title":{"rendered":"Poppamies SPG RUB 200g"},"content":{"rendered":"<p>Satur:<br \/>\nMelnie pipari (36%), \u0137iploki (36%), s\u0101ls.<\/p>\n<p>Poppamiehe gar\u0161vielu mais\u012bjumi ir izgatavoti no lab\u0101kaj\u0101m izejviel\u0101m un ir \u012bpa\u0161i piem\u0113roti sausai ga\u013cas marin\u0113\u0161anai, k\u0101 ar\u012b lieliski piem\u0113roti visp\u0101r\u0113jai gar\u0161vielu gatavo\u0161anai.<\/p>\n<p>Poppamies RUB gar\u0161vielas nesatur laktozi un lipekli, k\u0101 ar\u012b gar\u0161as pastiprin\u0101t\u0101jus.<\/p>","protected":false},"excerpt":{"rendered":"<p>Poppamie gar\u0161vielu mais\u012bjumu kl\u0101st\u0101 ir le\u0123end\u0101rais SPG RUB gar\u0161vielu mais\u012bjums, kas sast\u0101v no s\u0101ls, melnajiem pipariem un \u0137iplokiem.<\/p>\n<p>S\u0101ls, piparu un \u0137iploku gar\u0161vielu trad\u012bcijas ir dzi\u013cas - t\u0101s pla\u0161i izmanto gril\u0113\u0161anas un b\u0101rbekj\u016b pasaul\u0113.<\/p>\n<p>Pirms \u0113diena pagatavo\u0161anas ga\u013cu bag\u0101t\u012bgi apberiet ar gar\u0161vielu mais\u012bjumu, apm\u0113ram 40-50 g uz kilogramu ga\u013cas.<\/p>\n<p>Izm\u0113\u0123iniet to ar visu, s\u0101kot no fr\u012b kartupe\u013ciem l\u012bdz liellopa stirni\u0146ai.<\/p>\n<p>SPG RUB gar\u0161vielu mais\u012bjums ir lieliski piem\u0113rots gan steikiem, gan d\u0101rze\u0146iem.<\/p>","protected":false},"featured_media":277,"comment_status":"open","ping_status":"closed","template":"","meta":{"_uf_show_specific_survey":0,"_uf_disable_surveys":false},"pwb-brand":[],"product_brand":[],"product_cat":[21],"product_tag":[176,121,319,114,122,123,119,165],"class_list":{"0":"post-230","1":"product","2":"type-product","3":"status-publish","4":"has-post-thumbnail","6":"product_cat-maitseainesegud","7":"product_tag-brisket","8":"product_tag-koogiviljad","9":"product_tag-pardi-rinnafilee","10":"product_tag-sealiha","11":"product_tag-searibi","12":"product_tag-steik","13":"product_tag-veiseliha","14":"product_tag-veiseribi","16":"first","17":"instock","18":"taxable","19":"shipping-taxable","20":"purchasable","21":"product-type-simple"},"brands":[],"_links":{"self":[{"href":"https:\/\/tammetorubbq.ee\/lv\/wp-json\/wp\/v2\/product\/230","targetHints":{"allow":["GET"]}}],"collection":[{"href":"https:\/\/tammetorubbq.ee\/lv\/wp-json\/wp\/v2\/product"}],"about":[{"href":"https:\/\/tammetorubbq.ee\/lv\/wp-json\/wp\/v2\/types\/product"}],"replies":[{"embeddable":true,"href":"https:\/\/tammetorubbq.ee\/lv\/wp-json\/wp\/v2\/comments?post=230"}],"wp:featuredmedia":[{"embeddable":true,"href":"https:\/\/tammetorubbq.ee\/lv\/wp-json\/wp\/v2\/media\/277"}],"wp:attachment":[{"href":"https:\/\/tammetorubbq.ee\/lv\/wp-json\/wp\/v2\/media?parent=230"}],"wp:term":[{"taxonomy":"pwb-brand","embeddable":true,"href":"https:\/\/tammetorubbq.ee\/lv\/wp-json\/wp\/v2\/pwb-brand?post=230"},{"taxonomy":"product_brand","embeddable":true,"href":"https:\/\/tammetorubbq.ee\/lv\/wp-json\/wp\/v2\/product_brand?post=230"},{"taxonomy":"product_cat","embeddable":true,"href":"https:\/\/tammetorubbq.ee\/lv\/wp-json\/wp\/v2\/product_cat?post=230"},{"taxonomy":"product_tag","embeddable":true,"href":"https:\/\/tammetorubbq.ee\/lv\/wp-json\/wp\/v2\/product_tag?post=230"}],"curies":[{"name":"wp","href":"https:\/\/api.w.org\/{rel}","templated":true}]}}