{"id":2305,"date":"2024-12-04T12:59:52","date_gmt":"2024-12-04T10:59:52","guid":{"rendered":"https:\/\/tammetorubbq.ee\/?post_type=product&#038;p=2305"},"modified":"2026-04-15T04:00:16","modified_gmt":"2026-04-15T01:00:16","slug":"lootn-booty-jolly-roger-dzalapeno-kiploku-melnais-berzejums-397g","status":"publish","type":"product","link":"https:\/\/tammetorubbq.ee\/lv\/product-2\/lootn-booty-jolly-roger-dzalapeno-kiploku-melnais-berzejums-397g\/","title":{"rendered":"Loot'n Booty Jolly Roger Jalapeno Garlic Black Rub 397g"},"content":{"rendered":"<p><strong>Sast\u0101vda\u013cas:<\/strong> s\u0101ls, dehidr\u0113ti \u0137iploki un s\u012bpoli, gar\u0161vielas, jalape\u00f1o pulveris, n\u0101trija glutam\u0101ts, aktiv\u0113t\u0101 ogle (ieg\u016bta no kokosriekstiem), Vor\u010dester\u0161\u012bras m\u0113rce (eti\u0137is, melase, kukur\u016bzas s\u012brups, s\u0101ls, karame\u013cu kr\u0101sa (satur sulf\u012btus, gar\u0161vielas), saharoze, \u0137iploki, saharoze tamarinda, dab\u012bg\u0101 aromatiz\u0113t\u0101ja un maltodekstr\u012bns], sojas m\u0113rces pulveris (kvie\u0161i, sojas pupi\u0146as, s\u0101ls), dab\u012bg\u0101 aromatiz\u0113t\u0101ja un ne vair\u0101k k\u0101 2% trikalcija fosf\u0101ta, kas pievienots, lai nov\u0113rstu sabiez\u0113\u0161anu.<\/p>\n<p>Alerg\u0113ni: satur kvie\u0161us un soju.<\/p>","protected":false},"excerpt":{"rendered":"<p><span style=\"color: #0000ff;\"><strong>TAS DARBOJAS AR VISU! Test\u0113ts sacens\u012bb\u0101s un p\u0101rbaud\u012bts m\u0101jas d\u0101rz\u0101!<\/strong><\/span><\/p>\n<p>Loot N' Booty Jolly Roger Jalape\u00f1o &amp; Garlic Black rub ir unik\u0101ls gar\u0161vielu mais\u012bjums, kas \u0113dieniem pie\u0161\u0137ir pikant\u0101s jalape\u00f1o un \u0137iploku gar\u0161as.<\/p>\n<p>Melno kr\u0101su nodro\u0161ina dab\u012bg\u0101 aktiv\u0113t\u0101 kokogle, kas ir efekt\u012bva un pie\u0161\u0137ir gril\u0113tu \u0113dienu gar\u0161as efektu.<\/p>\n<p>Ide\u0101li piem\u0113rots ga\u013cai, ziv\u012bm, d\u0101rze\u0146iem un pat \u012bpa\u0161\u0101m uzkod\u0101m, pie\u0161\u0137irot jebkuram \u0113dienam d\u016bmakainu un nedaudz pikantu raksturu.<\/p>\n<p>&nbsp;<\/p>\n<p>Ide\u0101li piem\u0113rots gril\u0113\u0161anas entuziastiem, kas v\u0113las pie\u0161\u0137irt \u0113dieniem rakstur\u012bgumu, un tiem, kas mekl\u0113 drosm\u012bgas un daudzpus\u012bgas gar\u0161as!<\/p>\n<p><img loading=\"lazy\" decoding=\"async\" class=\"wp-image-1862\" src=\"http:\/\/tammetorubbq.ee\/wp-content\/uploads\/2024\/07\/Loot-n-Booty-logo.png\" alt=\"Loot-n-Booty logotips\" width=\"170\" height=\"170\" srcset=\"https:\/\/tammetorubbq.ee\/wp-content\/uploads\/2024\/07\/Loot-n-Booty-logo.png 300w, https:\/\/tammetorubbq.ee\/wp-content\/uploads\/2024\/07\/Loot-n-Booty-logo-150x150.png 150w, https:\/\/tammetorubbq.ee\/wp-content\/uploads\/2024\/07\/Loot-n-Booty-logo-12x12.png 12w, https:\/\/tammetorubbq.ee\/wp-content\/uploads\/2024\/07\/Loot-n-Booty-logo-64x64.png 64w\" sizes=\"auto, (max-width: 170px) 100vw, 170px\" \/><\/p>","protected":false},"featured_media":2306,"comment_status":"open","ping_status":"closed","template":"","meta":{"_uf_show_specific_survey":0,"_uf_disable_surveys":false},"pwb-brand":[98],"product_brand":[],"product_cat":[21],"product_tag":[],"class_list":{"0":"post-2305","1":"product","2":"type-product","3":"status-publish","4":"has-post-thumbnail","6":"pwb-brand-loot-n-booty-bbq","7":"product_cat-maitseainesegud","9":"first","10":"outofstock","11":"taxable","12":"shipping-taxable","13":"purchasable","14":"product-type-simple"},"brands":[{"id":98,"name":"Loot N' Booty BBQ","slug":"loot-n-booty-bbq"}],"_links":{"self":[{"href":"https:\/\/tammetorubbq.ee\/lv\/wp-json\/wp\/v2\/product\/2305","targetHints":{"allow":["GET"]}}],"collection":[{"href":"https:\/\/tammetorubbq.ee\/lv\/wp-json\/wp\/v2\/product"}],"about":[{"href":"https:\/\/tammetorubbq.ee\/lv\/wp-json\/wp\/v2\/types\/product"}],"replies":[{"embeddable":true,"href":"https:\/\/tammetorubbq.ee\/lv\/wp-json\/wp\/v2\/comments?post=2305"}],"wp:featuredmedia":[{"embeddable":true,"href":"https:\/\/tammetorubbq.ee\/lv\/wp-json\/wp\/v2\/media\/2306"}],"wp:attachment":[{"href":"https:\/\/tammetorubbq.ee\/lv\/wp-json\/wp\/v2\/media?parent=2305"}],"wp:term":[{"taxonomy":"pwb-brand","embeddable":true,"href":"https:\/\/tammetorubbq.ee\/lv\/wp-json\/wp\/v2\/pwb-brand?post=2305"},{"taxonomy":"product_brand","embeddable":true,"href":"https:\/\/tammetorubbq.ee\/lv\/wp-json\/wp\/v2\/product_brand?post=2305"},{"taxonomy":"product_cat","embeddable":true,"href":"https:\/\/tammetorubbq.ee\/lv\/wp-json\/wp\/v2\/product_cat?post=2305"},{"taxonomy":"product_tag","embeddable":true,"href":"https:\/\/tammetorubbq.ee\/lv\/wp-json\/wp\/v2\/product_tag?post=2305"}],"curies":[{"name":"wp","href":"https:\/\/api.w.org\/{rel}","templated":true}]}}