{"id":2328,"date":"2024-12-14T12:46:59","date_gmt":"2024-12-14T10:46:59","guid":{"rendered":"https:\/\/tammetorubbq.ee\/?post_type=product&#038;p=2328"},"modified":"2026-04-15T03:00:04","modified_gmt":"2026-04-15T00:00:04","slug":"loot-nbooty-gimme-the-loot-rub-354g","status":"publish","type":"product","link":"https:\/\/tammetorubbq.ee\/lv\/product-2\/loot-nbooty-gimme-the-loot-rub-354g\/","title":{"rendered":"Loot N'Booty Gimme THE LOOT Rub 354g"},"content":{"rendered":"<p>Sast\u0101vs: s\u0101ls, cukurs, gar\u0161vielas, tostarp \u010dili pipari, paprika, \u0137iploki, \u0137iploki, s\u012bpoli, rauga ekstrakts, dabisk\u0101 k\u013cavu gar\u0161a, pekanriekstu k\u016bpin\u0101\u0161anas aromatiz\u0113t\u0101js (torulas raugs, maltodekstr\u012bns, dabisk\u0101 gar\u0161a (satur rap\u0161u e\u013c\u013cu), rauga ekstrakts, melase, k\u016bpin\u0101\u0161ana (satur saulespu\u0137u e\u013c\u013cu) un ne vair\u0101k k\u0101 2% trikalcija fosf\u0101ta, kas pievienots, lai nov\u0113rstu sabiez\u0113\u0161anu.<\/p>","protected":false},"excerpt":{"rendered":"<p>Augst\u0101k\u0101s klases pikanto pekanriekstu un sald\u0101 k\u013cavu riekstu gar\u0161as kombin\u0101cija.<\/p>\n<p>Izmantojiet uz c\u016bkga\u013cas, liellopu ga\u013cas, m\u0101jputnu ga\u013cas, aitas ga\u013cas, j\u016bras velt\u0113m un d\u0101rze\u0146iem.<\/p>\n<p><strong>Uzdro\u0161inos teikt, ka \u0161is gar\u0161vielu mais\u012bjums ir m\u016bsu jaunais favor\u012bts - taj\u0101 ir viss!<\/strong><\/p>\n<p>&nbsp;<\/p>\n<p><img loading=\"lazy\" decoding=\"async\" class=\"wp-image-1862\" src=\"http:\/\/tammetorubbq.ee\/wp-content\/uploads\/2024\/07\/Loot-n-Booty-logo.png\" alt=\"Loot-n-Booty logotips\" width=\"195\" height=\"195\" srcset=\"https:\/\/tammetorubbq.ee\/wp-content\/uploads\/2024\/07\/Loot-n-Booty-logo.png 300w, https:\/\/tammetorubbq.ee\/wp-content\/uploads\/2024\/07\/Loot-n-Booty-logo-150x150.png 150w, https:\/\/tammetorubbq.ee\/wp-content\/uploads\/2024\/07\/Loot-n-Booty-logo-12x12.png 12w, https:\/\/tammetorubbq.ee\/wp-content\/uploads\/2024\/07\/Loot-n-Booty-logo-64x64.png 64w\" sizes=\"auto, (max-width: 195px) 100vw, 195px\" \/><\/p>","protected":false},"featured_media":2329,"comment_status":"open","ping_status":"closed","template":"","meta":{"_uf_show_specific_survey":0,"_uf_disable_surveys":false},"pwb-brand":[98],"product_brand":[],"product_cat":[21],"product_tag":[],"class_list":{"0":"post-2328","1":"product","2":"type-product","3":"status-publish","4":"has-post-thumbnail","6":"pwb-brand-loot-n-booty-bbq","7":"product_cat-maitseainesegud","9":"first","10":"instock","11":"taxable","12":"shipping-taxable","13":"purchasable","14":"product-type-simple"},"brands":[{"id":98,"name":"Loot N' Booty BBQ","slug":"loot-n-booty-bbq"}],"_links":{"self":[{"href":"https:\/\/tammetorubbq.ee\/lv\/wp-json\/wp\/v2\/product\/2328","targetHints":{"allow":["GET"]}}],"collection":[{"href":"https:\/\/tammetorubbq.ee\/lv\/wp-json\/wp\/v2\/product"}],"about":[{"href":"https:\/\/tammetorubbq.ee\/lv\/wp-json\/wp\/v2\/types\/product"}],"replies":[{"embeddable":true,"href":"https:\/\/tammetorubbq.ee\/lv\/wp-json\/wp\/v2\/comments?post=2328"}],"wp:featuredmedia":[{"embeddable":true,"href":"https:\/\/tammetorubbq.ee\/lv\/wp-json\/wp\/v2\/media\/2329"}],"wp:attachment":[{"href":"https:\/\/tammetorubbq.ee\/lv\/wp-json\/wp\/v2\/media?parent=2328"}],"wp:term":[{"taxonomy":"pwb-brand","embeddable":true,"href":"https:\/\/tammetorubbq.ee\/lv\/wp-json\/wp\/v2\/pwb-brand?post=2328"},{"taxonomy":"product_brand","embeddable":true,"href":"https:\/\/tammetorubbq.ee\/lv\/wp-json\/wp\/v2\/product_brand?post=2328"},{"taxonomy":"product_cat","embeddable":true,"href":"https:\/\/tammetorubbq.ee\/lv\/wp-json\/wp\/v2\/product_cat?post=2328"},{"taxonomy":"product_tag","embeddable":true,"href":"https:\/\/tammetorubbq.ee\/lv\/wp-json\/wp\/v2\/product_tag?post=2328"}],"curies":[{"name":"wp","href":"https:\/\/api.w.org\/{rel}","templated":true}]}}