{"id":2334,"date":"2024-12-14T13:06:38","date_gmt":"2024-12-14T11:06:38","guid":{"rendered":"https:\/\/tammetorubbq.ee\/?post_type=product&#038;p=2334"},"modified":"2026-04-14T22:00:45","modified_gmt":"2026-04-14T19:00:45","slug":"killer-hogs-karstais-bbq-berzejums-340g","status":"publish","type":"product","link":"https:\/\/tammetorubbq.ee\/lv\/product-2\/killer-hogs-karstais-bbq-berzejums-340g\/","title":{"rendered":"Killer Hogs Hot BBQ Rub 340g"},"content":{"rendered":"<p>Sast\u0101vs: s\u0101ls, cukurs, gar\u0161vielas, br\u016bnais cukurs, paprika, dehidr\u0113ti \u0137iploki, dehidr\u0113ti s\u012bpoli, din\u0101trija inosin\u0101ts un guanil\u0101ts, Capsicum oleosve\u0137i un maz\u0101k nek\u0101 2% trikalcija fosf\u0101ta, kas pievienots, lai nov\u0113rstu sabiez\u0113\u0161anu.<\/p>\n<p>Nesatur lipekli!<\/p>","protected":false},"excerpt":{"rendered":"<p>J\u016bs neuzvar\u0113siet BBQ \u010dempion\u0101t\u0101, ja neko nezin\u0101siet par ga\u013cas gar\u0161viel\u0101m!<\/p>\n<p><span style=\"color: #ff9900;\"><strong>\"Kr\u0101sa ar asumu\"<\/strong><\/span><\/p>\n<p>Malkolms R\u012bds (Malcolm Reed) un vi\u0146a BBQ komanda Killer Hogs ir sagatavoju\u0161i karsto BBQ berz\u0113jumu tie\u0161i jums - sp\u0113c\u012bgu pikantu, saldu un pikantu gar\u0161u mais\u012bjumu, ko izmanto lab\u0101kie meistari Eirop\u0101 un aiz oke\u0101na.<\/p>\n<p>Un, protams, nedr\u012bkst aizmirst ar\u012b skaisto sarkankoka kr\u0101su, ko \u0161is rub\u012bns pie\u0161\u0137ir j\u016bsu gardai c\u016bkga\u013cai, liellopu ga\u013cai, j\u016bras velt\u0113m vai m\u0101jputnu ga\u013cai.<\/p>\n<p>&nbsp;<\/p>\n<p><img loading=\"lazy\" decoding=\"async\" class=\"wp-image-2335\" src=\"http:\/\/tammetorubbq.ee\/wp-content\/uploads\/2024\/12\/Killer-Hogs-logo-300x300.webp\" alt=\"Killer hogs logo\" width=\"120\" height=\"120\" srcset=\"https:\/\/tammetorubbq.ee\/wp-content\/uploads\/2024\/12\/Killer-Hogs-logo-300x300.webp 300w, https:\/\/tammetorubbq.ee\/wp-content\/uploads\/2024\/12\/Killer-Hogs-logo-150x150.webp 150w, https:\/\/tammetorubbq.ee\/wp-content\/uploads\/2024\/12\/Killer-Hogs-logo-768x768.webp 768w, https:\/\/tammetorubbq.ee\/wp-content\/uploads\/2024\/12\/Killer-Hogs-logo-12x12.webp 12w, https:\/\/tammetorubbq.ee\/wp-content\/uploads\/2024\/12\/Killer-Hogs-logo-600x600.webp 600w, https:\/\/tammetorubbq.ee\/wp-content\/uploads\/2024\/12\/Killer-Hogs-logo-64x64.webp 64w, https:\/\/tammetorubbq.ee\/wp-content\/uploads\/2024\/12\/Killer-Hogs-logo.webp 800w\" sizes=\"auto, (max-width: 120px) 100vw, 120px\" \/><\/p>","protected":false},"featured_media":2903,"comment_status":"open","ping_status":"closed","template":"","meta":{"_uf_show_specific_survey":0,"_uf_disable_surveys":false},"pwb-brand":[103],"product_brand":[],"product_cat":[21],"product_tag":[],"class_list":{"0":"post-2334","1":"product","2":"type-product","3":"status-publish","4":"has-post-thumbnail","6":"pwb-brand-killer-hogs-bbq","7":"product_cat-maitseainesegud","9":"first","10":"instock","11":"taxable","12":"shipping-taxable","13":"purchasable","14":"product-type-simple"},"brands":[{"id":103,"name":"Killer Hogs BBQ","slug":"killer-hogs-bbq"}],"_links":{"self":[{"href":"https:\/\/tammetorubbq.ee\/lv\/wp-json\/wp\/v2\/product\/2334","targetHints":{"allow":["GET"]}}],"collection":[{"href":"https:\/\/tammetorubbq.ee\/lv\/wp-json\/wp\/v2\/product"}],"about":[{"href":"https:\/\/tammetorubbq.ee\/lv\/wp-json\/wp\/v2\/types\/product"}],"replies":[{"embeddable":true,"href":"https:\/\/tammetorubbq.ee\/lv\/wp-json\/wp\/v2\/comments?post=2334"}],"wp:featuredmedia":[{"embeddable":true,"href":"https:\/\/tammetorubbq.ee\/lv\/wp-json\/wp\/v2\/media\/2903"}],"wp:attachment":[{"href":"https:\/\/tammetorubbq.ee\/lv\/wp-json\/wp\/v2\/media?parent=2334"}],"wp:term":[{"taxonomy":"pwb-brand","embeddable":true,"href":"https:\/\/tammetorubbq.ee\/lv\/wp-json\/wp\/v2\/pwb-brand?post=2334"},{"taxonomy":"product_brand","embeddable":true,"href":"https:\/\/tammetorubbq.ee\/lv\/wp-json\/wp\/v2\/product_brand?post=2334"},{"taxonomy":"product_cat","embeddable":true,"href":"https:\/\/tammetorubbq.ee\/lv\/wp-json\/wp\/v2\/product_cat?post=2334"},{"taxonomy":"product_tag","embeddable":true,"href":"https:\/\/tammetorubbq.ee\/lv\/wp-json\/wp\/v2\/product_tag?post=2334"}],"curies":[{"name":"wp","href":"https:\/\/api.w.org\/{rel}","templated":true}]}}