{"id":238,"date":"2023-11-28T19:20:17","date_gmt":"2023-11-28T16:20:17","guid":{"rendered":"https:\/\/tammetorubbq.ee\/?post_type=product&#038;p=238"},"modified":"2026-04-29T23:01:03","modified_gmt":"2026-04-29T20:01:03","slug":"pigasus-berzesanas-garsvielas","status":"publish","type":"product","link":"https:\/\/tammetorubbq.ee\/lv\/toode\/pigasus-rub-maitseainesegu\/","title":{"rendered":"A&amp;O Pigasus Rub 220g"},"content":{"rendered":"<p>Sast\u0101vda\u013cas:<br \/>\nS\u0101ls, cukurs, paprika, melnie pipari, selerijas s\u0101ls, \u010dilli, s\u012bpoli, medus pulveris, \u0137iploki, \u0137imenes, kurkuma, dab\u012bg\u0101 aromatiz\u0113t\u0101ja, sil\u012bcija dioks\u012bds, E621, E631.<\/p>","protected":false},"excerpt":{"rendered":"<p>Ide\u0101li piem\u0113rots c\u016bkga\u013cas, k\u0101 ar\u012b vistas un t\u012btara ga\u013cai.<\/p>\n<p>GLUTEENIVABA<\/p>","protected":false},"featured_media":259,"comment_status":"open","ping_status":"closed","template":"","meta":{"_uf_show_specific_survey":0,"_uf_disable_surveys":false},"pwb-brand":[],"product_brand":[],"product_cat":[20,21],"product_tag":[],"class_list":{"0":"post-238","1":"product","2":"type-product","3":"status-publish","4":"has-post-thumbnail","6":"product_cat-kampaania","7":"product_cat-maitseainesegud","9":"first","10":"outofstock","11":"sale","12":"taxable","13":"shipping-taxable","14":"purchasable","15":"product-type-simple"},"brands":[],"_links":{"self":[{"href":"https:\/\/tammetorubbq.ee\/lv\/wp-json\/wp\/v2\/product\/238","targetHints":{"allow":["GET"]}}],"collection":[{"href":"https:\/\/tammetorubbq.ee\/lv\/wp-json\/wp\/v2\/product"}],"about":[{"href":"https:\/\/tammetorubbq.ee\/lv\/wp-json\/wp\/v2\/types\/product"}],"replies":[{"embeddable":true,"href":"https:\/\/tammetorubbq.ee\/lv\/wp-json\/wp\/v2\/comments?post=238"}],"wp:featuredmedia":[{"embeddable":true,"href":"https:\/\/tammetorubbq.ee\/lv\/wp-json\/wp\/v2\/media\/259"}],"wp:attachment":[{"href":"https:\/\/tammetorubbq.ee\/lv\/wp-json\/wp\/v2\/media?parent=238"}],"wp:term":[{"taxonomy":"pwb-brand","embeddable":true,"href":"https:\/\/tammetorubbq.ee\/lv\/wp-json\/wp\/v2\/pwb-brand?post=238"},{"taxonomy":"product_brand","embeddable":true,"href":"https:\/\/tammetorubbq.ee\/lv\/wp-json\/wp\/v2\/product_brand?post=238"},{"taxonomy":"product_cat","embeddable":true,"href":"https:\/\/tammetorubbq.ee\/lv\/wp-json\/wp\/v2\/product_cat?post=238"},{"taxonomy":"product_tag","embeddable":true,"href":"https:\/\/tammetorubbq.ee\/lv\/wp-json\/wp\/v2\/product_tag?post=238"}],"curies":[{"name":"wp","href":"https:\/\/api.w.org\/{rel}","templated":true}]}}