{"id":2398,"date":"2025-01-15T18:57:47","date_gmt":"2025-01-15T16:57:47","guid":{"rendered":"https:\/\/tammetorubbq.ee\/?post_type=product&#038;p=2398"},"modified":"2026-04-29T21:00:13","modified_gmt":"2026-04-29T18:00:13","slug":"heath-riles-cajun-creole-kiploku-sviests-326g","status":"publish","type":"product","link":"https:\/\/tammetorubbq.ee\/lv\/toode\/heath-riles-cajun-creole-garlic-butter-rub-326g\/","title":{"rendered":"Heath Riles Cajun Creole \u0137iploku sviesta masa 326g"},"content":{"rendered":"<p><strong>Sast\u0101vda\u013cas<\/strong>: s\u0101ls, gar\u0161vielas, cukurs, dehidr\u0113ti \u0137iploki, dehidr\u0113ti s\u012bpoli, dab\u012bga sviesta aromatiz\u0113t\u0101ja (s\u016bkalu sausnas, fermentu modific\u0113ts sviests, maltodekstr\u012bns, dehidr\u0113ts sviests, gu\u0101ra sve\u0137i, kurkuma), paprika, dehidr\u0113ti p\u0113ters\u012b\u013ci, dehidr\u0113ti sarkanie pipari, jalapeno pulveris, sojas e\u013c\u013ca, beta-karot\u012bns, anato ekstrakts un maz\u0101k nek\u0101 2% kalcija silik\u0101ta, kas pievienots, lai nov\u0113rstu sa\u0137ep\u0161anu.<\/p>\n<p><strong>Satur<\/strong>: piens un soja.<\/p>","protected":false},"excerpt":{"rendered":"<p>Heath Riles' Cajun Creole Garlic Butter ir gar\u0161\u012bgs gar\u0161vielu mais\u012bjums, kas apvieno cajun un kreolu virtuves gar\u0161vielas ar Heath Riles slaveno \u0137iploku sviestu.<\/p>\n<p>\u0160is mais\u012bjums pie\u0161\u0137ir da\u017e\u0101diem \u0113dieniem pikantu gar\u0161u pusdienu laik\u0101.<\/p>\n<p>Cajun Creole \u0137iploku sviests lieliski papildin\u0101s j\u016bras veltes, zivis, vistas ga\u013cu, steikus, burgerus, d\u0101rze\u0146us un visu, ko v\u0113laties, pie\u0161\u0137irot tiem \u012bpa\u0161o Cajun gar\u0161u, vienlaikus saglab\u0101jot bag\u0101t\u012bgo sviesta gar\u0161u, kas padara ori\u0123in\u0101lo \u0137iploku sviestu tik iecien\u012btu.<\/p>\n<p><img loading=\"lazy\" decoding=\"async\" class=\"alignnone  wp-image-5481\" src=\"https:\/\/tammetorubbq.ee\/wp-content\/uploads\/2024\/02\/Heath-Riles-Logo-SQ-300x300.png\" alt=\"\" width=\"166\" height=\"166\" srcset=\"https:\/\/tammetorubbq.ee\/wp-content\/uploads\/2024\/02\/Heath-Riles-Logo-SQ-300x300.png 300w, https:\/\/tammetorubbq.ee\/wp-content\/uploads\/2024\/02\/Heath-Riles-Logo-SQ-150x150.png 150w, https:\/\/tammetorubbq.ee\/wp-content\/uploads\/2024\/02\/Heath-Riles-Logo-SQ-768x768.png 768w, https:\/\/tammetorubbq.ee\/wp-content\/uploads\/2024\/02\/Heath-Riles-Logo-SQ-12x12.png 12w, https:\/\/tammetorubbq.ee\/wp-content\/uploads\/2024\/02\/Heath-Riles-Logo-SQ-600x600.png 600w, https:\/\/tammetorubbq.ee\/wp-content\/uploads\/2024\/02\/Heath-Riles-Logo-SQ-64x64.png 64w, https:\/\/tammetorubbq.ee\/wp-content\/uploads\/2024\/02\/Heath-Riles-Logo-SQ.png 1000w\" sizes=\"auto, (max-width: 166px) 100vw, 166px\" \/><\/p>","protected":false},"featured_media":2709,"comment_status":"open","ping_status":"closed","template":"","meta":{"_uf_show_specific_survey":0,"_uf_disable_surveys":false},"pwb-brand":[84],"product_brand":[],"product_cat":[21],"product_tag":[347],"class_list":{"0":"post-2398","1":"product","2":"type-product","3":"status-publish","4":"has-post-thumbnail","6":"pwb-brand-heath-riles","7":"product_cat-maitseainesegud","8":"product_tag-heath-riles","10":"first","11":"outofstock","12":"taxable","13":"shipping-taxable","14":"purchasable","15":"product-type-simple"},"brands":[{"id":84,"name":"Heath Riles","slug":"heath-riles"}],"_links":{"self":[{"href":"https:\/\/tammetorubbq.ee\/lv\/wp-json\/wp\/v2\/product\/2398","targetHints":{"allow":["GET"]}}],"collection":[{"href":"https:\/\/tammetorubbq.ee\/lv\/wp-json\/wp\/v2\/product"}],"about":[{"href":"https:\/\/tammetorubbq.ee\/lv\/wp-json\/wp\/v2\/types\/product"}],"replies":[{"embeddable":true,"href":"https:\/\/tammetorubbq.ee\/lv\/wp-json\/wp\/v2\/comments?post=2398"}],"wp:featuredmedia":[{"embeddable":true,"href":"https:\/\/tammetorubbq.ee\/lv\/wp-json\/wp\/v2\/media\/2709"}],"wp:attachment":[{"href":"https:\/\/tammetorubbq.ee\/lv\/wp-json\/wp\/v2\/media?parent=2398"}],"wp:term":[{"taxonomy":"pwb-brand","embeddable":true,"href":"https:\/\/tammetorubbq.ee\/lv\/wp-json\/wp\/v2\/pwb-brand?post=2398"},{"taxonomy":"product_brand","embeddable":true,"href":"https:\/\/tammetorubbq.ee\/lv\/wp-json\/wp\/v2\/product_brand?post=2398"},{"taxonomy":"product_cat","embeddable":true,"href":"https:\/\/tammetorubbq.ee\/lv\/wp-json\/wp\/v2\/product_cat?post=2398"},{"taxonomy":"product_tag","embeddable":true,"href":"https:\/\/tammetorubbq.ee\/lv\/wp-json\/wp\/v2\/product_tag?post=2398"}],"curies":[{"name":"wp","href":"https:\/\/api.w.org\/{rel}","templated":true}]}}