{"id":2402,"date":"2025-01-15T19:46:00","date_gmt":"2025-01-15T17:46:00","guid":{"rendered":"https:\/\/tammetorubbq.ee\/?post_type=product&#038;p=2402"},"modified":"2026-04-15T02:00:14","modified_gmt":"2026-04-14T23:00:14","slug":"big-poppa-little-louies-kiploku-piparu-berze-411g","status":"publish","type":"product","link":"https:\/\/tammetorubbq.ee\/lv\/product-2\/big-poppa-little-louies-kiploku-piparu-berze-411g\/","title":{"rendered":"Big Poppa Little Louies \u0137iploku piparu berz\u0113 411g"},"content":{"rendered":"<p><strong>Sast\u0101vda\u013cas<\/strong>: s\u0101ls, cukurs, dehidr\u0113ti \u0137iploki un s\u012bpoli, melnie pipari, paprika (kr\u0101sviela), seleriju ekstrakti, gar\u0161vielas, kukur\u016bzas ciete, kurkuma (kr\u0101sviela), paprikas ekstrakti (kr\u0101sviela) un ne vair\u0101k k\u0101 2% trikalcija fosf\u0101ta, kas pievienots, lai nov\u0113rstu sa\u0137ep\u0161anu.<\/p>","protected":false},"excerpt":{"rendered":"<p><strong>Big Poppa Little Louie`s Garlic Pepper ir noder\u012bgs visam. <\/strong><\/p>\n<p><span style=\"color: #ff0000;\"><strong>Nopietni!<\/strong><\/span><\/p>\n<p>Little Louie's ir uzlabota parast\u0101s \u0137iploku s\u0101ls versija Big Poppa`s izstr\u0101d\u0101ja \u0161o produktu, dom\u0101jot par klasisko ribu recepti.<\/p>\n<p>\u0136iploki, s\u0101ls un pipari vai <strong>SPG<\/strong>! T\u0101 ir viena no lab\u0101kaj\u0101m pamata gar\u0161viel\u0101m tirg\u016b un lieliska univers\u0101la gar\u0161viela.<\/p>\n<p>Little Louie's SPG atkl\u0101j c\u016bkga\u013cas, ribi\u0146u, vistas un liellopu ga\u013cas t\u012bru gar\u0161u.<\/p>\n<p>Little Louie's SPG pied\u0101v\u0101 sabalans\u0113tu, gardu un sabalans\u0113tu visu klasisko sast\u0101vda\u013cu mais\u012bjumu: s\u0101ls, pipari un \u0137iploki.<\/p>\n<p>\u0160\u012bs gar\u0161vielas kop\u0101 uzlabo jebkura \u0113diena gar\u0161u.<\/p>\n<p>Univers\u0101l\u0101 gar\u0161a ir iemesls, k\u0101p\u0113c BBQ profesion\u0101\u013ci un piem\u0101jas BBQ meistari un pav\u0101ri ir atteiku\u0161ies no \u0137iploku s\u0101ls un aizst\u0101ju\u0161i to ar Little Louie's gar\u0161viel\u0101m.<\/p>\n<p><img loading=\"lazy\" decoding=\"async\" class=\"wp-image-1557\" src=\"http:\/\/tammetorubbq.ee\/wp-content\/uploads\/2024\/03\/Big-Poppa-Smokers-Logo-Vector-300x225.webp\" alt=\"Big Poppa Smokers\" width=\"197\" height=\"148\" srcset=\"https:\/\/tammetorubbq.ee\/wp-content\/uploads\/2024\/03\/Big-Poppa-Smokers-Logo-Vector-300x225.webp 300w, https:\/\/tammetorubbq.ee\/wp-content\/uploads\/2024\/03\/Big-Poppa-Smokers-Logo-Vector-768x576.webp 768w, https:\/\/tammetorubbq.ee\/wp-content\/uploads\/2024\/03\/Big-Poppa-Smokers-Logo-Vector-16x12.webp 16w, https:\/\/tammetorubbq.ee\/wp-content\/uploads\/2024\/03\/Big-Poppa-Smokers-Logo-Vector-600x450.webp 600w, https:\/\/tammetorubbq.ee\/wp-content\/uploads\/2024\/03\/Big-Poppa-Smokers-Logo-Vector-64x48.webp 64w, https:\/\/tammetorubbq.ee\/wp-content\/uploads\/2024\/03\/Big-Poppa-Smokers-Logo-Vector.webp 866w\" sizes=\"auto, (max-width: 197px) 100vw, 197px\" \/><\/p>\n<p>&nbsp;<\/p>","protected":false},"featured_media":2404,"comment_status":"open","ping_status":"closed","template":"","meta":{"_uf_show_specific_survey":0,"_uf_disable_surveys":false},"pwb-brand":[80],"product_brand":[],"product_cat":[21],"product_tag":[],"class_list":{"0":"post-2402","1":"product","2":"type-product","3":"status-publish","4":"has-post-thumbnail","6":"pwb-brand-big-poppas","7":"product_cat-maitseainesegud","9":"first","10":"outofstock","11":"taxable","12":"shipping-taxable","13":"purchasable","14":"product-type-simple"},"brands":[{"id":80,"name":"Big Poppa's","slug":"big-poppas"}],"_links":{"self":[{"href":"https:\/\/tammetorubbq.ee\/lv\/wp-json\/wp\/v2\/product\/2402","targetHints":{"allow":["GET"]}}],"collection":[{"href":"https:\/\/tammetorubbq.ee\/lv\/wp-json\/wp\/v2\/product"}],"about":[{"href":"https:\/\/tammetorubbq.ee\/lv\/wp-json\/wp\/v2\/types\/product"}],"replies":[{"embeddable":true,"href":"https:\/\/tammetorubbq.ee\/lv\/wp-json\/wp\/v2\/comments?post=2402"}],"wp:featuredmedia":[{"embeddable":true,"href":"https:\/\/tammetorubbq.ee\/lv\/wp-json\/wp\/v2\/media\/2404"}],"wp:attachment":[{"href":"https:\/\/tammetorubbq.ee\/lv\/wp-json\/wp\/v2\/media?parent=2402"}],"wp:term":[{"taxonomy":"pwb-brand","embeddable":true,"href":"https:\/\/tammetorubbq.ee\/lv\/wp-json\/wp\/v2\/pwb-brand?post=2402"},{"taxonomy":"product_brand","embeddable":true,"href":"https:\/\/tammetorubbq.ee\/lv\/wp-json\/wp\/v2\/product_brand?post=2402"},{"taxonomy":"product_cat","embeddable":true,"href":"https:\/\/tammetorubbq.ee\/lv\/wp-json\/wp\/v2\/product_cat?post=2402"},{"taxonomy":"product_tag","embeddable":true,"href":"https:\/\/tammetorubbq.ee\/lv\/wp-json\/wp\/v2\/product_tag?post=2402"}],"curies":[{"name":"wp","href":"https:\/\/api.w.org\/{rel}","templated":true}]}}