{"id":2413,"date":"2025-01-17T12:28:29","date_gmt":"2025-01-17T10:28:29","guid":{"rendered":"https:\/\/tammetorubbq.ee\/?post_type=product&#038;p=2413"},"modified":"2026-04-14T11:00:04","modified_gmt":"2026-04-14T08:00:04","slug":"frankys-pork-prank-bbq-rub-750g","status":"publish","type":"product","link":"https:\/\/tammetorubbq.ee\/lv\/product-2\/frankys-pork-prank-bbq-rub-750g\/","title":{"rendered":"Franky's Pork Prank BBQ Rub 750g"},"content":{"rendered":"<p><strong>Sast\u0101vda\u013cas<\/strong>: cukurs, s\u0101ls, gar\u0161augi\/ gar\u0161vielas (pipari, \u0137imenes, oregano, paprika, kan\u0113lis, lauru lapas, \u010dilli, p\u0113ters\u012b\u013ci), kalt\u0113ti d\u0101rze\u0146i (\u0137iploki, s\u012bpoli), augu e\u013c\u013ca (saulespu\u0137u), gar\u0161a, gar\u0161as pastiprin\u0101t\u0101js E621, kr\u0101sviela E160c, pretsalipes viela E551.<\/p>","protected":false},"excerpt":{"rendered":"<p>Franky's Pork Prank ir lielisks c\u016bkga\u013cas iezie\u0161anas l\u012bdzeklis - pat\u012bkams un salds, pikants (ar m\u0113renu kaj\u0113nas piparu piedevu).<\/p>\n<p>Ide\u0101li piem\u0113rots c\u016bkga\u013cas ribi\u0146\u0101m vai c\u016bkga\u013cas ga\u013cas pagatavo\u0161anai, bet lieliski der ar\u012b uz vistas ga\u013cas, fr\u012b kartupe\u013ciem - \u012bsi sakot, uz visa, jo t\u0101 ir univers\u0101la gar\u0161viela.<\/p>\n<p><span style=\"color: #0000ff;\"><strong>Godalgot\u0101 univers\u0101l\u0101 gar\u0161viela c\u016bkga\u013cai!<\/strong><\/span><\/p>\n<p>Franky's Pork Prank ir Bughouse Smokers komandas biedra un BBQ-ON dibin\u0101t\u0101ja Franka Klijna (Frank Klijn) ideja.<\/p>\n<p><img loading=\"lazy\" decoding=\"async\" class=\"wp-image-2415\" src=\"http:\/\/www.tammetorubbq.ee\/wp-content\/uploads\/2025\/01\/Frankys-Pork-Prank-BBQ-On-229x300.webp\" alt=\"Frankija c\u016bkga\u013cas izjoko\u0161ana (BBQ-On)\" width=\"154\" height=\"202\" srcset=\"https:\/\/tammetorubbq.ee\/wp-content\/uploads\/2025\/01\/Frankys-Pork-Prank-BBQ-On-229x300.webp 229w, https:\/\/tammetorubbq.ee\/wp-content\/uploads\/2025\/01\/Frankys-Pork-Prank-BBQ-On-9x12.webp 9w, https:\/\/tammetorubbq.ee\/wp-content\/uploads\/2025\/01\/Frankys-Pork-Prank-BBQ-On-600x786.webp 600w, https:\/\/tammetorubbq.ee\/wp-content\/uploads\/2025\/01\/Frankys-Pork-Prank-BBQ-On-64x84.webp 64w, https:\/\/tammetorubbq.ee\/wp-content\/uploads\/2025\/01\/Frankys-Pork-Prank-BBQ-On.webp 720w\" sizes=\"auto, (max-width: 154px) 100vw, 154px\" \/><\/p>","protected":false},"featured_media":2414,"comment_status":"open","ping_status":"closed","template":"","meta":{"_uf_show_specific_survey":0,"_uf_disable_surveys":false},"pwb-brand":[],"product_brand":[],"product_cat":[21],"product_tag":[],"class_list":{"0":"post-2413","1":"product","2":"type-product","3":"status-publish","4":"has-post-thumbnail","6":"product_cat-maitseainesegud","8":"first","9":"instock","10":"taxable","11":"shipping-taxable","12":"purchasable","13":"product-type-simple"},"brands":[],"_links":{"self":[{"href":"https:\/\/tammetorubbq.ee\/lv\/wp-json\/wp\/v2\/product\/2413","targetHints":{"allow":["GET"]}}],"collection":[{"href":"https:\/\/tammetorubbq.ee\/lv\/wp-json\/wp\/v2\/product"}],"about":[{"href":"https:\/\/tammetorubbq.ee\/lv\/wp-json\/wp\/v2\/types\/product"}],"replies":[{"embeddable":true,"href":"https:\/\/tammetorubbq.ee\/lv\/wp-json\/wp\/v2\/comments?post=2413"}],"wp:featuredmedia":[{"embeddable":true,"href":"https:\/\/tammetorubbq.ee\/lv\/wp-json\/wp\/v2\/media\/2414"}],"wp:attachment":[{"href":"https:\/\/tammetorubbq.ee\/lv\/wp-json\/wp\/v2\/media?parent=2413"}],"wp:term":[{"taxonomy":"pwb-brand","embeddable":true,"href":"https:\/\/tammetorubbq.ee\/lv\/wp-json\/wp\/v2\/pwb-brand?post=2413"},{"taxonomy":"product_brand","embeddable":true,"href":"https:\/\/tammetorubbq.ee\/lv\/wp-json\/wp\/v2\/product_brand?post=2413"},{"taxonomy":"product_cat","embeddable":true,"href":"https:\/\/tammetorubbq.ee\/lv\/wp-json\/wp\/v2\/product_cat?post=2413"},{"taxonomy":"product_tag","embeddable":true,"href":"https:\/\/tammetorubbq.ee\/lv\/wp-json\/wp\/v2\/product_tag?post=2413"}],"curies":[{"name":"wp","href":"https:\/\/api.w.org\/{rel}","templated":true}]}}