{"id":2417,"date":"2025-01-17T12:56:10","date_gmt":"2025-01-17T10:56:10","guid":{"rendered":"https:\/\/tammetorubbq.ee\/?post_type=product&#038;p=2417"},"modified":"2026-04-30T02:00:07","modified_gmt":"2026-04-29T23:00:07","slug":"dienvidu-holandiesu-originala-bbq-merce-500ml","status":"publish","type":"product","link":"https:\/\/tammetorubbq.ee\/lv\/toode\/southern-dutch-original-bbq-kaste-500ml\/","title":{"rendered":"Southern Dutch Original BBQ m\u0113rce 500ml"},"content":{"rendered":"<p><strong>Sast\u0101vda\u013cas<\/strong>: pulverveida cukurs, \u016bdens, d\u0101rze\u0146i (tom\u0101tu biezenis, \u0137iploku pulveris, s\u012bpolu pulveris, paprika), cukurs, dekstroze, sidra eti\u0137is (satur sulf\u012btus), s\u0101ls, melase, gar\u0161augi\/ gar\u0161vielas (melnie pipari, paprika), \u010dilli pipari, kan\u0113lis, p\u0113ters\u012b\u013ci, krustnagli\u0146as, fenhelis), eti\u0137is, sk\u0101be (E325, E270), modific\u0113ta ciete (kukur\u016bzas), biezin\u0101t\u0101js (E412), konservants, k\u016bpin\u0101\u0161anas cukurs, dab\u012bgs aromatiz\u0113t\u0101js, aromatiz\u0113t\u0101js.<\/p>\n<p>&nbsp;<\/p>\n<p><strong>Kes par dienvidu holandie\u0161u BBQ<\/strong><\/p>\n<p class=\"\" data-start=\"24\" data-end=\"609\">Southern Dutch BBQ ir kop\u012bgs Toma Raisa un Dor\u012bnes van Gefenas projekts. \u0160is sp\u0113c\u012bgais tand\u0113ms 2012. gad\u0101 s\u0101ka savu ce\u013cojumu ar blogu, lai dal\u012btos ar pasauli savos BBQ piedz\u012bvojumos. V\u0113lme uzzin\u0101t visu par amerik\u0101\u0146u b\u0101rbekj\u016b vi\u0146us aizveda uz KCBS (Kansas City Barbeque Society) konkursu. 2013. gad\u0101 vi\u0146i piedal\u012bj\u0101s sav\u0101 pirmaj\u0101 konkurs\u0101, un tas k\u013cuva par pagrieziena punktu. Kop\u0161 t\u0101 laika vi\u0146i ir aizr\u0101vu\u0161ies ar b\u0101rbekj\u016b sacens\u012bbu pasauli un piedal\u0101s konkursos vis\u0101 pasaul\u0113, vienm\u0113r cen\u0161oties nodro\u0161in\u0101t lab\u0101ko un gar\u0161\u012bg\u0101ko izv\u0113li gan tiesne\u0161iem, gan saviem labajiem draugiem.<\/p>\n<p class=\"\" data-start=\"611\" data-end=\"748\"><em>V\u0113lme katru dienu k\u013c\u016bt lab\u0101kiem ir \u013c\u0101vusi Tomam un Dor\u012bnai k\u013c\u016bt par mentoriem da\u017eiem no ASV lab\u0101kajiem BBQ meistariem, piem\u0113ram, Tuffy Stone un Travis Clark.<\/em><\/p>\n<p class=\"\" data-start=\"750\" data-end=\"1093\">Vi\u0146u misija \u0161odien ir dz\u012bvot un elpot BBQ katru dienu, sniedzot savu aizrau\u0161anos un zin\u0101\u0161anas ikvienam, kas interes\u0113jas par \u0161o kult\u016bru, sportu vai vienk\u0101r\u0161i lielisku \u0113dienu. Gril\u0113\u0161ana un sacens\u012bbas vi\u0146iem nav tikai hobijs - tas ir dz\u012bvesveids. BBQ ir aizvedis vi\u0146us uz viet\u0101m, uz kur\u0101m vi\u0146i cit\u0101di nekad neb\u016btu aizbrauku\u0161i, un rad\u012bjis draudz\u012bbas uz m\u016b\u017eu.<\/p>","protected":false},"excerpt":{"rendered":"<p class=\"\" data-start=\"0\" data-end=\"43\"><strong data-start=\"0\" data-end=\"43\">Southern Dutch BBQ \"Ori\u0123in\u0101l\u0101 BBQ m\u0113rce\"<\/strong><\/p>\n<p class=\"\" data-start=\"45\" data-end=\"357\"><strong><em>Klasiska, bag\u0101t\u012bga gar\u0161a BBQ m\u0113rce<\/em><\/strong>, ko atbalsta pasaul\u0113 atz\u012bt\u0101 komanda, kas ir konkursa autore. <strong data-start=\"136\" data-end=\"158\">Dienvidu holandie\u0161u BBQ<\/strong>. Ori\u0123in\u0101l\u0101 BBQ m\u0113rce apvieno <em>sabalans\u0113ts saldums, nedaudz d\u016bmakaina nots un maigs pikantums, kas to padara par lielisku papildin\u0101jumu jebkurai ga\u013cai.<\/em> - vai t\u0101s b\u016btu ribi\u0146as, vistas ga\u013ca, burgeri vai c\u016bkga\u013ca.<\/p>\n<p class=\"\" data-start=\"359\" data-end=\"541\">\u0160\u012b m\u0113rce ir rad\u012bta saska\u0146\u0101 ar tiem pa\u0161iem principiem, kas Tomam Raesam un Dor\u012bnai van Gefenai ir nodro\u0161in\u0101ju\u0161i pan\u0101kumus BBQ konkursos vis\u0101 pasaul\u0113 - autentiska gar\u0161a, god\u012bgas sast\u0101vda\u013cas un aizrau\u0161an\u0101s ar gril\u0113\u0161anu.<\/p>\n<ul data-start=\"557\" data-end=\"808\">\n<li class=\"\" data-start=\"557\" data-end=\"615\">\n<p class=\"\" data-start=\"559\" data-end=\"615\">Klasiska BBQ gar\u0161a ar saldo un d\u016bmu l\u012bdzsvaru<\/p>\n<\/li>\n<li class=\"\" data-start=\"616\" data-end=\"697\">\n<p class=\"\" data-start=\"618\" data-end=\"697\">Lieliski sader ar c\u016bkga\u013cu, vistas ga\u013cu, liellopu ga\u013cu un gril\u0113tiem d\u0101rze\u0146iem.<\/p>\n<\/li>\n<li class=\"\" data-start=\"698\" data-end=\"754\">\n<p class=\"\" data-start=\"700\" data-end=\"754\">Sacens\u012bbu kvalit\u0101te, piem\u0113rota ar\u012b jebkuram m\u0101jas grila entuziastam<\/p>\n<\/li>\n<li class=\"\" data-start=\"755\" data-end=\"808\">\n<p class=\"\" data-start=\"757\" data-end=\"808\">Izgatavots no m\u012blest\u012bbas pret amerik\u0101\u0146u BBQ kult\u016bru<\/p>\n<\/li>\n<\/ul>\n<p>Lieliski sader ar Southern Dutch gar\u0161vielu mais\u012bjumiem, piem\u0113ram, \"<strong><a href=\"https:\/\/tammetorubbq.ee\/lv\/product-2\/dienvidu-holandiesu-bbq-skipsnina-karstuma-berzet-275g\/\">\u0160\u0137ipsni\u0146a siltuma<\/a><\/strong>\" j\u0101 \"<strong><a href=\"https:\/\/tammetorubbq.ee\/lv\/product-2\/southern-dutch-bbq-a-touch-of-sweet-rub-290g\/\">Salds piesk\u0101riens<\/a><\/strong>&#8220;.<\/p>\n<p><strong>Papildiniet savu BBQ arsen\u0101lu ar Southern Dutch Original m\u0113rci - jo \u012bsta pieredze s\u0101kas ar labu m\u0113rci!<\/strong><\/p>\n<p><em><strong>Dienvidholandie\u0161i ir p\u0113d\u0113jo gadu veiksm\u012bg\u0101k\u0101 BBQ komanda Eirop\u0101.<\/strong><\/em><\/p>\n<p><img loading=\"lazy\" decoding=\"async\" class=\"alignnone wp-image-2012\" src=\"http:\/\/tammetorubbq.ee\/wp-content\/uploads\/2024\/11\/southern-dutch-bbq.svg\" alt=\"Dienvidu holandie\u0161u BBQ\" width=\"150\" height=\"54\" \/><\/p>","protected":false},"featured_media":2418,"comment_status":"open","ping_status":"closed","template":"","meta":{"_uf_show_specific_survey":0,"_uf_disable_surveys":false},"pwb-brand":[174],"product_brand":[],"product_cat":[22],"product_tag":[138,118,166,114,122],"class_list":{"0":"post-2417","1":"product","2":"type-product","3":"status-publish","4":"has-post-thumbnail","6":"pwb-brand-southern-dutch-bbq","7":"product_cat-kastmed-ja-marinaadid","8":"product_tag-burger","9":"product_tag-kanaliha","10":"product_tag-rebitudliha","11":"product_tag-sealiha","12":"product_tag-searibi","14":"first","15":"outofstock","16":"taxable","17":"shipping-taxable","18":"purchasable","19":"product-type-simple"},"brands":[{"id":174,"name":"Dienvidu holandie\u0161u BBQ","slug":"southern-dutch-bbq"}],"_links":{"self":[{"href":"https:\/\/tammetorubbq.ee\/lv\/wp-json\/wp\/v2\/product\/2417","targetHints":{"allow":["GET"]}}],"collection":[{"href":"https:\/\/tammetorubbq.ee\/lv\/wp-json\/wp\/v2\/product"}],"about":[{"href":"https:\/\/tammetorubbq.ee\/lv\/wp-json\/wp\/v2\/types\/product"}],"replies":[{"embeddable":true,"href":"https:\/\/tammetorubbq.ee\/lv\/wp-json\/wp\/v2\/comments?post=2417"}],"wp:featuredmedia":[{"embeddable":true,"href":"https:\/\/tammetorubbq.ee\/lv\/wp-json\/wp\/v2\/media\/2418"}],"wp:attachment":[{"href":"https:\/\/tammetorubbq.ee\/lv\/wp-json\/wp\/v2\/media?parent=2417"}],"wp:term":[{"taxonomy":"pwb-brand","embeddable":true,"href":"https:\/\/tammetorubbq.ee\/lv\/wp-json\/wp\/v2\/pwb-brand?post=2417"},{"taxonomy":"product_brand","embeddable":true,"href":"https:\/\/tammetorubbq.ee\/lv\/wp-json\/wp\/v2\/product_brand?post=2417"},{"taxonomy":"product_cat","embeddable":true,"href":"https:\/\/tammetorubbq.ee\/lv\/wp-json\/wp\/v2\/product_cat?post=2417"},{"taxonomy":"product_tag","embeddable":true,"href":"https:\/\/tammetorubbq.ee\/lv\/wp-json\/wp\/v2\/product_tag?post=2417"}],"curies":[{"name":"wp","href":"https:\/\/api.w.org\/{rel}","templated":true}]}}