{"id":242,"date":"2023-11-28T19:20:17","date_gmt":"2023-11-28T16:20:17","guid":{"rendered":"https:\/\/tammetorubbq.ee\/?post_type=product&#038;p=242"},"modified":"2026-04-19T20:00:49","modified_gmt":"2026-04-19T17:00:49","slug":"visparejais-tex-mex-bbq-garsvielu-maisijums","status":"publish","type":"product","link":"https:\/\/tammetorubbq.ee\/lv\/product-2\/visparejais-tex-mex-bbq-garsvielu-maisijums\/","title":{"rendered":"A&amp;O The General Rub 200g"},"content":{"rendered":"<p>Sast\u0101vda\u013cas:<br \/>\nCukurs, s\u0101ls, kalt\u0113ts \u010dilli, k\u016bpin\u0101ta paprika, paprika, melnie pipari, s\u012bpolu pulveris, kalt\u0113ti \u0137iploki, fenhe\u013ca s\u0113klas, koriandra pulveris, gar\u0161augi, raudene, lauru lapa.<\/p>","protected":false},"excerpt":{"rendered":"<p>\u0122ener\u0101lis var b\u016bt j\u016bsu iecien\u012bt\u0101k\u0101 gar\u0161a gril\u0113\u0161anai vai pat vienk\u0101r\u0161am burgeram.<br \/>\nTas ir lieliski piem\u0113rots ar\u012b ribi\u0146\u0101m un c\u016bkga\u013cai.<\/p>\n<p>Lieliski piem\u0113rots liellopu ga\u013cai, c\u016bkga\u013cai, j\u0113ra ga\u013cai, vistas ga\u013cai un d\u0101rze\u0146iem.<\/p>\n<p>Bez glut\u0113na<br \/>\nPiem\u0113rots veg\u0101niem<\/p>\n<p>Nesatur m\u0101ksl\u012bg\u0101s kr\u0101svielas, m\u0101ksl\u012bgos aromatiz\u0113t\u0101jus, pretsalipes vielas un konservantus.<\/p>","protected":false},"featured_media":263,"comment_status":"open","ping_status":"closed","template":"","meta":{"_uf_show_specific_survey":0,"_uf_disable_surveys":false},"pwb-brand":[105],"product_brand":[],"product_cat":[20,21],"product_tag":[118,121,114,122,123,119,165],"class_list":{"0":"post-242","1":"product","2":"type-product","3":"status-publish","4":"has-post-thumbnail","6":"pwb-brand-angus-oink","7":"product_cat-kampaania","8":"product_cat-maitseainesegud","9":"product_tag-kanaliha","10":"product_tag-koogiviljad","11":"product_tag-sealiha","12":"product_tag-searibi","13":"product_tag-steik","14":"product_tag-veiseliha","15":"product_tag-veiseribi","17":"first","18":"instock","19":"sale","20":"taxable","21":"shipping-taxable","22":"purchasable","23":"product-type-simple"},"brands":[{"id":105,"name":"Angus &amp; Oink","slug":"angus-oink"}],"_links":{"self":[{"href":"https:\/\/tammetorubbq.ee\/lv\/wp-json\/wp\/v2\/product\/242","targetHints":{"allow":["GET"]}}],"collection":[{"href":"https:\/\/tammetorubbq.ee\/lv\/wp-json\/wp\/v2\/product"}],"about":[{"href":"https:\/\/tammetorubbq.ee\/lv\/wp-json\/wp\/v2\/types\/product"}],"replies":[{"embeddable":true,"href":"https:\/\/tammetorubbq.ee\/lv\/wp-json\/wp\/v2\/comments?post=242"}],"wp:featuredmedia":[{"embeddable":true,"href":"https:\/\/tammetorubbq.ee\/lv\/wp-json\/wp\/v2\/media\/263"}],"wp:attachment":[{"href":"https:\/\/tammetorubbq.ee\/lv\/wp-json\/wp\/v2\/media?parent=242"}],"wp:term":[{"taxonomy":"pwb-brand","embeddable":true,"href":"https:\/\/tammetorubbq.ee\/lv\/wp-json\/wp\/v2\/pwb-brand?post=242"},{"taxonomy":"product_brand","embeddable":true,"href":"https:\/\/tammetorubbq.ee\/lv\/wp-json\/wp\/v2\/product_brand?post=242"},{"taxonomy":"product_cat","embeddable":true,"href":"https:\/\/tammetorubbq.ee\/lv\/wp-json\/wp\/v2\/product_cat?post=242"},{"taxonomy":"product_tag","embeddable":true,"href":"https:\/\/tammetorubbq.ee\/lv\/wp-json\/wp\/v2\/product_tag?post=242"}],"curies":[{"name":"wp","href":"https:\/\/api.w.org\/{rel}","templated":true}]}}