{"id":243,"date":"2023-11-28T19:20:17","date_gmt":"2023-11-28T16:20:17","guid":{"rendered":"https:\/\/tammetorubbq.ee\/?post_type=product&#038;p=243"},"modified":"2026-04-17T03:00:14","modified_gmt":"2026-04-17T00:00:14","slug":"mulku-zelta-berzet-garsvielu-maisijums","status":"publish","type":"product","link":"https:\/\/tammetorubbq.ee\/lv\/product-2\/mulku-zelta-berzet-garsvielu-maisijums\/","title":{"rendered":"A&amp;O Fools Gold Rub 200g"},"content":{"rendered":"<p>GLUTEENIVABA<\/p>\n<p>Sast\u0101vda\u013cas:<br \/>\nCukurs, s\u0101ls, dab\u012bg\u0101 bekona gar\u0161viela, selerijas s\u0101ls, MISO pulveris, kurkuma, melnie pipari, s\u012bpolu granulas, \u0137iploku granulas, sojas m\u0113rces pulveris, ksantama sve\u0137i.<br \/>\nArom\u0101ta pastiprin\u0101t\u0101ji: E621, E631.<\/p>","protected":false},"excerpt":{"rendered":"<p>DZI\u013bI SALDS UMAMI PIKANTUMS<\/p>\n<p>Ide\u0101li piem\u0113rots vistas ga\u013cai un c\u016bkga\u013cai (ribi\u0146\u0101m).<\/p>","protected":false},"featured_media":264,"comment_status":"open","ping_status":"closed","template":"","meta":{"_uf_show_specific_survey":0,"_uf_disable_surveys":false},"pwb-brand":[],"product_brand":[],"product_cat":[20,21],"product_tag":[],"class_list":{"0":"post-243","1":"product","2":"type-product","3":"status-publish","4":"has-post-thumbnail","6":"product_cat-kampaania","7":"product_cat-maitseainesegud","9":"first","10":"outofstock","11":"sale","12":"taxable","13":"shipping-taxable","14":"purchasable","15":"product-type-simple"},"brands":[],"_links":{"self":[{"href":"https:\/\/tammetorubbq.ee\/lv\/wp-json\/wp\/v2\/product\/243","targetHints":{"allow":["GET"]}}],"collection":[{"href":"https:\/\/tammetorubbq.ee\/lv\/wp-json\/wp\/v2\/product"}],"about":[{"href":"https:\/\/tammetorubbq.ee\/lv\/wp-json\/wp\/v2\/types\/product"}],"replies":[{"embeddable":true,"href":"https:\/\/tammetorubbq.ee\/lv\/wp-json\/wp\/v2\/comments?post=243"}],"wp:featuredmedia":[{"embeddable":true,"href":"https:\/\/tammetorubbq.ee\/lv\/wp-json\/wp\/v2\/media\/264"}],"wp:attachment":[{"href":"https:\/\/tammetorubbq.ee\/lv\/wp-json\/wp\/v2\/media?parent=243"}],"wp:term":[{"taxonomy":"pwb-brand","embeddable":true,"href":"https:\/\/tammetorubbq.ee\/lv\/wp-json\/wp\/v2\/pwb-brand?post=243"},{"taxonomy":"product_brand","embeddable":true,"href":"https:\/\/tammetorubbq.ee\/lv\/wp-json\/wp\/v2\/product_brand?post=243"},{"taxonomy":"product_cat","embeddable":true,"href":"https:\/\/tammetorubbq.ee\/lv\/wp-json\/wp\/v2\/product_cat?post=243"},{"taxonomy":"product_tag","embeddable":true,"href":"https:\/\/tammetorubbq.ee\/lv\/wp-json\/wp\/v2\/product_tag?post=243"}],"curies":[{"name":"wp","href":"https:\/\/api.w.org\/{rel}","templated":true}]}}