{"id":2430,"date":"2025-02-06T13:07:57","date_gmt":"2025-02-06T11:07:57","guid":{"rendered":"https:\/\/tammetorubbq.ee\/?post_type=product&#038;p=2430"},"modified":"2026-04-29T11:00:04","modified_gmt":"2026-04-29T08:00:04","slug":"kamado-joe-savienots-ar-big-joe","status":"publish","type":"product","link":"https:\/\/tammetorubbq.ee\/lv\/toode\/kamado-joe-konnected-big-joe\/","title":{"rendered":"Kamado Joe Konnected Big Joe"},"content":{"rendered":"<h2>GRIL\u0112\u0160ANAS N\u0100KOTNE - KONNECTED JOE\u2122 DIGIT\u0100LAIS KERAMIKAS OG\u013bU GRILS UN K\u016aPIN\u0100T\u0100JS VIEN\u0100!<\/h2>\n<p>Izbaudiet jaunu keramikas gril\u0113\u0161anas laikmetu ar digit\u0101lo og\u013cu grilu Kamado Joe Konnected Joe\u2122. Konnected Joe\u2122 \u013cauj viegli uzkars\u0113t grilu. Vienk\u0101r\u0161i nospiediet autom\u0101tisk\u0101s uguns iedarbin\u0101\u0161anas (AFS\u2122) pogu, lai aizdedzin\u0101tu ogles. Iestatiet v\u0113lamo gatavo\u0161anas temperat\u016bru, izmantojot digit\u0101lo Kontrol Board\u2122 vai Kamado Joe lietotni, un \u013caujiet Kontrol Fan\u2122 paveikt p\u0101r\u0113jo darbu. Ar vair\u0101k\u0101m gatavo\u0161anas funkcij\u0101m Konnected Joe\u2122 \u013cauj izbaud\u012bt Kamado gril\u0113\u0161anu vislab\u0101kaj\u0101 veid\u0101. Autom\u0101tiskais gatavo\u0161anas re\u017e\u012bms pied\u0101v\u0101 piln\u012bgu digit\u0101lo kontroli, vai ar\u012b izm\u0113\u0123iniet klasisko re\u017e\u012bmu bez autom\u0101tikas, lai g\u016btu tradicion\u0101lu Kamado pieredzi.<\/p>\n<h2>PILNS AR FUNKCIJ\u0100M!<\/h2>\n<ul>\n<li>Keramiskais grils ar WiFi<\/li>\n<li>AFS (Automatic Fire Starter) poga, ko var izmantot, lai uzreiz aizdedzin\u0101tu ogles.<\/li>\n<li>Digit\u0101lais vad\u012bbas panelis ar temperat\u016bras diagramm\u0101m, br\u012bdin\u0101jumiem un vair\u0101kiem gatavo\u0161anas re\u017e\u012bmiem<\/li>\n<li>Izmantojiet Kamado Joe lietotni, lai iestat\u012btu temperat\u016bru un laiku, uzraudz\u012btu ga\u013cas \u012bpa\u0161\u012bbas un atkl\u0101tu jaunas receptes.<\/li>\n<li>Kontrol Fan autom\u0101tiski uztur v\u0113lamo temperat\u016bru no 107\u00b0C l\u012bdz 370\u00b0C.<\/li>\n<li>Autom\u0101tiskais gatavo\u0161anas re\u017e\u012bms digit\u0101li savienotai gatavo\u0161anai vai manu\u0101lais gatavo\u0161anas re\u017e\u012bms tradicion\u0101lajai kamado gril\u0113\u0161anai.<\/li>\n<li>Kontrol Tower\u2122 aug\u0161\u0113jais ventilators nodro\u0161ina vienm\u0113r\u012bgu gaisa pl\u016bsmu, atverot un aizverot v\u0101ku.<\/li>\n<li>Ietver pacel\u0161anas rokturus, lai grilu var\u0113tu viegli un dro\u0161i pacelt.<\/li>\n<li>Air Lift\u2122 viras iev\u0113rojami samazina kupola, t. i., grila v\u0101ka, svaru.<\/li>\n<li>2 l\u012bme\u0146u daudzfunkcion\u0101l\u0101 gatavo\u0161anas sist\u0113ma Divide &amp; Conquer da\u017e\u0101du \u0113dienu gatavo\u0161anai da\u017e\u0101d\u0101s temperat\u016br\u0101s<\/li>\n<li>Smags un iztur\u012bgs t\u0113rauda re\u017e\u0123a r\u0101mis ar pulverkr\u0101sas p\u0101rkl\u0101jumu un blo\u0137\u0113jamiem rite\u0146iem.<\/li>\n<li>Citas iek\u013cautas funkcijas un piederumi: ner\u016bs\u0113jo\u0161\u0101 t\u0113rauda v\u0101ka aizb\u0101zni, uzlabot\u0101 daudzpane\u013cu (AMP) kurtuve, ner\u016bs\u0113jo\u0161\u0101 t\u0113rauda gatavo\u0161anas plaukti, salok\u0101mi alum\u012bnija s\u0101nu plaukti, grila plauktu pac\u0113l\u0101js vai knaibles grila plauktu pacel\u0161anai, pelnu trauks, karstuma deflektori (pusm\u0113ness akmens pl\u0101ksnes), piederumu spole un 1 ga\u013cas zonde.<\/li>\n<li>Konnected Joe\u2122 ir sader\u012bgs ar lauka virtuv\u0113m, t. i., to var izmantot ar\u012b t\u0101 sauktaj\u0101s \"lauka virtuv\u0113s\".\u00a0<em>Atsevi\u0161\u0137i<\/em>\"na. S\u012bk\u0101ku inform\u0101ciju skatiet lietot\u0101ja rokasgr\u0101mat\u0101.<\/li>\n<li>Sader\u012bgs ar Classic\/Big Joe\u2122 v\u0101kiem un piederumiem, bet ne ar kokog\u013cu grozu.<\/li>\n<\/ul>\n<p>Temperat\u016bras diapazons: no 100\u00b0C l\u012bdz 400\u00b0C<\/p>\n<p><strong>Garantija<\/strong> - Kamado Joe keramikas deta\u013c\u0101m ir ierobe\u017eota m\u016b\u017ea garantija (garantijas nosac\u012bjumi: <strong><a href=\"https:\/\/tammetorubbq.ee\/wp-content\/uploads\/2026\/02\/Kamado_Joe_garantii.pdf\">skat\u012bt \u0161eit<\/a><\/strong>); ieskaitot keramikas fl\u012bzes, siltuma atstarot\u0101jus un bl\u012bv\u0113juma fl\u012bzes 3 gadi; met\u0101ls un \u010duguns 5 gadi; termometrs un bl\u012bves 1 gads.<\/p>\n<p>&nbsp;<\/p>\n<div style=\"width: 1920px;\" class=\"wp-video\"><video class=\"wp-video-shortcode\" id=\"video-2430-1\" width=\"1920\" height=\"1080\" preload=\"metadata\" controls=\"controls\"><source type=\"video\/mp4\" src=\"http:\/\/tammetorubbq.ee\/wp-content\/uploads\/2025\/02\/Kamado-Joe-\u00ae-KONNECTED-BIG-JOE\u2122_1.mp4?_=1\" \/><a href=\"http:\/\/tammetorubbq.ee\/wp-content\/uploads\/2025\/02\/Kamado-Joe-\u00ae-KONNECTED-BIG-JOE\u2122_1.mp4\">http:\/\/tammetorubbq.ee\/wp-content\/uploads\/2025\/02\/Kamado-Joe-\u00ae-KONNECTED-BIG-JOE\u2122_1.mp4<\/a><\/video><\/div>\n<p>&nbsp;<\/p>\n<div style=\"width: 1920px;\" class=\"wp-video\"><video class=\"wp-video-shortcode\" id=\"video-2430-2\" width=\"1920\" height=\"1080\" preload=\"metadata\" controls=\"controls\"><source type=\"video\/mp4\" src=\"http:\/\/tammetorubbq.ee\/wp-content\/uploads\/2025\/02\/Kamado-Joe-\u00ae-KONNECTED-BIG-JOE\u2122.mp4?_=2\" \/><a href=\"http:\/\/tammetorubbq.ee\/wp-content\/uploads\/2025\/02\/Kamado-Joe-\u00ae-KONNECTED-BIG-JOE\u2122.mp4\">http:\/\/tammetorubbq.ee\/wp-content\/uploads\/2025\/02\/Kamado-Joe-\u00ae-KONNECTED-BIG-JOE\u2122.mp4<\/a><\/video><\/div>\n<p>&nbsp;<\/p>","protected":false},"excerpt":{"rendered":"<h4>Ieskaitot d\u0101vanu + BEZMAKSAS pieg\u0101de.<\/h4>\n<h3><strong>Kamado Joe \u00ae KONNECTED BIG JOE\u2122 - Digit\u0101l\u0101 keramisk\u0101 grila kr\u0101sns\u00a0<\/strong><\/h3>\n<ul>\n<li>BIG JOE CONNECTED - vair\u0101k apjoma, vair\u0101k \u0113diena, vair\u0101k cilv\u0113ku, vair\u0101k piedz\u012bvojumu!<\/li>\n<li>L\u012bdz \u0161im j\u016bsu iecien\u012bt\u0101kais ir bijis Konnected Joe Classic - tagad ir pien\u0101cis laiks p\u0101riet n\u0101kamaj\u0101 l\u012bmen\u012b. Iepaz\u012bstin\u0101m ar Konnected Big Joe, kas pied\u0101v\u0101 to pa\u0161u viedo gril\u0113\u0161anas tehnolo\u0123iju v\u0113l liel\u0101k\u0101 m\u0113rog\u0101. Liel\u0101ka gatavo\u0161anas jauda sniedz jums br\u012bv\u012bbu domin\u0113t jebkur\u0101 situ\u0101cij\u0101 - no priv\u0101t\u0101m vakari\u0146\u0101m l\u012bdz pat grandioz\u0101m d\u0101rza ball\u012bt\u0113m.<\/li>\n<li>Esiet vieni no pirmajiem, kas izbaud\u012bs jaunu \u0101ra \u0113diena gatavo\u0161anas dimensiju!<\/li>\n<li>JAUNS inovat\u012bvs unik\u0101ls Kamado Big Joe digit\u0101lais keramikas grils:\n<ul>\n<li>Augst\u0101k\u0101 kvalit\u0101te pasaul\u0113! Lab\u0101kais cenas un v\u0113rt\u012bbas attiec\u012bba!<\/li>\n<li>L\u012bdz \u0161im lab\u0101k\u0101 izv\u0113le keramikas grilu jom\u0101!<\/li>\n<li>Kokog\u013cu aizdedzin\u0101\u0161ana no pogas!<\/li>\n<li>Savieno\u0161an\u0101s ar lietotni!<\/li>\n<li>Digit\u0101lais vad\u012bbas panelis!<\/li>\n<li>Grafisk\u0101 tablo temperat\u016bras kontrolei!<\/li>\n<\/ul>\n<\/li>\n<\/ul>\n<p>M\u0113s ar\u012b iesak\u0101m ieg\u0101d\u0101ties\u00a0<a href=\"https:\/\/tammetorubbq.ee\/lv\/product-2\/kamado-joe-big-ilmastikukindel-grillikate\/\"><strong>pret laikapst\u0101k\u013ciem iztur\u012bgs grila v\u0101ks<\/strong><\/a>\u00a0kas nodro\u0161ina dro\u0161u aizsardz\u012bbu pret lietu, sniegu, sauli un net\u012brumiem, pagarinot grila kalpo\u0161anas laiku un saglab\u0101jot to t\u012bru n\u0101kamajam lieto\u0161anas reiz\u0113m.<\/p>\n<p><span style=\"color: #000000;\"><strong>M\u0113s esam ofici\u0101lais Kamado Joe ra\u017eot\u0101ja p\u0101rst\u0101vis Igaunij\u0101!<\/strong><\/span><\/p>\n<p><img loading=\"lazy\" decoding=\"async\" class=\"wp-image-1531\" src=\"http:\/\/tammetorubbq.ee\/wp-content\/uploads\/2024\/03\/kamado-joe-logo-300x40.webp\" alt=\"Kamado Joe logotips\" width=\"218\" height=\"29\" srcset=\"https:\/\/tammetorubbq.ee\/wp-content\/uploads\/2024\/03\/kamado-joe-logo-300x40.webp 300w, https:\/\/tammetorubbq.ee\/wp-content\/uploads\/2024\/03\/kamado-joe-logo-768x104.webp 768w, https:\/\/tammetorubbq.ee\/wp-content\/uploads\/2024\/03\/kamado-joe-logo-18x2.webp 18w, https:\/\/tammetorubbq.ee\/wp-content\/uploads\/2024\/03\/kamado-joe-logo-600x81.webp 600w, https:\/\/tammetorubbq.ee\/wp-content\/uploads\/2024\/03\/kamado-joe-logo-64x9.webp 64w, https:\/\/tammetorubbq.ee\/wp-content\/uploads\/2024\/03\/kamado-joe-logo.webp 1024w\" sizes=\"auto, (max-width: 218px) 100vw, 218px\" \/><\/p>\n<p><a href=\"https:\/\/tammetorubbq.ee\/lv\/maksajiet-velak\/\"><strong>P\u0112RCIET TAGAD, MAKS\u0100JIET V\u0112L\u0100K<\/strong><\/a>\u00a0- bez procentiem!<\/p>\n<p><img loading=\"lazy\" decoding=\"async\" class=\"alignnone wp-image-2646\" src=\"http:\/\/tammetorubbq.ee\/wp-content\/uploads\/2023\/12\/inbank-wordmark.png\" alt=\"Inbank\" width=\"167\" height=\"75\" srcset=\"https:\/\/tammetorubbq.ee\/wp-content\/uploads\/2023\/12\/inbank-wordmark.png 300w, https:\/\/tammetorubbq.ee\/wp-content\/uploads\/2023\/12\/inbank-wordmark-18x8.png 18w, https:\/\/tammetorubbq.ee\/wp-content\/uploads\/2023\/12\/inbank-wordmark-64x29.png 64w\" sizes=\"auto, (max-width: 167px) 100vw, 167px\" \/><\/p>\n<p>M\u0113s pied\u0101v\u0101jam ar\u012b iesp\u0113ju maks\u0101t v\u0113l\u0101k - vien\u0101, div\u0101s vai trij\u0101s vien\u0101d\u0101s da\u013c\u0101s bez procentiem vai papildu maksas.<\/p>\n<p>M\u016bsu iepirkumu groz\u0101 varat atrast da\u017e\u0101das maks\u0101jumu iesp\u0113jas.<\/p>\n<h5><\/h5>","protected":false},"featured_media":2432,"comment_status":"open","ping_status":"closed","template":"","meta":{"_uf_show_specific_survey":0,"_uf_disable_surveys":false},"pwb-brand":[69],"product_brand":[],"product_cat":[55],"product_tag":[126,326,316,127,346,78],"class_list":{"0":"post-2430","1":"product","2":"type-product","3":"status-publish","4":"has-post-thumbnail","6":"pwb-brand-kamado-joe","7":"product_cat-keraamilised-grillid","8":"product_tag-kamado-joe","9":"product_tag-kamado-joe-big-joe","10":"product_tag-kamado-joe-keraamiline-grill","11":"product_tag-keraamilised-grillid","12":"product_tag-konnected-joe","13":"product_tag-soegrill","15":"first","16":"instock","17":"taxable","18":"shipping-taxable","19":"purchasable","20":"product-type-simple"},"brands":[{"id":69,"name":"Kamado Joe","slug":"kamado-joe"}],"_links":{"self":[{"href":"https:\/\/tammetorubbq.ee\/lv\/wp-json\/wp\/v2\/product\/2430","targetHints":{"allow":["GET"]}}],"collection":[{"href":"https:\/\/tammetorubbq.ee\/lv\/wp-json\/wp\/v2\/product"}],"about":[{"href":"https:\/\/tammetorubbq.ee\/lv\/wp-json\/wp\/v2\/types\/product"}],"replies":[{"embeddable":true,"href":"https:\/\/tammetorubbq.ee\/lv\/wp-json\/wp\/v2\/comments?post=2430"}],"wp:featuredmedia":[{"embeddable":true,"href":"https:\/\/tammetorubbq.ee\/lv\/wp-json\/wp\/v2\/media\/2432"}],"wp:attachment":[{"href":"https:\/\/tammetorubbq.ee\/lv\/wp-json\/wp\/v2\/media?parent=2430"}],"wp:term":[{"taxonomy":"pwb-brand","embeddable":true,"href":"https:\/\/tammetorubbq.ee\/lv\/wp-json\/wp\/v2\/pwb-brand?post=2430"},{"taxonomy":"product_brand","embeddable":true,"href":"https:\/\/tammetorubbq.ee\/lv\/wp-json\/wp\/v2\/product_brand?post=2430"},{"taxonomy":"product_cat","embeddable":true,"href":"https:\/\/tammetorubbq.ee\/lv\/wp-json\/wp\/v2\/product_cat?post=2430"},{"taxonomy":"product_tag","embeddable":true,"href":"https:\/\/tammetorubbq.ee\/lv\/wp-json\/wp\/v2\/product_tag?post=2430"}],"curies":[{"name":"wp","href":"https:\/\/api.w.org\/{rel}","templated":true}]}}