{"id":244,"date":"2023-11-28T19:20:17","date_gmt":"2023-11-28T16:20:17","guid":{"rendered":"https:\/\/tammetorubbq.ee\/?post_type=product&#038;p=244"},"modified":"2026-04-20T00:00:40","modified_gmt":"2026-04-19T21:00:40","slug":"texas-ultimate-steiku-berzesanas-garsvielu-maisijums","status":"publish","type":"product","link":"https:\/\/tammetorubbq.ee\/lv\/product-2\/texas-ultimate-steiku-berzesanas-garsvielu-maisijums\/","title":{"rendered":"A&amp;O Texas Steak Rub 250g"},"content":{"rendered":"<p>Sast\u0101vda\u013cas:<br \/>\nPipari, s\u0101ls, selerijas s\u0101ls, cukurs, \u0137iploki, s\u012bpoli, oregano, lauru lapas, \u0137imenes, hidroliz\u0113tas augu olbaltumvielas, soja, E621 un E631.<\/p>","protected":false},"excerpt":{"rendered":"<p>Paaugstiniet gatavo\u0161anas prasmes.<br \/>\nLai izvair\u012btos no apdeg\u0161anas, p\u0113d\u0113jos gatavo\u0161anas posmos pievienojiet gar\u0161vielas, lai ga\u013ca uzs\u016bktu gar\u0161as. Lab\u0101kais padoms ir ga\u013cu gar\u0161viel\u0101m piegar\u0161ot pirms sagrie\u0161anas.<\/p>","protected":false},"featured_media":265,"comment_status":"open","ping_status":"closed","template":"","meta":{"_uf_show_specific_survey":0,"_uf_disable_surveys":false},"pwb-brand":[],"product_brand":[],"product_cat":[21],"product_tag":[123,119,165],"class_list":{"0":"post-244","1":"product","2":"type-product","3":"status-publish","4":"has-post-thumbnail","6":"product_cat-maitseainesegud","7":"product_tag-steik","8":"product_tag-veiseliha","9":"product_tag-veiseribi","11":"first","12":"instock","13":"featured","14":"taxable","15":"shipping-taxable","16":"purchasable","17":"product-type-simple"},"brands":[],"_links":{"self":[{"href":"https:\/\/tammetorubbq.ee\/lv\/wp-json\/wp\/v2\/product\/244","targetHints":{"allow":["GET"]}}],"collection":[{"href":"https:\/\/tammetorubbq.ee\/lv\/wp-json\/wp\/v2\/product"}],"about":[{"href":"https:\/\/tammetorubbq.ee\/lv\/wp-json\/wp\/v2\/types\/product"}],"replies":[{"embeddable":true,"href":"https:\/\/tammetorubbq.ee\/lv\/wp-json\/wp\/v2\/comments?post=244"}],"wp:featuredmedia":[{"embeddable":true,"href":"https:\/\/tammetorubbq.ee\/lv\/wp-json\/wp\/v2\/media\/265"}],"wp:attachment":[{"href":"https:\/\/tammetorubbq.ee\/lv\/wp-json\/wp\/v2\/media?parent=244"}],"wp:term":[{"taxonomy":"pwb-brand","embeddable":true,"href":"https:\/\/tammetorubbq.ee\/lv\/wp-json\/wp\/v2\/pwb-brand?post=244"},{"taxonomy":"product_brand","embeddable":true,"href":"https:\/\/tammetorubbq.ee\/lv\/wp-json\/wp\/v2\/product_brand?post=244"},{"taxonomy":"product_cat","embeddable":true,"href":"https:\/\/tammetorubbq.ee\/lv\/wp-json\/wp\/v2\/product_cat?post=244"},{"taxonomy":"product_tag","embeddable":true,"href":"https:\/\/tammetorubbq.ee\/lv\/wp-json\/wp\/v2\/product_tag?post=244"}],"curies":[{"name":"wp","href":"https:\/\/api.w.org\/{rel}","templated":true}]}}