{"id":2491,"date":"2025-02-20T11:10:50","date_gmt":"2025-02-20T09:10:50","guid":{"rendered":"https:\/\/tammetorubbq.ee\/?post_type=product&#038;p=2491"},"modified":"2026-04-09T09:00:03","modified_gmt":"2026-04-09T06:00:03","slug":"heath-riles-everyday-bbq-rub-396g","status":"publish","type":"product","link":"https:\/\/tammetorubbq.ee\/lv\/product-2\/heath-riles-everyday-bbq-rub-396g\/","title":{"rendered":"Heath Riles Everyday BBQ Rub 396g"},"content":{"rendered":"<p>Sast\u0101vs: s\u0101ls, cukurs, n\u0101trija glutam\u0101ts, gar\u0161vielas, malti \u0137iploki un maz\u0101k nek\u0101 2% trikalcija fosf\u0101ta, lai nov\u0113rstu sabiez\u0113\u0161anu.<\/p>","protected":false},"excerpt":{"rendered":"<p>Ikdienas berz\u0113\u0161anai vajadz\u0113tu b\u016bt kaut kam t\u0101dam, kas aizst\u0101j s\u0101ls un piparu lieto\u0161anu m\u0101j\u0101s tikai ar \u0161o burku.<\/p>\n<p>Paties\u012bb\u0101 tas nav glu\u017ei t\u0101, jo burci\u0146\u0101 ir ne tikai s\u0101ls un pipari, bet ar\u012b nedaudz gar\u0161vielu, \u0137iploku un pat cukura.<\/p>\n<p>L\u012bdz \u0161im tas ir labi iedarbojies uz visu... pat uz fr\u012b kartupe\u013ciem.<\/p>\n<p>&nbsp;<\/p>\n<p>H\u012bts Railzs ir v\u012brs, kur\u0161 ir ieguvis neskait\u0101mus titulus pasaules \u010dempion\u0101ta ribu kategorij\u0101. P\u0113d\u0113jos gados vi\u0146\u0161 ir palicis nep\u0101rsp\u0113ts.<\/p>\n<p><img loading=\"lazy\" decoding=\"async\" class=\"wp-image-1567\" src=\"http:\/\/tammetorubbq.ee\/wp-content\/uploads\/2024\/03\/Heath_Riles_logo-300x300.webp\" alt=\"Heath_Riles_logo\" width=\"166\" height=\"166\" srcset=\"https:\/\/tammetorubbq.ee\/wp-content\/uploads\/2024\/03\/Heath_Riles_logo-300x300.webp 300w, https:\/\/tammetorubbq.ee\/wp-content\/uploads\/2024\/03\/Heath_Riles_logo-150x150.webp 150w, https:\/\/tammetorubbq.ee\/wp-content\/uploads\/2024\/03\/Heath_Riles_logo-12x12.webp 12w, https:\/\/tammetorubbq.ee\/wp-content\/uploads\/2024\/03\/Heath_Riles_logo-64x64.webp 64w, https:\/\/tammetorubbq.ee\/wp-content\/uploads\/2024\/03\/Heath_Riles_logo.webp 480w\" sizes=\"auto, (max-width: 166px) 100vw, 166px\" \/><\/p>","protected":false},"featured_media":2492,"comment_status":"open","ping_status":"closed","template":"","meta":{"_uf_show_specific_survey":0,"_uf_disable_surveys":false},"pwb-brand":[84],"product_brand":[],"product_cat":[21],"product_tag":[347],"class_list":{"0":"post-2491","1":"product","2":"type-product","3":"status-publish","4":"has-post-thumbnail","6":"pwb-brand-heath-riles","7":"product_cat-maitseainesegud","8":"product_tag-heath-riles","10":"first","11":"instock","12":"taxable","13":"shipping-taxable","14":"purchasable","15":"product-type-simple"},"brands":[{"id":84,"name":"Heath Riles","slug":"heath-riles"}],"_links":{"self":[{"href":"https:\/\/tammetorubbq.ee\/lv\/wp-json\/wp\/v2\/product\/2491","targetHints":{"allow":["GET"]}}],"collection":[{"href":"https:\/\/tammetorubbq.ee\/lv\/wp-json\/wp\/v2\/product"}],"about":[{"href":"https:\/\/tammetorubbq.ee\/lv\/wp-json\/wp\/v2\/types\/product"}],"replies":[{"embeddable":true,"href":"https:\/\/tammetorubbq.ee\/lv\/wp-json\/wp\/v2\/comments?post=2491"}],"wp:featuredmedia":[{"embeddable":true,"href":"https:\/\/tammetorubbq.ee\/lv\/wp-json\/wp\/v2\/media\/2492"}],"wp:attachment":[{"href":"https:\/\/tammetorubbq.ee\/lv\/wp-json\/wp\/v2\/media?parent=2491"}],"wp:term":[{"taxonomy":"pwb-brand","embeddable":true,"href":"https:\/\/tammetorubbq.ee\/lv\/wp-json\/wp\/v2\/pwb-brand?post=2491"},{"taxonomy":"product_brand","embeddable":true,"href":"https:\/\/tammetorubbq.ee\/lv\/wp-json\/wp\/v2\/product_brand?post=2491"},{"taxonomy":"product_cat","embeddable":true,"href":"https:\/\/tammetorubbq.ee\/lv\/wp-json\/wp\/v2\/product_cat?post=2491"},{"taxonomy":"product_tag","embeddable":true,"href":"https:\/\/tammetorubbq.ee\/lv\/wp-json\/wp\/v2\/product_tag?post=2491"}],"curies":[{"name":"wp","href":"https:\/\/api.w.org\/{rel}","templated":true}]}}